{"id":148818,"date":"2022-05-19T03:11:47","date_gmt":"2025-05-04T15:36:31","guid":{"rendered":"https:\/\/kingarms.ee\/product\/mid-cap-120-vnt-polimeriniu-juodos-spalvos-soviniu-skirtu-ak-el\/"},"modified":"2025-05-04T18:36:31","modified_gmt":"2025-05-04T15:36:31","slug":"mid-cap-120-vnt-polimeriniu-juodos-spalvos-soviniu-skirtu-ak-el","status":"publish","type":"product","link":"https:\/\/kingarms.ee\/lt\/product\/mid-cap-120-vnt-polimeriniu-juodos-spalvos-soviniu-skirtu-ak-el\/","title":{"rendered":"Mid-Cap 120 vnt. polimerini\u0173 juodos spalvos \u0161ovini\u0173, skirt\u0173 AK E&amp;L"},"content":{"rendered":"","protected":false},"excerpt":{"rendered":"<p>Mid-Cap 120 vnt. polimerini\u0173 juodos spalvos \u0161ovini\u0173, skirt\u0173 AK E&amp;L<\/p>\n<p>120 RUNG\u010cI\u0172<br \/>\nPOLIMERIN\u0116 KONSTRUKCIJA<br \/>\nTINKA AK SERIJOS ELEKTRINIAMS \u0160AUTUVAMS<br \/>\nSvoris 130 g<\/p>\n","protected":false},"featured_media":120204,"template":"","meta":{"_acf_changed":false},"product_brand":[],"product_cat":[1199,1198],"product_tag":[],"class_list":{"0":"post-148818","1":"product","2":"type-product","3":"status-publish","4":"has-post-thumbnail","6":"product_cat-airsoft-lt","7":"product_cat-cheaters-ir-kisenes","9":"first","10":"instock","11":"purchasable","12":"product-type-simple"},"acf":[],"_links":{"self":[{"href":"https:\/\/kingarms.ee\/lt\/wp-json\/wp\/v2\/product\/148818","targetHints":{"allow":["GET"]}}],"collection":[{"href":"https:\/\/kingarms.ee\/lt\/wp-json\/wp\/v2\/product"}],"about":[{"href":"https:\/\/kingarms.ee\/lt\/wp-json\/wp\/v2\/types\/product"}],"wp:featuredmedia":[{"embeddable":true,"href":"https:\/\/kingarms.ee\/lt\/wp-json\/wp\/v2\/media\/120204"}],"wp:attachment":[{"href":"https:\/\/kingarms.ee\/lt\/wp-json\/wp\/v2\/media?parent=148818"}],"wp:term":[{"taxonomy":"product_brand","embeddable":true,"href":"https:\/\/kingarms.ee\/lt\/wp-json\/wp\/v2\/product_brand?post=148818"},{"taxonomy":"product_cat","embeddable":true,"href":"https:\/\/kingarms.ee\/lt\/wp-json\/wp\/v2\/product_cat?post=148818"},{"taxonomy":"product_tag","embeddable":true,"href":"https:\/\/kingarms.ee\/lt\/wp-json\/wp\/v2\/product_tag?post=148818"}],"curies":[{"name":"wp","href":"https:\/\/api.w.org\/{rel}","templated":true}]}}