{"id":148828,"date":"2022-05-19T03:11:47","date_gmt":"2025-05-04T15:49:44","guid":{"rendered":"https:\/\/kingarms.ee\/product\/snaiperio-sautuvas-juodas-gerai\/"},"modified":"2025-05-04T18:49:44","modified_gmt":"2025-05-04T15:49:44","slug":"snaiperio-sautuvas-juodas-gerai","status":"publish","type":"product","link":"https:\/\/kingarms.ee\/lt\/product\/snaiperio-sautuvas-juodas-gerai\/","title":{"rendered":"SNAIPERIO \u0160AUTUVAS JUODAS [GERAI]"},"content":{"rendered":"","protected":false},"excerpt":{"rendered":"<p>Snaiperio lygiavamzdis \u0161autuvas juodas [gerai]<\/p>\n<p>Snaiperio \u0161autuvas<br \/>\nSustiprintas polimerinis korpusas<br \/>\nMetalinis i\u0161orinis vamzdis ir vir\u0161utin\u0117 imtuvo dalis<br \/>\nSulankstoma polimerin\u0117 apkaba su reguliuojamu skruostikauliu<br \/>\nSulankstomas, reguliuojamas ir nuimamas metalinis dvia\u0161menis<br \/>\n30 \u0161ovini\u0173 metalinis d\u0117klas su ma\u017ea talpa<br \/>\nVir\u0161utinis standartinis 20 mm b\u0117gis<br \/>\nPolimerinis stovas su 4x standartiniais 20 mm b\u0117geliais<br \/>\nMetaliniai strop\u0173 laikikliai<br \/>\n\u012etrauktas ne\u0161iojimo dir\u017eas<br \/>\nReguliuojamas \u0161uolis auk\u0161tyn<\/p>\n<p>\u0160audymo re\u017eimas: saugus ir vieno \u0161\u016bvio<br \/>\nIlgis 960 mm &#8211; 1850 mm<br \/>\nSvoris 4300 g<\/p>\n","protected":false},"featured_media":120247,"template":"","meta":{"_acf_changed":false},"product_brand":[],"product_cat":[1141],"product_tag":[],"class_list":{"0":"post-148828","1":"product","2":"type-product","3":"status-publish","4":"has-post-thumbnail","6":"product_cat-snaiperio-sautuvai","8":"first","9":"onbackorder","10":"sale","11":"product-type-simple"},"acf":[],"_links":{"self":[{"href":"https:\/\/kingarms.ee\/lt\/wp-json\/wp\/v2\/product\/148828","targetHints":{"allow":["GET"]}}],"collection":[{"href":"https:\/\/kingarms.ee\/lt\/wp-json\/wp\/v2\/product"}],"about":[{"href":"https:\/\/kingarms.ee\/lt\/wp-json\/wp\/v2\/types\/product"}],"wp:featuredmedia":[{"embeddable":true,"href":"https:\/\/kingarms.ee\/lt\/wp-json\/wp\/v2\/media\/120247"}],"wp:attachment":[{"href":"https:\/\/kingarms.ee\/lt\/wp-json\/wp\/v2\/media?parent=148828"}],"wp:term":[{"taxonomy":"product_brand","embeddable":true,"href":"https:\/\/kingarms.ee\/lt\/wp-json\/wp\/v2\/product_brand?post=148828"},{"taxonomy":"product_cat","embeddable":true,"href":"https:\/\/kingarms.ee\/lt\/wp-json\/wp\/v2\/product_cat?post=148828"},{"taxonomy":"product_tag","embeddable":true,"href":"https:\/\/kingarms.ee\/lt\/wp-json\/wp\/v2\/product_tag?post=148828"}],"curies":[{"name":"wp","href":"https:\/\/api.w.org\/{rel}","templated":true}]}}