{"id":148831,"date":"2022-05-19T03:11:36","date_gmt":"2025-05-04T15:53:56","guid":{"rendered":"https:\/\/kingarms.ee\/product\/snaiperio-sautuvas-striker-as-1-ameba\/"},"modified":"2025-05-04T18:53:56","modified_gmt":"2025-05-04T15:53:56","slug":"snaiperio-sautuvas-striker-as-1-ameba","status":"publish","type":"product","link":"https:\/\/kingarms.ee\/lt\/product\/snaiperio-sautuvas-striker-as-1-ameba\/","title":{"rendered":"SNAIPERIO \u0160AUTUVAS STRIKER AS-1 AMEBA"},"content":{"rendered":"","protected":false},"excerpt":{"rendered":"<p>SNAIPERIO \u0160AUTUVAS STRIKER AS-1 AMEBA<\/p>\n<p>U\u017eraktas<br \/>\n45 \u0161ovini\u0173 \u017eurnalas<br \/>\nM-lok rankin\u0117 apsauga<br \/>\nNailono pluo\u0161to korpusas<br \/>\nMetalinis vamzdis, vir\u0161utin\u0117 b\u0117gio dalis, spragtukas ir svirtis<br \/>\nParuo\u0161imo \u0161audyti indikatorius<br \/>\nAkumuliatorius su pe\u010di\u0173 atrama<br \/>\nReguliuojamas \u0161uolis auk\u0161tyn<\/p>\n<p>Saugos u\u017eraktas, vienas \u0161\u016bvis<br \/>\nSkyrelis su montavimo ir reguliavimo raktais<br \/>\nIlgis 860 mm<br \/>\nSvoris 2200 g<\/p>\n","protected":false},"featured_media":120258,"template":"","meta":{"_acf_changed":false},"product_brand":[],"product_cat":[1141],"product_tag":[],"class_list":{"0":"post-148831","1":"product","2":"type-product","3":"status-publish","4":"has-post-thumbnail","6":"product_cat-snaiperio-sautuvai","8":"first","9":"onbackorder","10":"product-type-simple"},"acf":[],"_links":{"self":[{"href":"https:\/\/kingarms.ee\/lt\/wp-json\/wp\/v2\/product\/148831","targetHints":{"allow":["GET"]}}],"collection":[{"href":"https:\/\/kingarms.ee\/lt\/wp-json\/wp\/v2\/product"}],"about":[{"href":"https:\/\/kingarms.ee\/lt\/wp-json\/wp\/v2\/types\/product"}],"wp:featuredmedia":[{"embeddable":true,"href":"https:\/\/kingarms.ee\/lt\/wp-json\/wp\/v2\/media\/120258"}],"wp:attachment":[{"href":"https:\/\/kingarms.ee\/lt\/wp-json\/wp\/v2\/media?parent=148831"}],"wp:term":[{"taxonomy":"product_brand","embeddable":true,"href":"https:\/\/kingarms.ee\/lt\/wp-json\/wp\/v2\/product_brand?post=148831"},{"taxonomy":"product_cat","embeddable":true,"href":"https:\/\/kingarms.ee\/lt\/wp-json\/wp\/v2\/product_cat?post=148831"},{"taxonomy":"product_tag","embeddable":true,"href":"https:\/\/kingarms.ee\/lt\/wp-json\/wp\/v2\/product_tag?post=148831"}],"curies":[{"name":"wp","href":"https:\/\/api.w.org\/{rel}","templated":true}]}}