{"id":148835,"date":"2022-05-19T03:11:36","date_gmt":"2025-05-05T06:55:08","guid":{"rendered":"https:\/\/kingarms.ee\/product\/snaiperio-sautuvo-uzraktas-ameba\/"},"modified":"2025-05-05T09:55:08","modified_gmt":"2025-05-05T06:55:08","slug":"snaiperio-sautuvo-uzraktas-ameba","status":"publish","type":"product","link":"https:\/\/kingarms.ee\/lt\/product\/snaiperio-sautuvo-uzraktas-ameba\/","title":{"rendered":"SNAIPERIO \u0160AUTUVO U\u017dRAKTAS [AMEBA]"},"content":{"rendered":"","protected":false},"excerpt":{"rendered":"<p>Snaiperio \u0161autuvo u\u017eraktas [ameba]<\/p>\n<p>Pavasarinis maitinimas<br \/>\nNauja 2 kartos vir\u0161utin\u0117 imtuvo dalis<br \/>\nMa\u017eo t\u016brio 45 \u0161ovini\u0173 \u017eurnalas<br \/>\nViso ilgio standartinis 20 mm vir\u0161utinis b\u0117gis<br \/>\nReguliuojamas gaidukas<br \/>\nTaktin\u0117 atrama su reguliuojamu skruostikauliu ir u\u017epakaline dalimi su<br \/>\nAtsargin\u0117 d\u0117tuv\u0117<br \/>\nReguliuojamas \u0161uolis auk\u0161tyn<\/p>\n<p>Suderinama su serijos kaip dalimis<br \/>\nIlgis 1070 mm<br \/>\nSvoris 3000g<\/p>\n","protected":false},"featured_media":120274,"template":"","meta":{"_acf_changed":false},"product_brand":[],"product_cat":[1141],"product_tag":[],"class_list":{"0":"post-148835","1":"product","2":"type-product","3":"status-publish","4":"has-post-thumbnail","6":"product_cat-snaiperio-sautuvai","8":"first","9":"onbackorder","10":"product-type-simple"},"acf":[],"_links":{"self":[{"href":"https:\/\/kingarms.ee\/lt\/wp-json\/wp\/v2\/product\/148835","targetHints":{"allow":["GET"]}}],"collection":[{"href":"https:\/\/kingarms.ee\/lt\/wp-json\/wp\/v2\/product"}],"about":[{"href":"https:\/\/kingarms.ee\/lt\/wp-json\/wp\/v2\/types\/product"}],"wp:featuredmedia":[{"embeddable":true,"href":"https:\/\/kingarms.ee\/lt\/wp-json\/wp\/v2\/media\/120274"}],"wp:attachment":[{"href":"https:\/\/kingarms.ee\/lt\/wp-json\/wp\/v2\/media?parent=148835"}],"wp:term":[{"taxonomy":"product_brand","embeddable":true,"href":"https:\/\/kingarms.ee\/lt\/wp-json\/wp\/v2\/product_brand?post=148835"},{"taxonomy":"product_cat","embeddable":true,"href":"https:\/\/kingarms.ee\/lt\/wp-json\/wp\/v2\/product_cat?post=148835"},{"taxonomy":"product_tag","embeddable":true,"href":"https:\/\/kingarms.ee\/lt\/wp-json\/wp\/v2\/product_tag?post=148835"}],"curies":[{"name":"wp","href":"https:\/\/api.w.org\/{rel}","templated":true}]}}