{"id":148851,"date":"2022-05-17T23:10:00","date_gmt":"2025-05-05T07:13:27","guid":{"rendered":"https:\/\/kingarms.ee\/product\/sulankstomas-ir-istraukiamas-dviasmenis-6-9-coliu-didelis-drakonas\/"},"modified":"2025-05-05T10:13:27","modified_gmt":"2025-05-05T07:13:27","slug":"sulankstomas-ir-istraukiamas-dviasmenis-6-9-coliu-didelis-drakonas","status":"publish","type":"product","link":"https:\/\/kingarms.ee\/lt\/product\/sulankstomas-ir-istraukiamas-dviasmenis-6-9-coliu-didelis-drakonas\/","title":{"rendered":"SULANKSTOMAS IR I\u0160TRAUKIAMAS DVIA\u0160MENIS 6-9 COLI\u0172 DIDELIS DRAKONAS"},"content":{"rendered":"","protected":false},"excerpt":{"rendered":"<p>SULANKSTOMAS IR I\u0160TRAUKIAMAS DVIA\u0160MENIS 6-9 COLI\u0172 DIDELIS DRAKONAS<\/p>\n<p>Aliumininis dvia\u0161menis laikiklis, skirtas standartin\u0117ms 20 mm b\u0117geliams<br \/>\nSulankstomas ir i\u0161ple\u010diamas<br \/>\nReguliuojamas rank\u0173 auk\u0161tis 15,5 cm &#8211; 23 cm<br \/>\nGalimi tarpiniai auk\u0161\u010diai<br \/>\nGreito prat\u0119simo spyruokl\u0117<br \/>\nSvoris 260 g<\/p>\n","protected":false},"featured_media":119941,"template":"","meta":{"_acf_changed":false},"product_brand":[],"product_cat":[1178,1177],"product_tag":[],"class_list":{"0":"post-148851","1":"product","2":"type-product","3":"status-publish","4":"has-post-thumbnail","6":"product_cat-bipodai","7":"product_cat-rankos-rankenos","9":"first","10":"instock","11":"purchasable","12":"product-type-simple"},"acf":[],"_links":{"self":[{"href":"https:\/\/kingarms.ee\/lt\/wp-json\/wp\/v2\/product\/148851","targetHints":{"allow":["GET"]}}],"collection":[{"href":"https:\/\/kingarms.ee\/lt\/wp-json\/wp\/v2\/product"}],"about":[{"href":"https:\/\/kingarms.ee\/lt\/wp-json\/wp\/v2\/types\/product"}],"wp:featuredmedia":[{"embeddable":true,"href":"https:\/\/kingarms.ee\/lt\/wp-json\/wp\/v2\/media\/119941"}],"wp:attachment":[{"href":"https:\/\/kingarms.ee\/lt\/wp-json\/wp\/v2\/media?parent=148851"}],"wp:term":[{"taxonomy":"product_brand","embeddable":true,"href":"https:\/\/kingarms.ee\/lt\/wp-json\/wp\/v2\/product_brand?post=148851"},{"taxonomy":"product_cat","embeddable":true,"href":"https:\/\/kingarms.ee\/lt\/wp-json\/wp\/v2\/product_cat?post=148851"},{"taxonomy":"product_tag","embeddable":true,"href":"https:\/\/kingarms.ee\/lt\/wp-json\/wp\/v2\/product_tag?post=148851"}],"curies":[{"name":"wp","href":"https:\/\/api.w.org\/{rel}","templated":true}]}}