{"id":148858,"date":"2022-05-17T23:10:00","date_gmt":"2025-05-05T07:27:44","guid":{"rendered":"https:\/\/kingarms.ee\/product\/elektrinis-sautuvas-am-016-juodas-ameba\/"},"modified":"2025-05-05T10:27:44","modified_gmt":"2025-05-05T07:27:44","slug":"elektrinis-sautuvas-am-016-juodas-ameba","status":"publish","type":"product","link":"https:\/\/kingarms.ee\/lt\/product\/elektrinis-sautuvas-am-016-juodas-ameba\/","title":{"rendered":"ELEKTRINIS \u0160AUTUVAS AM-016 JUODAS [AMEBA]"},"content":{"rendered":"","protected":false},"excerpt":{"rendered":"<p>Elektrinis \u0161autuvas am-016 juodas [ameba]<\/p>\n<p>Sustiprintas nailono pluo\u0161to apatinis imtuvas<br \/>\nCnc aliuminio octarms keymod 13,5 coli\u0173 rankin\u0117 apsauga<br \/>\nMetalin\u0117 efcs pavar\u0173 d\u0117\u017e\u0117 ir metaliniai vidiniai krumpliara\u010diai<br \/>\nKompakti\u0161kas i\u0161traukiamas inventorius ameba rcs<br \/>\nPistoleto rankena ameba pro<br \/>\nApver\u010diami taikikliai<\/p>\n<p>Reguliuojamas \u0161uolis auk\u0161tyn<\/p>\n<p>Didelio sukimo momento plok\u0161\u010dias variklis<br \/>\nHi-cap \u017eurnalas 300 \u0161ovini\u0173<br \/>\nSaugos u\u017eraktas, vienkartinis \u0161\u016bvis ir serija<br \/>\nUgnies re\u017eim\u0105 galima pritaikyti elektroniniu pavar\u0173 d\u0117\u017e\u0117s programatoriumi (\u012f komplekt\u0105 ne\u012feina)<br \/>\nIlgis 720-820 mm<br \/>\nSvoris 2440 g<\/p>\n","protected":false},"featured_media":120117,"template":"","meta":{"_acf_changed":false},"product_brand":[],"product_cat":[1139],"product_tag":[1318],"class_list":{"0":"post-148858","1":"product","2":"type-product","3":"status-publish","4":"has-post-thumbnail","6":"product_cat-elektro-pneumatiniai-ginklai","7":"product_tag-4blss3ph-lt","9":"first","10":"instock","11":"sale","12":"purchasable","13":"product-type-simple"},"acf":[],"_links":{"self":[{"href":"https:\/\/kingarms.ee\/lt\/wp-json\/wp\/v2\/product\/148858","targetHints":{"allow":["GET"]}}],"collection":[{"href":"https:\/\/kingarms.ee\/lt\/wp-json\/wp\/v2\/product"}],"about":[{"href":"https:\/\/kingarms.ee\/lt\/wp-json\/wp\/v2\/types\/product"}],"wp:featuredmedia":[{"embeddable":true,"href":"https:\/\/kingarms.ee\/lt\/wp-json\/wp\/v2\/media\/120117"}],"wp:attachment":[{"href":"https:\/\/kingarms.ee\/lt\/wp-json\/wp\/v2\/media?parent=148858"}],"wp:term":[{"taxonomy":"product_brand","embeddable":true,"href":"https:\/\/kingarms.ee\/lt\/wp-json\/wp\/v2\/product_brand?post=148858"},{"taxonomy":"product_cat","embeddable":true,"href":"https:\/\/kingarms.ee\/lt\/wp-json\/wp\/v2\/product_cat?post=148858"},{"taxonomy":"product_tag","embeddable":true,"href":"https:\/\/kingarms.ee\/lt\/wp-json\/wp\/v2\/product_tag?post=148858"}],"curies":[{"name":"wp","href":"https:\/\/api.w.org\/{rel}","templated":true}]}}