{"id":148860,"date":"2022-05-17T23:10:00","date_gmt":"2025-05-05T07:30:15","guid":{"rendered":"https:\/\/kingarms.ee\/product\/elektrinis-sautuvas-am-014-ameba\/"},"modified":"2025-05-05T10:30:15","modified_gmt":"2025-05-05T07:30:15","slug":"elektrinis-sautuvas-am-014-ameba","status":"publish","type":"product","link":"https:\/\/kingarms.ee\/lt\/product\/elektrinis-sautuvas-am-014-ameba\/","title":{"rendered":"ELEKTRINIS \u0160AUTUVAS AM-014 AMEBA"},"content":{"rendered":"","protected":false},"excerpt":{"rendered":"<p>ELEKTRINIS \u0160AUTUVAS AM-014 AMEBA<\/p>\n<p>Nailono pluo\u0161to vir\u0161utin\u0117 ir apatin\u0117 imtuvo dalys<br \/>\nAliuminio priekin\u0117 dalis ir cilindras<br \/>\nMetalin\u0117 pavar\u0173 d\u0117\u017e\u0117 ir vidiniai krumpliara\u010diai<br \/>\nI\u0161ple\u010diamas nailono pluo\u0161to inventorius<br \/>\n300 \u0161ovini\u0173 \u017eurnalas<br \/>\nSaugus, vienkartinis ir automatinis \u0161\u016bvis<br \/>\nUgnies re\u017eim\u0105 galima pritaikyti naudojant i\u0161orin\u012f elektronin\u012f programatori\u0173 (ne\u012ftrauktas \u012f komplekt\u0105)programmatore esterno (non incluso)<br \/>\nReguliuojamas \u0161uolis auk\u0161tyn<\/p>\n<p>Didelio sukimo momento plok\u0161\u010dias variklis<br \/>\nIlgis 680\/790 mm<br \/>\nSvoris 2400 g<\/p>\n","protected":false},"featured_media":119981,"template":"","meta":{"_acf_changed":false},"product_brand":[],"product_cat":[1139],"product_tag":[1318],"class_list":{"0":"post-148860","1":"product","2":"type-product","3":"status-publish","4":"has-post-thumbnail","6":"product_cat-elektro-pneumatiniai-ginklai","7":"product_tag-4blss3ph-lt","9":"first","10":"onbackorder","11":"product-type-simple"},"acf":[],"_links":{"self":[{"href":"https:\/\/kingarms.ee\/lt\/wp-json\/wp\/v2\/product\/148860","targetHints":{"allow":["GET"]}}],"collection":[{"href":"https:\/\/kingarms.ee\/lt\/wp-json\/wp\/v2\/product"}],"about":[{"href":"https:\/\/kingarms.ee\/lt\/wp-json\/wp\/v2\/types\/product"}],"wp:featuredmedia":[{"embeddable":true,"href":"https:\/\/kingarms.ee\/lt\/wp-json\/wp\/v2\/media\/119981"}],"wp:attachment":[{"href":"https:\/\/kingarms.ee\/lt\/wp-json\/wp\/v2\/media?parent=148860"}],"wp:term":[{"taxonomy":"product_brand","embeddable":true,"href":"https:\/\/kingarms.ee\/lt\/wp-json\/wp\/v2\/product_brand?post=148860"},{"taxonomy":"product_cat","embeddable":true,"href":"https:\/\/kingarms.ee\/lt\/wp-json\/wp\/v2\/product_cat?post=148860"},{"taxonomy":"product_tag","embeddable":true,"href":"https:\/\/kingarms.ee\/lt\/wp-json\/wp\/v2\/product_tag?post=148860"}],"curies":[{"name":"wp","href":"https:\/\/api.w.org\/{rel}","templated":true}]}}