{"id":148864,"date":"2022-05-17T23:10:00","date_gmt":"2022-05-17T20:10:00","guid":{"rendered":"https:\/\/kingarms.ee\/product\/elektrinis-sautuvas-m4-45-s-klases-pistoletas-ares-2\/"},"modified":"2025-05-05T10:34:40","modified_gmt":"2025-05-05T07:34:40","slug":"elektrinis-sautuvas-m4-45-s-klases-pistoletas-ares-2","status":"publish","type":"product","link":"https:\/\/kingarms.ee\/lt\/product\/elektrinis-sautuvas-m4-45-s-klases-pistoletas-ares-2\/","title":{"rendered":"ELEKTRINIS \u0160AUTUVAS M4 45 S KLAS\u0116S PISTOLETAS [ARES]"},"content":{"rendered":"","protected":false},"excerpt":{"rendered":"<p>Elektrinis \u0161autuvas m4 45 s klas\u0117s pistoletas [ares]<\/p>\n<p>M4 45 pistoletas s klas\u0117s s<br \/>\nAbs k\u016bnas<br \/>\nMetalin\u0117 pavar\u0173 d\u0117\u017e\u0117<br \/>\nAliuminio rankin\u0117 apsauga<br \/>\nI\u0161traukiamos atsargos<\/p>\n<p>Dvigubas 55 ir 125 \u0161ovini\u0173 \u017eurnalas<br \/>\nDidelio sukimo momento variklis<br \/>\nDvipusis ugnies selektorius<br \/>\nApver\u010diami taikikliai<\/p>\n<p>Ilgis 495-585 mm<br \/>\nSvoris 1970 g<\/p>\n","protected":false},"featured_media":120124,"template":"","meta":{"_acf_changed":false},"product_brand":[],"product_cat":[1139],"product_tag":[1318],"class_list":{"0":"post-148864","1":"product","2":"type-product","3":"status-publish","4":"has-post-thumbnail","6":"product_cat-elektro-pneumatiniai-ginklai","7":"product_tag-4blss3ph-lt","9":"first","10":"instock","11":"sale","12":"purchasable","13":"product-type-simple"},"acf":[],"_links":{"self":[{"href":"https:\/\/kingarms.ee\/lt\/wp-json\/wp\/v2\/product\/148864","targetHints":{"allow":["GET"]}}],"collection":[{"href":"https:\/\/kingarms.ee\/lt\/wp-json\/wp\/v2\/product"}],"about":[{"href":"https:\/\/kingarms.ee\/lt\/wp-json\/wp\/v2\/types\/product"}],"wp:featuredmedia":[{"embeddable":true,"href":"https:\/\/kingarms.ee\/lt\/wp-json\/wp\/v2\/media\/120124"}],"wp:attachment":[{"href":"https:\/\/kingarms.ee\/lt\/wp-json\/wp\/v2\/media?parent=148864"}],"wp:term":[{"taxonomy":"product_brand","embeddable":true,"href":"https:\/\/kingarms.ee\/lt\/wp-json\/wp\/v2\/product_brand?post=148864"},{"taxonomy":"product_cat","embeddable":true,"href":"https:\/\/kingarms.ee\/lt\/wp-json\/wp\/v2\/product_cat?post=148864"},{"taxonomy":"product_tag","embeddable":true,"href":"https:\/\/kingarms.ee\/lt\/wp-json\/wp\/v2\/product_tag?post=148864"}],"curies":[{"name":"wp","href":"https:\/\/api.w.org\/{rel}","templated":true}]}}