{"id":148868,"date":"2022-05-17T23:10:00","date_gmt":"2025-05-05T07:39:15","guid":{"rendered":"https:\/\/kingarms.ee\/product\/elektrinis-sautuvas-am-009-ameba-2\/"},"modified":"2025-05-05T10:39:15","modified_gmt":"2025-05-05T07:39:15","slug":"elektrinis-sautuvas-am-009-ameba-2","status":"publish","type":"product","link":"https:\/\/kingarms.ee\/lt\/product\/elektrinis-sautuvas-am-009-ameba-2\/","title":{"rendered":"ELEKTRINIS \u0160AUTUVAS AM-009 [AMEBA]"},"content":{"rendered":"","protected":false},"excerpt":{"rendered":"<p>Elektrinis \u0161autuvas am-009 [ameba]<\/p>\n<p>Nailono pluo\u0161to korpusas<br \/>\nMetalin\u0117 efcs pavar\u0173 d\u0117\u017e\u0117 ir metaliniai vidiniai krumpliara\u010diai<br \/>\nAliuminio rankin\u0117 su 4 b\u0117geliais<br \/>\nAliuminio i\u0161orinis vamzdis<br \/>\n\u012etraukiamas nailono pluo\u0161to u\u017etaisas (\u0161e\u0161i\u0173 pakop\u0173 i\u0161traukiamas)<br \/>\n\u017diniatinklio talpa 300 \u0161ovini\u0173<br \/>\nReguliuojamas \u0161uolis auk\u0161tyn<\/p>\n<p>Didelio sukimo momento plok\u0161\u010dias variklis<br \/>\nSaugos u\u017eraktas, vienkartinis \u0161\u016bvis ir serija<br \/>\nElektronin\u0117 degimo valdymo sistema su esternal programatoriumi (ne\u012feina \u012f komplekt\u0105)<br \/>\nSvoris 2600 g<br \/>\nIlgis 780 mm \/ 840 mm<br \/>\nRaudona blykst\u0117s sl\u0117ptuv\u0117 su juoda aliuminio blykst\u0117s sl\u0117ptuve<br \/>\nBaterija ir akumuliatoriaus \u012fkroviklis ne\u012fskai\u010diuoti<\/p>\n","protected":false},"featured_media":120132,"template":"","meta":{"_acf_changed":false},"product_brand":[],"product_cat":[1139],"product_tag":[1318],"class_list":{"0":"post-148868","1":"product","2":"type-product","3":"status-publish","4":"has-post-thumbnail","6":"product_cat-elektro-pneumatiniai-ginklai","7":"product_tag-4blss3ph-lt","9":"first","10":"instock","11":"sale","12":"purchasable","13":"product-type-simple"},"acf":[],"_links":{"self":[{"href":"https:\/\/kingarms.ee\/lt\/wp-json\/wp\/v2\/product\/148868","targetHints":{"allow":["GET"]}}],"collection":[{"href":"https:\/\/kingarms.ee\/lt\/wp-json\/wp\/v2\/product"}],"about":[{"href":"https:\/\/kingarms.ee\/lt\/wp-json\/wp\/v2\/types\/product"}],"wp:featuredmedia":[{"embeddable":true,"href":"https:\/\/kingarms.ee\/lt\/wp-json\/wp\/v2\/media\/120132"}],"wp:attachment":[{"href":"https:\/\/kingarms.ee\/lt\/wp-json\/wp\/v2\/media?parent=148868"}],"wp:term":[{"taxonomy":"product_brand","embeddable":true,"href":"https:\/\/kingarms.ee\/lt\/wp-json\/wp\/v2\/product_brand?post=148868"},{"taxonomy":"product_cat","embeddable":true,"href":"https:\/\/kingarms.ee\/lt\/wp-json\/wp\/v2\/product_cat?post=148868"},{"taxonomy":"product_tag","embeddable":true,"href":"https:\/\/kingarms.ee\/lt\/wp-json\/wp\/v2\/product_tag?post=148868"}],"curies":[{"name":"wp","href":"https:\/\/api.w.org\/{rel}","templated":true}]}}