{"id":148884,"date":"2022-05-16T16:37:48","date_gmt":"2025-05-05T08:00:07","guid":{"rendered":"https:\/\/kingarms.ee\/product\/sw-04k-snaiperio-sautuvo-replika-well\/"},"modified":"2025-05-05T11:00:07","modified_gmt":"2025-05-05T08:00:07","slug":"sw-04k-snaiperio-sautuvo-replika-well","status":"publish","type":"product","link":"https:\/\/kingarms.ee\/lt\/product\/sw-04k-snaiperio-sautuvo-replika-well\/","title":{"rendered":"SW-04K snaiperio \u0161autuvo replika WELL"},"content":{"rendered":"","protected":false},"excerpt":{"rendered":"<p>SW-04K snaiperio \u0161autuvo replika WELL<\/p>\n<p>Greitis [FPS] ~350<br \/>\nGaisro tipas: Vienas<br \/>\nIlgis [mm] 1100<br \/>\nVidinis cilindro ilgis [mm] 515<br \/>\nSvoris [g] 3200<br \/>\n\u017durnalo tipas: \u017durnalas su ma\u017eu dangteliu<br \/>\n\u017durnal\u0173 talpa [vnt] 20<br \/>\n&#8220;Hop-Up&#8221;: Taip<br \/>\nPagaminta i\u0161 plastiko ir metalo<br \/>\nVaromoji j\u0117ga \/ varoma spyruokle<\/p>\n","protected":false},"featured_media":119867,"template":"","meta":{"_acf_changed":false},"product_brand":[],"product_cat":[1141],"product_tag":[],"class_list":{"0":"post-148884","1":"product","2":"type-product","3":"status-publish","4":"has-post-thumbnail","6":"product_cat-snaiperio-sautuvai","8":"first","9":"onbackorder","10":"product-type-simple"},"acf":[],"_links":{"self":[{"href":"https:\/\/kingarms.ee\/lt\/wp-json\/wp\/v2\/product\/148884","targetHints":{"allow":["GET"]}}],"collection":[{"href":"https:\/\/kingarms.ee\/lt\/wp-json\/wp\/v2\/product"}],"about":[{"href":"https:\/\/kingarms.ee\/lt\/wp-json\/wp\/v2\/types\/product"}],"wp:featuredmedia":[{"embeddable":true,"href":"https:\/\/kingarms.ee\/lt\/wp-json\/wp\/v2\/media\/119867"}],"wp:attachment":[{"href":"https:\/\/kingarms.ee\/lt\/wp-json\/wp\/v2\/media?parent=148884"}],"wp:term":[{"taxonomy":"product_brand","embeddable":true,"href":"https:\/\/kingarms.ee\/lt\/wp-json\/wp\/v2\/product_brand?post=148884"},{"taxonomy":"product_cat","embeddable":true,"href":"https:\/\/kingarms.ee\/lt\/wp-json\/wp\/v2\/product_cat?post=148884"},{"taxonomy":"product_tag","embeddable":true,"href":"https:\/\/kingarms.ee\/lt\/wp-json\/wp\/v2\/product_tag?post=148884"}],"curies":[{"name":"wp","href":"https:\/\/api.w.org\/{rel}","templated":true}]}}