{"id":148892,"date":"2022-05-16T16:37:48","date_gmt":"2025-05-05T08:10:42","guid":{"rendered":"https:\/\/kingarms.ee\/product\/acp601-pistoleto-replika-su-caribe-konversijos-rinkiniu-aps\/"},"modified":"2025-05-05T11:10:42","modified_gmt":"2025-05-05T08:10:42","slug":"acp601-pistoleto-replika-su-caribe-konversijos-rinkiniu-aps","status":"publish","type":"product","link":"https:\/\/kingarms.ee\/lt\/product\/acp601-pistoleto-replika-su-caribe-konversijos-rinkiniu-aps\/","title":{"rendered":"ACP601 pistoleto replika su &#8220;Caribe&#8221; konversijos rinkiniu [APS]"},"content":{"rendered":"","protected":false},"excerpt":{"rendered":"<p>ACP601 pistoleto replika su &#8220;Caribe&#8221; konversijos rinkiniu [APS]<\/p>\n<p>Greitis [FPS] ~380<br \/>\nGaisro tipas:Vienkartinis<br \/>\nD\u0142ugo\u015b\u0107 repliki [mm] 500-560<br \/>\nSvoris [g] 2030 m.<br \/>\n\u017durnal\u0173 talpa [vnt] 23<br \/>\n&#8220;Hop-Up&#8221;: Taip<br \/>\nAtsitraukimas: Taip<br \/>\nPagaminta i\u0161 plastiko ir metalo<br \/>\nB\u016bgno sriegio tipas N\u0117ra<\/p>\n","protected":false},"featured_media":119915,"template":"","meta":{"_acf_changed":false},"product_brand":[],"product_cat":[1138,1139],"product_tag":[],"class_list":{"0":"post-148892","1":"product","2":"type-product","3":"status-publish","4":"has-post-thumbnail","6":"product_cat-airsoft-pistols","7":"product_cat-elektro-pneumatiniai-ginklai","9":"first","10":"instock","11":"sale","12":"purchasable","13":"product-type-simple"},"acf":[],"_links":{"self":[{"href":"https:\/\/kingarms.ee\/lt\/wp-json\/wp\/v2\/product\/148892","targetHints":{"allow":["GET"]}}],"collection":[{"href":"https:\/\/kingarms.ee\/lt\/wp-json\/wp\/v2\/product"}],"about":[{"href":"https:\/\/kingarms.ee\/lt\/wp-json\/wp\/v2\/types\/product"}],"wp:featuredmedia":[{"embeddable":true,"href":"https:\/\/kingarms.ee\/lt\/wp-json\/wp\/v2\/media\/119915"}],"wp:attachment":[{"href":"https:\/\/kingarms.ee\/lt\/wp-json\/wp\/v2\/media?parent=148892"}],"wp:term":[{"taxonomy":"product_brand","embeddable":true,"href":"https:\/\/kingarms.ee\/lt\/wp-json\/wp\/v2\/product_brand?post=148892"},{"taxonomy":"product_cat","embeddable":true,"href":"https:\/\/kingarms.ee\/lt\/wp-json\/wp\/v2\/product_cat?post=148892"},{"taxonomy":"product_tag","embeddable":true,"href":"https:\/\/kingarms.ee\/lt\/wp-json\/wp\/v2\/product_tag?post=148892"}],"curies":[{"name":"wp","href":"https:\/\/api.w.org\/{rel}","templated":true}]}}