{"id":148893,"date":"2022-05-16T15:06:40","date_gmt":"2025-05-05T08:13:21","guid":{"rendered":"https:\/\/kingarms.ee\/product\/steyr-m9-a1-pistoleto-replika-asg\/"},"modified":"2025-05-05T11:13:21","modified_gmt":"2025-05-05T08:13:21","slug":"steyr-m9-a1-pistoleto-replika-asg","status":"publish","type":"product","link":"https:\/\/kingarms.ee\/lt\/product\/steyr-m9-a1-pistoleto-replika-asg\/","title":{"rendered":"Steyr M9-A1 pistoleto replika ASG"},"content":{"rendered":"","protected":false},"excerpt":{"rendered":"<p>Steyr M9-A1 pistoleto replika ASG<\/p>\n<p>Modelis: M9-A1<br \/>\nSerija: Steyr<br \/>\nPrek\u0117s \u017eenklas: ASG<br \/>\nVeiksmai: CO2<br \/>\nMed\u017eiaga: ABS<br \/>\nIlgis: 187 mm<br \/>\nSvoris: 520 gr<br \/>\nKalibras: 6 mm<br \/>\nGalia: 2 j<br \/>\nGreitis: 463 fps (ma\u017edaug 0,20 gr \u0161ovini\u0173)<br \/>\n\u017durnalas: 14 kamuoliuk\u0173<br \/>\nPapildomas \u017eurnalas: 16091<\/p>\n","protected":false},"featured_media":119775,"template":"","meta":{"_acf_changed":false},"product_brand":[],"product_cat":[1138],"product_tag":[],"class_list":{"0":"post-148893","1":"product","2":"type-product","3":"status-publish","4":"has-post-thumbnail","6":"product_cat-airsoft-pistols","8":"first","9":"onbackorder","10":"taxable","11":"shipping-taxable","12":"product-type-simple"},"acf":[],"_links":{"self":[{"href":"https:\/\/kingarms.ee\/lt\/wp-json\/wp\/v2\/product\/148893","targetHints":{"allow":["GET"]}}],"collection":[{"href":"https:\/\/kingarms.ee\/lt\/wp-json\/wp\/v2\/product"}],"about":[{"href":"https:\/\/kingarms.ee\/lt\/wp-json\/wp\/v2\/types\/product"}],"wp:featuredmedia":[{"embeddable":true,"href":"https:\/\/kingarms.ee\/lt\/wp-json\/wp\/v2\/media\/119775"}],"wp:attachment":[{"href":"https:\/\/kingarms.ee\/lt\/wp-json\/wp\/v2\/media?parent=148893"}],"wp:term":[{"taxonomy":"product_brand","embeddable":true,"href":"https:\/\/kingarms.ee\/lt\/wp-json\/wp\/v2\/product_brand?post=148893"},{"taxonomy":"product_cat","embeddable":true,"href":"https:\/\/kingarms.ee\/lt\/wp-json\/wp\/v2\/product_cat?post=148893"},{"taxonomy":"product_tag","embeddable":true,"href":"https:\/\/kingarms.ee\/lt\/wp-json\/wp\/v2\/product_tag?post=148893"}],"curies":[{"name":"wp","href":"https:\/\/api.w.org\/{rel}","templated":true}]}}