{"id":148897,"date":"2022-05-16T15:01:03","date_gmt":"2025-05-05T08:18:12","guid":{"rendered":"https:\/\/kingarms.ee\/product\/socom-23-pistoleto-replika-tokyo-marui\/"},"modified":"2025-05-05T11:18:12","modified_gmt":"2025-05-05T08:18:12","slug":"socom-23-pistoleto-replika-tokyo-marui","status":"publish","type":"product","link":"https:\/\/kingarms.ee\/lt\/product\/socom-23-pistoleto-replika-tokyo-marui\/","title":{"rendered":"SOCOM 23 pistoleto replika Tokyo Marui"},"content":{"rendered":"","protected":false},"excerpt":{"rendered":"<p>SOCOM 23 pistoleto replika Tokyo Marui<\/p>\n<p>Greitis [FPS] ~330<br \/>\nDuj\u0173 variklis &#8211; \u017ealiosios dujos<br \/>\nGaisro tipas: Vienas<br \/>\nIlgis [mm] 245<br \/>\nSvoris [g] 990<br \/>\n\u017durnalo tipas: \u017durnalas su ma\u017eu dangteliu<br \/>\n\u017durnal\u0173 talpa [vnt] 23<br \/>\n&#8220;Hop-Up&#8221;: Taip<br \/>\nAtgalinis sm\u016bgis: Ne<br \/>\nPagaminta i\u0161 plastiko ir metalo<\/p>\n","protected":false},"featured_media":119759,"template":"","meta":{"_acf_changed":false},"product_brand":[],"product_cat":[1138],"product_tag":[],"class_list":{"0":"post-148897","1":"product","2":"type-product","3":"status-publish","4":"has-post-thumbnail","6":"product_cat-airsoft-pistols","8":"first","9":"instock","10":"sale","11":"taxable","12":"shipping-taxable","13":"purchasable","14":"product-type-simple"},"acf":[],"_links":{"self":[{"href":"https:\/\/kingarms.ee\/lt\/wp-json\/wp\/v2\/product\/148897","targetHints":{"allow":["GET"]}}],"collection":[{"href":"https:\/\/kingarms.ee\/lt\/wp-json\/wp\/v2\/product"}],"about":[{"href":"https:\/\/kingarms.ee\/lt\/wp-json\/wp\/v2\/types\/product"}],"wp:featuredmedia":[{"embeddable":true,"href":"https:\/\/kingarms.ee\/lt\/wp-json\/wp\/v2\/media\/119759"}],"wp:attachment":[{"href":"https:\/\/kingarms.ee\/lt\/wp-json\/wp\/v2\/media?parent=148897"}],"wp:term":[{"taxonomy":"product_brand","embeddable":true,"href":"https:\/\/kingarms.ee\/lt\/wp-json\/wp\/v2\/product_brand?post=148897"},{"taxonomy":"product_cat","embeddable":true,"href":"https:\/\/kingarms.ee\/lt\/wp-json\/wp\/v2\/product_cat?post=148897"},{"taxonomy":"product_tag","embeddable":true,"href":"https:\/\/kingarms.ee\/lt\/wp-json\/wp\/v2\/product_tag?post=148897"}],"curies":[{"name":"wp","href":"https:\/\/api.w.org\/{rel}","templated":true}]}}