{"id":148899,"date":"2022-05-16T14:58:44","date_gmt":"2025-05-05T08:20:31","guid":{"rendered":"https:\/\/kingarms.ee\/product\/ble-xmk-kompaktisko-pistoleto-replika-ics\/"},"modified":"2025-05-05T11:20:31","modified_gmt":"2025-05-05T08:20:31","slug":"ble-xmk-kompaktisko-pistoleto-replika-ics","status":"publish","type":"product","link":"https:\/\/kingarms.ee\/lt\/product\/ble-xmk-kompaktisko-pistoleto-replika-ics\/","title":{"rendered":"BLE-XMK kompakti\u0161ko pistoleto replika [ICS]"},"content":{"rendered":"","protected":false},"excerpt":{"rendered":"<p>BLE-XMK kompakti\u0161ko pistoleto replika [ICS]<\/p>\n<p>Greitis [FPS]: ~300<br \/>\nGaisro tipas: Vienas<br \/>\nIlgis [mm] 211<br \/>\nSvoris [g] 725<br \/>\n\u017durnalo tipas: \u017durnalas su ma\u017eu dangteliu<br \/>\n\u017durnal\u0173 talpa [vnt] 17<br \/>\n&#8220;Hop-Up&#8221;: Taip<br \/>\nAtsitraukimas: Taip<br \/>\nPagaminta i\u0161 plastiko ir metalo<br \/>\nDuj\u0173 variklis &#8211; \u017ealiosios dujos<br \/>\nB\u016bgno sriegio tipas 14 mm CCW<br \/>\nVidinis cilindro ilgis [mm] 115<\/p>\n","protected":false},"featured_media":119753,"template":"","meta":{"_acf_changed":false},"product_brand":[],"product_cat":[1138],"product_tag":[],"class_list":{"0":"post-148899","1":"product","2":"type-product","3":"status-publish","4":"has-post-thumbnail","6":"product_cat-airsoft-pistols","8":"first","9":"instock","10":"taxable","11":"shipping-taxable","12":"purchasable","13":"product-type-simple"},"acf":[],"_links":{"self":[{"href":"https:\/\/kingarms.ee\/lt\/wp-json\/wp\/v2\/product\/148899","targetHints":{"allow":["GET"]}}],"collection":[{"href":"https:\/\/kingarms.ee\/lt\/wp-json\/wp\/v2\/product"}],"about":[{"href":"https:\/\/kingarms.ee\/lt\/wp-json\/wp\/v2\/types\/product"}],"wp:featuredmedia":[{"embeddable":true,"href":"https:\/\/kingarms.ee\/lt\/wp-json\/wp\/v2\/media\/119753"}],"wp:attachment":[{"href":"https:\/\/kingarms.ee\/lt\/wp-json\/wp\/v2\/media?parent=148899"}],"wp:term":[{"taxonomy":"product_brand","embeddable":true,"href":"https:\/\/kingarms.ee\/lt\/wp-json\/wp\/v2\/product_brand?post=148899"},{"taxonomy":"product_cat","embeddable":true,"href":"https:\/\/kingarms.ee\/lt\/wp-json\/wp\/v2\/product_cat?post=148899"},{"taxonomy":"product_tag","embeddable":true,"href":"https:\/\/kingarms.ee\/lt\/wp-json\/wp\/v2\/product_tag?post=148899"}],"curies":[{"name":"wp","href":"https:\/\/api.w.org\/{rel}","templated":true}]}}