{"id":148903,"date":"2022-05-16T14:11:07","date_gmt":"2025-05-05T08:25:42","guid":{"rendered":"https:\/\/kingarms.ee\/product\/m9a1-v-2-pistoleto-kopija-we\/"},"modified":"2025-05-05T11:25:42","modified_gmt":"2025-05-05T08:25:42","slug":"m9a1-v-2-pistoleto-kopija-we","status":"publish","type":"product","link":"https:\/\/kingarms.ee\/lt\/product\/m9a1-v-2-pistoleto-kopija-we\/","title":{"rendered":"M9A1 v.2 pistoleto kopija WE"},"content":{"rendered":"","protected":false},"excerpt":{"rendered":"<p>M9A1 v.2 pistoleto kopija WE<\/p>\n<p>Greitis [FPS] ~315<br \/>\nVaromoji j\u0117ga \/ Duj\u0173 varomoji j\u0117ga &#8211; \u017daliosios dujos<br \/>\nGaisro tipas Vienkartinis, automatinis<br \/>\nIlgis [mm] 220<br \/>\nSvoris [g] 895<br \/>\n\u017durnalo tipas \u017durnalas su ma\u017eu dangteliu<br \/>\n\u017durnal\u0173 talpa [vnt] 26<br \/>\nHop-Up Taip<br \/>\nAtsitraukimas Taip<br \/>\nPagaminta i\u0161 plastiko ir metalo<\/p>\n","protected":false},"featured_media":119408,"template":"","meta":{"_acf_changed":false},"product_brand":[],"product_cat":[1138],"product_tag":[],"class_list":{"0":"post-148903","1":"product","2":"type-product","3":"status-publish","4":"has-post-thumbnail","6":"product_cat-airsoft-pistols","8":"first","9":"instock","10":"purchasable","11":"product-type-simple"},"acf":[],"_links":{"self":[{"href":"https:\/\/kingarms.ee\/lt\/wp-json\/wp\/v2\/product\/148903","targetHints":{"allow":["GET"]}}],"collection":[{"href":"https:\/\/kingarms.ee\/lt\/wp-json\/wp\/v2\/product"}],"about":[{"href":"https:\/\/kingarms.ee\/lt\/wp-json\/wp\/v2\/types\/product"}],"wp:featuredmedia":[{"embeddable":true,"href":"https:\/\/kingarms.ee\/lt\/wp-json\/wp\/v2\/media\/119408"}],"wp:attachment":[{"href":"https:\/\/kingarms.ee\/lt\/wp-json\/wp\/v2\/media?parent=148903"}],"wp:term":[{"taxonomy":"product_brand","embeddable":true,"href":"https:\/\/kingarms.ee\/lt\/wp-json\/wp\/v2\/product_brand?post=148903"},{"taxonomy":"product_cat","embeddable":true,"href":"https:\/\/kingarms.ee\/lt\/wp-json\/wp\/v2\/product_cat?post=148903"},{"taxonomy":"product_tag","embeddable":true,"href":"https:\/\/kingarms.ee\/lt\/wp-json\/wp\/v2\/product_tag?post=148903"}],"curies":[{"name":"wp","href":"https:\/\/api.w.org\/{rel}","templated":true}]}}