{"id":148920,"date":"2022-05-16T14:10:54","date_gmt":"2025-05-05T08:48:34","guid":{"rendered":"https:\/\/kingarms.ee\/product\/tracker-clear-skaidrus-akiniai-bolle\/"},"modified":"2025-05-05T11:48:34","modified_gmt":"2025-05-05T08:48:34","slug":"tracker-clear-skaidrus-akiniai-bolle","status":"publish","type":"product","link":"https:\/\/kingarms.ee\/lt\/product\/tracker-clear-skaidrus-akiniai-bolle\/","title":{"rendered":"&#8220;Tracker Clear&#8221; skaidr\u016bs akiniai &#8220;Bolle"},"content":{"rendered":"","protected":false},"excerpt":{"rendered":"<p>&#8220;Tracker Clear&#8221; skaidr\u016bs akiniai &#8220;Bolle<\/p>\n<p>&#8220;Tracker&#8221; akiniuose buvo \u012frengti nuo r\u016bko ir \u012fbr\u0117\u017eim\u0173 apsaugantys sluoksniai, sustiprinti l\u0119\u0161iai, turintys F atsparumo kar\u0161\u010diui ir F kietumo (apsauga nuo staigaus liepsnos sm\u016bgio iki 420 laipsni\u0173 Celsijaus temperat\u016bros) savybes. D\u0117l lanks\u010dios put\u0173 apdailos jie puikiai priglunda prie veido. Tod\u0117l jie yra puiki aki\u0173 apsaugos priemon\u0117, apsauganti akis nuo tiesiogini\u0173 su\u017eeidim\u0173 ir nuo su\u017eeidim\u0173, atsiradusi\u0173 d\u0117l riko\u0161eto ar \u0161rapnelio.<br \/>\nAkiniuose \u012frengta ventiliacijos sistema, o elastingos u\u017era\u0161\u0173 juostel\u0117s u\u017etikrina didel\u012f naudojimo komfort\u0105. Be akini\u0173, rinkinyje yra mink\u0161tas mikropluo\u0161to d\u0117klas ir juosta, kuri\u0105 galima pritvirtinti prie akini\u0173 antaki\u0173, kad akiniai nepradingt\u0173 arba nenuslyst\u0173 net staigiai judant.<br \/>\nSauga ir ilgaam\u017ei\u0161kumas<br \/>\nAkini\u0173 l\u0119\u0161io kietumo faktoriaus F reik\u0161m\u0117 yra labai didel\u0117, kaip ir airsofto s\u0105lygomis. Jis i\u0161rei\u0161kia med\u017eiagos mechanin\u012f patvarum\u0105. \u0160iuo atveju mes dirbame su ma\u017eos energijos atsparumu sm\u016bgiams. L\u0119\u0161iai turi atlaikyti 6 mm 0,86 g svorio plienin\u0117s kulkos sm\u016bg\u012f, kuri skrieja 45 m\/s grei\u010diu. Perskai\u010diavus gaunama 0,87 J kinetin\u0117 energija.<br \/>\nOptin\u0117 klas\u0117<br \/>\nObjektyvo optin\u0117 klas\u0117 nustatoma pagal jo optinius parametrus. Aki\u0173 ir veido apsaugos priemon\u0117s skirstomos \u012f tris klases. 1-osios optin\u0117s klas\u0117s l\u0119\u0161iai skirti nuolatiniam naudojimui (tod\u0117l \u0161iuos akinius taip pat galima naudoti kaip akinius nuo saul\u0117s arba kasdienius apsauginius akinius), o 3-iosios optin\u0117s klas\u0117s akiniai skirti trumpalaikiam naudojimui.<\/p>\n<p><span style=\"color: #ff0000;\">NB! Produktas nesudaro balistin\u0117s aki\u0173 apsaugos ir jo naudojimas \u0161iam tikslui yra nesuderinamas su numatomu naudojimu. <\/span><br \/>\n<span style=\"color: #ff0000;\">Pardav\u0117jas ir gamintojas neatsako u\u017e gaminio naudojim\u0105 siekiant apsaugoti naudotojo akis airsofto \u017eaidimuose naudojant airsofto replikas. Tai taip pat taikoma bet kokioms galimoms su naudotojo sveikata susijusioms problemoms ar turtui padarytai \u017ealai, tod\u0117l produkto reklamacija netaikoma. <\/span><\/p>\n","protected":false},"featured_media":119572,"template":"","meta":{"_acf_changed":false},"product_brand":[],"product_cat":[1211],"product_tag":[],"class_list":{"0":"post-148920","1":"product","2":"type-product","3":"status-publish","4":"has-post-thumbnail","6":"product_cat-airsoft-akiniai","8":"first","9":"instock","10":"purchasable","11":"product-type-simple"},"acf":[],"_links":{"self":[{"href":"https:\/\/kingarms.ee\/lt\/wp-json\/wp\/v2\/product\/148920","targetHints":{"allow":["GET"]}}],"collection":[{"href":"https:\/\/kingarms.ee\/lt\/wp-json\/wp\/v2\/product"}],"about":[{"href":"https:\/\/kingarms.ee\/lt\/wp-json\/wp\/v2\/types\/product"}],"wp:featuredmedia":[{"embeddable":true,"href":"https:\/\/kingarms.ee\/lt\/wp-json\/wp\/v2\/media\/119572"}],"wp:attachment":[{"href":"https:\/\/kingarms.ee\/lt\/wp-json\/wp\/v2\/media?parent=148920"}],"wp:term":[{"taxonomy":"product_brand","embeddable":true,"href":"https:\/\/kingarms.ee\/lt\/wp-json\/wp\/v2\/product_brand?post=148920"},{"taxonomy":"product_cat","embeddable":true,"href":"https:\/\/kingarms.ee\/lt\/wp-json\/wp\/v2\/product_cat?post=148920"},{"taxonomy":"product_tag","embeddable":true,"href":"https:\/\/kingarms.ee\/lt\/wp-json\/wp\/v2\/product_tag?post=148920"}],"curies":[{"name":"wp","href":"https:\/\/api.w.org\/{rel}","templated":true}]}}