{"id":148932,"date":"2022-05-15T23:46:29","date_gmt":"2025-05-05T09:41:34","guid":{"rendered":"https:\/\/kingarms.ee\/product\/etu-2-0-sistema-skirta-gb-v2-galiniam-laidiniam-irenginiui\/"},"modified":"2025-05-05T12:41:34","modified_gmt":"2025-05-05T09:41:34","slug":"etu-2-0-sistema-skirta-gb-v2-galiniam-laidiniam-irenginiui","status":"publish","type":"product","link":"https:\/\/kingarms.ee\/lt\/product\/etu-2-0-sistema-skirta-gb-v2-galiniam-laidiniam-irenginiui\/","title":{"rendered":"ETU 2.0 sistema, skirta GB V2 galiniam laidiniam \u012frenginiui"},"content":{"rendered":"","protected":false},"excerpt":{"rendered":"<p>ETU 2.0 sistema, skirta GB V2 galiniam laidiniam \u012frenginiui<\/p>\n<p>&#8222;E.T.U. 2.0&#8221; sistema, skirta &#8222;Gearbox V2&#8221; kopijoms (laidin\u0117)<br \/>\nPilnas E.T.U. 2.0 &#8211; elektroninis paleidimo \u012ftaisas, \u017einomas i\u0161 &#8222;G&amp;G&#8221; replik\u0173, skirtas montuoti \u012f replikas su V2 pavar\u0173 d\u0117\u017ee.<\/p>\n","protected":false},"featured_media":119254,"template":"","meta":{"_acf_changed":false},"product_brand":[],"product_cat":[1273],"product_tag":[],"class_list":{"0":"post-148932","1":"product","2":"type-product","3":"status-publish","4":"has-post-thumbnail","6":"product_cat-atsargines-dalys","8":"first","9":"instock","10":"purchasable","11":"product-type-simple"},"acf":[],"_links":{"self":[{"href":"https:\/\/kingarms.ee\/lt\/wp-json\/wp\/v2\/product\/148932","targetHints":{"allow":["GET"]}}],"collection":[{"href":"https:\/\/kingarms.ee\/lt\/wp-json\/wp\/v2\/product"}],"about":[{"href":"https:\/\/kingarms.ee\/lt\/wp-json\/wp\/v2\/types\/product"}],"wp:featuredmedia":[{"embeddable":true,"href":"https:\/\/kingarms.ee\/lt\/wp-json\/wp\/v2\/media\/119254"}],"wp:attachment":[{"href":"https:\/\/kingarms.ee\/lt\/wp-json\/wp\/v2\/media?parent=148932"}],"wp:term":[{"taxonomy":"product_brand","embeddable":true,"href":"https:\/\/kingarms.ee\/lt\/wp-json\/wp\/v2\/product_brand?post=148932"},{"taxonomy":"product_cat","embeddable":true,"href":"https:\/\/kingarms.ee\/lt\/wp-json\/wp\/v2\/product_cat?post=148932"},{"taxonomy":"product_tag","embeddable":true,"href":"https:\/\/kingarms.ee\/lt\/wp-json\/wp\/v2\/product_tag?post=148932"}],"curies":[{"name":"wp","href":"https:\/\/api.w.org\/{rel}","templated":true}]}}