{"id":148941,"date":"2022-05-14T17:45:17","date_gmt":"2025-05-05T10:38:38","guid":{"rendered":"https:\/\/kingarms.ee\/product\/edgetm-tracer-bio-precision-bbs-0-30g-1000-bbs-specna-ginklai\/"},"modified":"2025-05-05T13:38:38","modified_gmt":"2025-05-05T10:38:38","slug":"edgetm-tracer-bio-precision-bbs-0-30g-1000-bbs-specna-ginklai","status":"publish","type":"product","link":"https:\/\/kingarms.ee\/lt\/product\/edgetm-tracer-bio-precision-bbs-0-30g-1000-bbs-specna-ginklai\/","title":{"rendered":"\u201eEdgetM Tracer Bio Precision BBS 0.30G 1000 BBS Specna\u201c ginklai"},"content":{"rendered":"","protected":false},"excerpt":{"rendered":"<p>\u201eEdgetM Tracer Bio Precision BBS 0.30G 1000 BBS Specna\u201c ginklai<\/p>\n<p>&#8220;Specna Arms\u00ae&#8221; prek\u0117s \u017eenklas, gars\u0117jantis gaminam\u0173 replik\u0173 kokybe ir novatori\u0161kumu, pristato dar vien\u0105 naujov\u0119 &#8211; tikslius \u0161ovinius i\u0161 profesionalios EDGE\u2122 serijos. Pla\u010dioje EDGE\u2122 kulk\u0173 gamoje rasite auk\u0161\u010diausios kokyb\u0117s \u0161ovini\u0173 ASG replikoms, kuriuos gamina tikri tiksli\u0173j\u0173 kulk\u0173 ekspertai &#8211; Taivano BLS.<br \/>\nEDGE\u2122 kulk\u0173 skersmuo yra 5,95 mm (+\/- 0,005 mm), o kulk\u0173 svorio skirtumas nevir\u0161ija 0,01 g. Tod\u0117l &#8220;Specna Arms\u00ae EDGE\u2122&#8221; \u0161oviniai idealiai tinka standartiniams \u0161oviniams, o tiksliuosiuose \u0161oviniuose jie i\u0161naudoja vis\u0105 savo potencial\u0105.<\/p>\n","protected":false},"featured_media":119153,"template":"","meta":{"_acf_changed":false},"product_brand":[],"product_cat":[1188],"product_tag":[],"class_list":{"0":"post-148941","1":"product","2":"type-product","3":"status-publish","4":"has-post-thumbnail","6":"product_cat-airsoft-6-mm","8":"first","9":"onbackorder","10":"product-type-simple"},"acf":[],"_links":{"self":[{"href":"https:\/\/kingarms.ee\/lt\/wp-json\/wp\/v2\/product\/148941","targetHints":{"allow":["GET"]}}],"collection":[{"href":"https:\/\/kingarms.ee\/lt\/wp-json\/wp\/v2\/product"}],"about":[{"href":"https:\/\/kingarms.ee\/lt\/wp-json\/wp\/v2\/types\/product"}],"wp:featuredmedia":[{"embeddable":true,"href":"https:\/\/kingarms.ee\/lt\/wp-json\/wp\/v2\/media\/119153"}],"wp:attachment":[{"href":"https:\/\/kingarms.ee\/lt\/wp-json\/wp\/v2\/media?parent=148941"}],"wp:term":[{"taxonomy":"product_brand","embeddable":true,"href":"https:\/\/kingarms.ee\/lt\/wp-json\/wp\/v2\/product_brand?post=148941"},{"taxonomy":"product_cat","embeddable":true,"href":"https:\/\/kingarms.ee\/lt\/wp-json\/wp\/v2\/product_cat?post=148941"},{"taxonomy":"product_tag","embeddable":true,"href":"https:\/\/kingarms.ee\/lt\/wp-json\/wp\/v2\/product_tag?post=148941"}],"curies":[{"name":"wp","href":"https:\/\/api.w.org\/{rel}","templated":true}]}}