{"id":148949,"date":"2022-05-10T17:52:00","date_gmt":"2025-05-05T11:47:47","guid":{"rendered":"https:\/\/kingarms.ee\/product\/apx-metaline-versija-co2-beretta\/"},"modified":"2025-05-05T14:47:47","modified_gmt":"2025-05-05T11:47:47","slug":"apx-metaline-versija-co2-beretta","status":"publish","type":"product","link":"https:\/\/kingarms.ee\/lt\/product\/apx-metaline-versija-co2-beretta\/","title":{"rendered":"APX metalin\u0117 versija Co2 [Beretta]"},"content":{"rendered":"","protected":false},"excerpt":{"rendered":"<p>APX metalin\u0117 versija Co2 [Beretta]<\/p>\n<p>&#8220;Hop-Up&#8221;: Be Hop-Up<br \/>\nFotografavimo re\u017eimas: Pusiau automatinis<br \/>\n\u017diniatinklio talpa: 15 \u0161ovini\u0173<br \/>\nIlgis: 190 mm<br \/>\nVidinis cilindro ilgis: 106 mm<br \/>\nSi\u016blai: Si\u016blai<br \/>\nKalibras: 6 mm<br \/>\nSvoris: 660 g<br \/>\nPristatymo svoris: 780 g<\/p>\n","protected":false},"featured_media":118893,"template":"","meta":{"_acf_changed":false},"product_brand":[],"product_cat":[1138],"product_tag":[],"class_list":{"0":"post-148949","1":"product","2":"type-product","3":"status-publish","4":"has-post-thumbnail","6":"product_cat-airsoft-pistols","8":"first","9":"instock","10":"taxable","11":"shipping-taxable","12":"purchasable","13":"product-type-simple"},"acf":[],"_links":{"self":[{"href":"https:\/\/kingarms.ee\/lt\/wp-json\/wp\/v2\/product\/148949","targetHints":{"allow":["GET"]}}],"collection":[{"href":"https:\/\/kingarms.ee\/lt\/wp-json\/wp\/v2\/product"}],"about":[{"href":"https:\/\/kingarms.ee\/lt\/wp-json\/wp\/v2\/types\/product"}],"wp:featuredmedia":[{"embeddable":true,"href":"https:\/\/kingarms.ee\/lt\/wp-json\/wp\/v2\/media\/118893"}],"wp:attachment":[{"href":"https:\/\/kingarms.ee\/lt\/wp-json\/wp\/v2\/media?parent=148949"}],"wp:term":[{"taxonomy":"product_brand","embeddable":true,"href":"https:\/\/kingarms.ee\/lt\/wp-json\/wp\/v2\/product_brand?post=148949"},{"taxonomy":"product_cat","embeddable":true,"href":"https:\/\/kingarms.ee\/lt\/wp-json\/wp\/v2\/product_cat?post=148949"},{"taxonomy":"product_tag","embeddable":true,"href":"https:\/\/kingarms.ee\/lt\/wp-json\/wp\/v2\/product_tag?post=148949"}],"curies":[{"name":"wp","href":"https:\/\/api.w.org\/{rel}","templated":true}]}}