{"id":148951,"date":"2022-05-10T17:45:00","date_gmt":"2022-05-10T14:45:00","guid":{"rendered":"https:\/\/kingarms.ee\/product\/ppq-metalinis-spyruoklinis-pistoletas-walther\/"},"modified":"2025-05-05T14:51:41","modified_gmt":"2025-05-05T11:51:41","slug":"ppq-metalinis-spyruoklinis-pistoletas-walther","status":"publish","type":"product","link":"https:\/\/kingarms.ee\/lt\/product\/ppq-metalinis-spyruoklinis-pistoletas-walther\/","title":{"rendered":"PPQ Metalinis spyruoklinis pistoletas Walther"},"content":{"rendered":"","protected":false},"excerpt":{"rendered":"<p>PPQ Metalinis spyruoklinis pistoletas Walther<\/p>\n<p>&#8220;Hop-Up&#8221;: Fiksuotas<br \/>\nFotografavimo re\u017eimas: Vienkartinis \u0161\u016bvis (perkraunama po kiekvieno \u0161\u016bvio)<br \/>\n\u017diniatinklio talpa: 14 \u0161ovini\u0173<br \/>\nIlgis: 180 mm<br \/>\nSi\u016blai: Si\u016blai<br \/>\nKalibras: 6 mm<br \/>\nSvoris: 500 g<br \/>\nPristatymo svoris: 610 g<\/p>\n","protected":false},"featured_media":118891,"template":"","meta":{"_acf_changed":false},"product_brand":[],"product_cat":[1143],"product_tag":[],"class_list":{"0":"post-148951","1":"product","2":"type-product","3":"status-publish","4":"has-post-thumbnail","6":"product_cat-rankinis-ginklas","8":"first","9":"outofstock","10":"taxable","11":"shipping-taxable","12":"purchasable","13":"product-type-simple"},"acf":[],"_links":{"self":[{"href":"https:\/\/kingarms.ee\/lt\/wp-json\/wp\/v2\/product\/148951","targetHints":{"allow":["GET"]}}],"collection":[{"href":"https:\/\/kingarms.ee\/lt\/wp-json\/wp\/v2\/product"}],"about":[{"href":"https:\/\/kingarms.ee\/lt\/wp-json\/wp\/v2\/types\/product"}],"wp:featuredmedia":[{"embeddable":true,"href":"https:\/\/kingarms.ee\/lt\/wp-json\/wp\/v2\/media\/118891"}],"wp:attachment":[{"href":"https:\/\/kingarms.ee\/lt\/wp-json\/wp\/v2\/media?parent=148951"}],"wp:term":[{"taxonomy":"product_brand","embeddable":true,"href":"https:\/\/kingarms.ee\/lt\/wp-json\/wp\/v2\/product_brand?post=148951"},{"taxonomy":"product_cat","embeddable":true,"href":"https:\/\/kingarms.ee\/lt\/wp-json\/wp\/v2\/product_cat?post=148951"},{"taxonomy":"product_tag","embeddable":true,"href":"https:\/\/kingarms.ee\/lt\/wp-json\/wp\/v2\/product_tag?post=148951"}],"curies":[{"name":"wp","href":"https:\/\/api.w.org\/{rel}","templated":true}]}}