{"id":148953,"date":"2022-05-10T17:16:00","date_gmt":"2025-05-05T11:54:42","guid":{"rendered":"https:\/\/kingarms.ee\/product\/hi-capa-5-1-d-o-r-gbb-tokyo-marui\/"},"modified":"2025-05-05T14:54:42","modified_gmt":"2025-05-05T11:54:42","slug":"hi-capa-5-1-d-o-r-gbb-tokyo-marui","status":"publish","type":"product","link":"https:\/\/kingarms.ee\/lt\/product\/hi-capa-5-1-d-o-r-gbb-tokyo-marui\/","title":{"rendered":"Hi-Capa 5.1 D.O.R. GBB [Tokyo Marui]"},"content":{"rendered":"","protected":false},"excerpt":{"rendered":"<p>Hi-Capa 5.1 D.O.R. GBB [Tokyo Marui]<\/p>\n<p>&#8220;Hop-Up&#8221;: Reguliuojamas<br \/>\nFotografavimo re\u017eimas: Pusiau automatinis<br \/>\n\u017diniatinklio talpa: 30 \u0161ovini\u0173<br \/>\nIlgis: 220 mm<br \/>\nVidinis cilindro ilgis: 110 mm<br \/>\nSi\u016blai: Si\u016blai<br \/>\nKalibras: 6 mm<br \/>\nSvoris: 840 g<br \/>\nPristatymo svoris: 1,2 kg<\/p>\n","protected":false},"featured_media":118887,"template":"","meta":{"_acf_changed":false},"product_brand":[],"product_cat":[1138],"product_tag":[],"class_list":{"0":"post-148953","1":"product","2":"type-product","3":"status-publish","4":"has-post-thumbnail","6":"product_cat-airsoft-pistols","8":"first","9":"onbackorder","10":"taxable","11":"shipping-taxable","12":"product-type-simple"},"acf":[],"_links":{"self":[{"href":"https:\/\/kingarms.ee\/lt\/wp-json\/wp\/v2\/product\/148953","targetHints":{"allow":["GET"]}}],"collection":[{"href":"https:\/\/kingarms.ee\/lt\/wp-json\/wp\/v2\/product"}],"about":[{"href":"https:\/\/kingarms.ee\/lt\/wp-json\/wp\/v2\/types\/product"}],"wp:featuredmedia":[{"embeddable":true,"href":"https:\/\/kingarms.ee\/lt\/wp-json\/wp\/v2\/media\/118887"}],"wp:attachment":[{"href":"https:\/\/kingarms.ee\/lt\/wp-json\/wp\/v2\/media?parent=148953"}],"wp:term":[{"taxonomy":"product_brand","embeddable":true,"href":"https:\/\/kingarms.ee\/lt\/wp-json\/wp\/v2\/product_brand?post=148953"},{"taxonomy":"product_cat","embeddable":true,"href":"https:\/\/kingarms.ee\/lt\/wp-json\/wp\/v2\/product_cat?post=148953"},{"taxonomy":"product_tag","embeddable":true,"href":"https:\/\/kingarms.ee\/lt\/wp-json\/wp\/v2\/product_tag?post=148953"}],"curies":[{"name":"wp","href":"https:\/\/api.w.org\/{rel}","templated":true}]}}