{"id":148963,"date":"2023-02-07T11:46:14","date_gmt":"2025-05-05T15:07:19","guid":{"rendered":"https:\/\/kingarms.ee\/product\/jope-emersongear-butina\/"},"modified":"2025-05-05T18:07:19","modified_gmt":"2025-05-05T15:07:19","slug":"jope-emersongear-butina","status":"publish","type":"product","link":"https:\/\/kingarms.ee\/lt\/product\/jope-emersongear-butina\/","title":{"rendered":"Jope EmersonGear (b\u016btina)"},"content":{"rendered":"<p><img loading=\"lazy\" decoding=\"async\" class=\"alignnone size-full wp-image-74199\" src=\"https:\/\/kingarms.ee\/wp-content\/uploads\/2023\/02\/chern.webp\" alt=\"\" width=\"1024\" height=\"768\" srcset=\"https:\/\/kingarms.ee\/wp-content\/uploads\/2023\/02\/chern.webp 1024w, https:\/\/kingarms.ee\/wp-content\/uploads\/2023\/02\/chern-300x225.webp 300w, https:\/\/kingarms.ee\/wp-content\/uploads\/2023\/02\/chern-768x576.webp 768w, https:\/\/kingarms.ee\/wp-content\/uploads\/2023\/02\/chern-600x450.webp 600w, https:\/\/kingarms.ee\/wp-content\/uploads\/2023\/02\/chern-500x375.webp 500w, https:\/\/kingarms.ee\/wp-content\/uploads\/2023\/02\/chern-150x113.webp 150w\" sizes=\"auto, (max-width: 1024px) 100vw, 1024px\" \/><\/p>\n","protected":false},"excerpt":{"rendered":"<p>&#8220;EmersonGear&#8221; v\u0117jo striuk\u0117 skirta d\u0117v\u0117ti v\u0117sesniu oru. Striuk\u0117 su u\u017etrauktuku, gobtuvu, dviem kr\u016btin\u0117s ki\u0161en\u0117mis ir dviem \u0161onin\u0117mis ki\u0161en\u0117mis priekyje, taip pat su u\u017etrauktuku, apsaugan\u010diu nuo dr\u0117gm\u0117s. Striuk\u0117 pagaminta i\u0161 nailono (85 %) ir elastano (15 %) pagrindo juodos spalvos med\u017eiagos.<\/p>\n<p>Funkcijos:<\/p>\n<p>&#8211; gaubtas;<br \/>\n&#8211; ki\u0161en\u0117s su u\u017etrauktuku, apsaugan\u010diu nuo dr\u0117gm\u0117s;<br \/>\n&#8211; juoda spalva.<\/p>\n","protected":false},"featured_media":127097,"template":"","meta":{"_acf_changed":false},"product_brand":[],"product_cat":[1229],"product_tag":[],"class_list":{"0":"post-148963","1":"product","2":"type-product","3":"status-publish","4":"has-post-thumbnail","6":"product_cat-striuke","8":"first","9":"instock","10":"sale","11":"taxable","12":"shipping-taxable","13":"purchasable","14":"product-type-simple"},"acf":[],"_links":{"self":[{"href":"https:\/\/kingarms.ee\/lt\/wp-json\/wp\/v2\/product\/148963","targetHints":{"allow":["GET"]}}],"collection":[{"href":"https:\/\/kingarms.ee\/lt\/wp-json\/wp\/v2\/product"}],"about":[{"href":"https:\/\/kingarms.ee\/lt\/wp-json\/wp\/v2\/types\/product"}],"wp:featuredmedia":[{"embeddable":true,"href":"https:\/\/kingarms.ee\/lt\/wp-json\/wp\/v2\/media\/127097"}],"wp:attachment":[{"href":"https:\/\/kingarms.ee\/lt\/wp-json\/wp\/v2\/media?parent=148963"}],"wp:term":[{"taxonomy":"product_brand","embeddable":true,"href":"https:\/\/kingarms.ee\/lt\/wp-json\/wp\/v2\/product_brand?post=148963"},{"taxonomy":"product_cat","embeddable":true,"href":"https:\/\/kingarms.ee\/lt\/wp-json\/wp\/v2\/product_cat?post=148963"},{"taxonomy":"product_tag","embeddable":true,"href":"https:\/\/kingarms.ee\/lt\/wp-json\/wp\/v2\/product_tag?post=148963"}],"curies":[{"name":"wp","href":"https:\/\/api.w.org\/{rel}","templated":true}]}}