{"id":148967,"date":"2023-01-30T15:08:51","date_gmt":"2025-05-05T15:16:46","guid":{"rendered":"https:\/\/kingarms.ee\/product\/medicininis-krepsys-multicam-8fields\/"},"modified":"2025-05-05T18:16:46","modified_gmt":"2025-05-05T15:16:46","slug":"medicininis-krepsys-multicam-8fields","status":"publish","type":"product","link":"https:\/\/kingarms.ee\/lt\/product\/medicininis-krepsys-multicam-8fields\/","title":{"rendered":"Medicininis krep\u0161ys &#8211; Multicam (8FIELDS)"},"content":{"rendered":"<p><img loading=\"lazy\" decoding=\"async\" class=\"alignnone size-full wp-image-74027\" src=\"https:\/\/kingarms.ee\/wp-content\/uploads\/2023\/01\/2342231_M51613160-CP3.jpg\" alt=\"\" width=\"640\" height=\"480\" srcset=\"https:\/\/kingarms.ee\/wp-content\/uploads\/2023\/01\/2342231_M51613160-CP3.jpg 640w, https:\/\/kingarms.ee\/wp-content\/uploads\/2023\/01\/2342231_M51613160-CP3-300x225.jpg 300w, https:\/\/kingarms.ee\/wp-content\/uploads\/2023\/01\/2342231_M51613160-CP3-600x450.jpg 600w, https:\/\/kingarms.ee\/wp-content\/uploads\/2023\/01\/2342231_M51613160-CP3-500x375.jpg 500w, https:\/\/kingarms.ee\/wp-content\/uploads\/2023\/01\/2342231_M51613160-CP3-150x113.jpg 150w\" sizes=\"auto, (max-width: 640px) 100vw, 640px\" \/><\/p>\n","protected":false},"excerpt":{"rendered":"<h2><strong>Medicininis krep\u0161ys &#8211; Multicam<\/strong><\/h2>\n<p>MOLLE mediko krep\u0161ys idealiai tinka asmeniniams pagrindiniams medicinos rinkiniams. Saugiai laikosi su 2 u\u017etrauktukais, kurie pilnai atsidaro, kad b\u016bt\u0173 lengva prieiti, 2x Molle kilpos nugaroje. Krep\u0161io viduje &#8211; elastin\u0117s juostos medicinos reikmenims laikyti.<\/p>\n<p>NB!<\/p>\n<p> Krep\u0161ys tu\u0161\u010dias.<\/p>\n","protected":false},"featured_media":127017,"template":"","meta":{"_acf_changed":false},"product_brand":[],"product_cat":[1246,1240,1219],"product_tag":[],"class_list":{"0":"post-148967","1":"product","2":"type-product","3":"status-publish","4":"has-post-thumbnail","6":"product_cat-kisenes","7":"product_cat-maiseliai-krepsiai-ir-dirzeliai","8":"product_cat-pirmoji-pagalba","10":"first","11":"instock","12":"taxable","13":"shipping-taxable","14":"purchasable","15":"product-type-simple"},"acf":[],"_links":{"self":[{"href":"https:\/\/kingarms.ee\/lt\/wp-json\/wp\/v2\/product\/148967","targetHints":{"allow":["GET"]}}],"collection":[{"href":"https:\/\/kingarms.ee\/lt\/wp-json\/wp\/v2\/product"}],"about":[{"href":"https:\/\/kingarms.ee\/lt\/wp-json\/wp\/v2\/types\/product"}],"wp:featuredmedia":[{"embeddable":true,"href":"https:\/\/kingarms.ee\/lt\/wp-json\/wp\/v2\/media\/127017"}],"wp:attachment":[{"href":"https:\/\/kingarms.ee\/lt\/wp-json\/wp\/v2\/media?parent=148967"}],"wp:term":[{"taxonomy":"product_brand","embeddable":true,"href":"https:\/\/kingarms.ee\/lt\/wp-json\/wp\/v2\/product_brand?post=148967"},{"taxonomy":"product_cat","embeddable":true,"href":"https:\/\/kingarms.ee\/lt\/wp-json\/wp\/v2\/product_cat?post=148967"},{"taxonomy":"product_tag","embeddable":true,"href":"https:\/\/kingarms.ee\/lt\/wp-json\/wp\/v2\/product_tag?post=148967"}],"curies":[{"name":"wp","href":"https:\/\/api.w.org\/{rel}","templated":true}]}}