{"id":148971,"date":"2023-01-19T19:12:16","date_gmt":"2025-05-05T15:22:28","guid":{"rendered":"https:\/\/kingarms.ee\/product\/automobilinis-ikroviklis-su-c-tipo-kabeliu-guardian-angel\/"},"modified":"2025-05-05T18:22:28","modified_gmt":"2025-05-05T15:22:28","slug":"automobilinis-ikroviklis-su-c-tipo-kabeliu-guardian-angel","status":"publish","type":"product","link":"https:\/\/kingarms.ee\/lt\/product\/automobilinis-ikroviklis-su-c-tipo-kabeliu-guardian-angel\/","title":{"rendered":"Automobilinis \u012fkroviklis su C tipo kabeliu (&#8220;Guardian Angel&#8221;)"},"content":{"rendered":"<p><img loading=\"lazy\" decoding=\"async\" class=\"alignnone size-full wp-image-73929\" src=\"https:\/\/kingarms.ee\/wp-content\/uploads\/2023\/01\/ELT-CC-M-2-scaled-1000x1000-1.jpg\" alt=\"\" width=\"1000\" height=\"1000\" srcset=\"https:\/\/kingarms.ee\/wp-content\/uploads\/2023\/01\/ELT-CC-M-2-scaled-1000x1000-1.jpg 1000w, https:\/\/kingarms.ee\/wp-content\/uploads\/2023\/01\/ELT-CC-M-2-scaled-1000x1000-1-300x300.jpg 300w, https:\/\/kingarms.ee\/wp-content\/uploads\/2023\/01\/ELT-CC-M-2-scaled-1000x1000-1-150x150.jpg 150w, https:\/\/kingarms.ee\/wp-content\/uploads\/2023\/01\/ELT-CC-M-2-scaled-1000x1000-1-768x768.jpg 768w, https:\/\/kingarms.ee\/wp-content\/uploads\/2023\/01\/ELT-CC-M-2-scaled-1000x1000-1-500x500.jpg 500w\" sizes=\"auto, (max-width: 1000px) 100vw, 1000px\" \/><\/p>\n","protected":false},"excerpt":{"rendered":"<p><strong>Automobilinis \u012fkroviklis su C tipo kabeliu<\/strong><\/p>\n<p>Prijungiama prie bet kurios transporto priemon\u0117s, kad b\u016bt\u0173 galima greitai \u012fkrauti va\u017eiuojant<br \/>\nKomplektuojamas su C tipo USB \u012fkrovimo kabeliu<br \/>\nDvigubas (2x) USB prievadas<br \/>\n\u012evesties \u012ftampa: DC12V ~ 24V<br \/>\nI\u0161\u0117jimo \u012ftampa: 5 V<br \/>\nI\u0161\u0117jimo srov\u0117: 4,8 A (MAX)<\/p>\n","protected":false},"featured_media":126993,"template":"","meta":{"_acf_changed":false},"product_brand":[],"product_cat":[1157],"product_tag":[],"class_list":{"0":"post-148971","1":"product","2":"type-product","3":"status-publish","4":"has-post-thumbnail","6":"product_cat-policija-kariuomene","8":"first","9":"onbackorder","10":"taxable","11":"shipping-taxable","12":"product-type-simple"},"acf":[],"_links":{"self":[{"href":"https:\/\/kingarms.ee\/lt\/wp-json\/wp\/v2\/product\/148971","targetHints":{"allow":["GET"]}}],"collection":[{"href":"https:\/\/kingarms.ee\/lt\/wp-json\/wp\/v2\/product"}],"about":[{"href":"https:\/\/kingarms.ee\/lt\/wp-json\/wp\/v2\/types\/product"}],"wp:featuredmedia":[{"embeddable":true,"href":"https:\/\/kingarms.ee\/lt\/wp-json\/wp\/v2\/media\/126993"}],"wp:attachment":[{"href":"https:\/\/kingarms.ee\/lt\/wp-json\/wp\/v2\/media?parent=148971"}],"wp:term":[{"taxonomy":"product_brand","embeddable":true,"href":"https:\/\/kingarms.ee\/lt\/wp-json\/wp\/v2\/product_brand?post=148971"},{"taxonomy":"product_cat","embeddable":true,"href":"https:\/\/kingarms.ee\/lt\/wp-json\/wp\/v2\/product_cat?post=148971"},{"taxonomy":"product_tag","embeddable":true,"href":"https:\/\/kingarms.ee\/lt\/wp-json\/wp\/v2\/product_tag?post=148971"}],"curies":[{"name":"wp","href":"https:\/\/api.w.org\/{rel}","templated":true}]}}