{"id":148979,"date":"2023-01-19T13:53:57","date_gmt":"2025-05-05T15:34:51","guid":{"rendered":"https:\/\/kingarms.ee\/product\/baltos-ir-geltonos-elito-serija-wy-wy-angelas-sargas\/"},"modified":"2025-05-05T18:34:51","modified_gmt":"2025-05-05T15:34:51","slug":"baltos-ir-geltonos-elito-serija-wy-wy-angelas-sargas","status":"publish","type":"product","link":"https:\/\/kingarms.ee\/lt\/product\/baltos-ir-geltonos-elito-serija-wy-wy-angelas-sargas\/","title":{"rendered":"Baltos ir geltonos elito serija \u201eWY\/WY\u201c (angelas sargas)"},"content":{"rendered":"<p><img loading=\"lazy\" decoding=\"async\" class=\"alignnone size-full wp-image-73873\" src=\"https:\/\/kingarms.ee\/wp-content\/uploads\/2023\/01\/15634__bd2c9f_b.jpg\" alt=\"\" width=\"1000\" height=\"1000\" srcset=\"https:\/\/kingarms.ee\/wp-content\/uploads\/2023\/01\/15634__bd2c9f_b.jpg 1000w, https:\/\/kingarms.ee\/wp-content\/uploads\/2023\/01\/15634__bd2c9f_b-300x300.jpg 300w, https:\/\/kingarms.ee\/wp-content\/uploads\/2023\/01\/15634__bd2c9f_b-150x150.jpg 150w, https:\/\/kingarms.ee\/wp-content\/uploads\/2023\/01\/15634__bd2c9f_b-768x768.jpg 768w, https:\/\/kingarms.ee\/wp-content\/uploads\/2023\/01\/15634__bd2c9f_b-500x500.jpg 500w\" sizes=\"auto, (max-width: 1000px) 100vw, 1000px\" \/><\/p>\n","protected":false},"excerpt":{"rendered":"<p><strong>Angelas sargas<\/strong><\/p>\n<p>Lengvas &#8211; apie 3,25 oz \/ 92,14 g<br \/>\nPatvarus &#8211; atsparus vandeniui, dulk\u0117ms, sm\u016bgiams, IP68 \u012fvertinimas.<br \/>\nMatomumas dideliu atstumu &#8211; matomumas iki 5 ir daugiau myli\u0173 naudojant didel\u0117s galios \u0161viesos diodus, 360\u00b0 ap\u0161vietimas.<br \/>\nKeturi skirtingi ry\u0161kumo nustatymai &#8211; ma\u017eas, vidutinis, didelis ir maksimalus ry\u0161kumas.<br \/>\nItin ilgaam\u017eis akumuliatorius &#8211; \u012fkraunamas li\u010dio jon\u0173 akumuliatorius naudojant C tipo \u012fkrovimo laid\u0105 (pridedamas).<br \/>\n\u012emontuota magnetin\u0117 prispaudimo sistema &#8211; \u012fmontuotas neodimio magnetas ir atitinkamas magnetinis spaustukas (pridedamas) prispaud\u017eia beveik bet kok\u012f pavir\u0161i\u0173.<br \/>\nNuolatinio \u012fjungimo arba mirks\u0117jimo modeliai &#8211; abiejose pus\u0117se yra nuolatinio \u012fjungimo arba mirks\u0117jimo nustatymai.<br \/>\nSOS \u017eibintuv\u0117lio re\u017eimas &#8211; greitai paspaudus ir palaikius prietais\u0105 \u012fjungiamas SOS \u017eibintuv\u0117lio re\u017eimas.<br \/>\nNepriklausomi \u0161viesos valdikliai &#8211; 4 skirtingi \u0161viesos valdikliai, u\u017etikrinantys did\u017eiausi\u0105 ap\u0161vietimo universalum\u0105, \u012fskaitant mirksint\u012f avarin\u012f re\u017eim\u0105.<br \/>\nRaudonos darbo \u0161viesos funkcija &#8211; viena raudona LED darbo \u0161viesa esant prastam ap\u0161vietimui.<br \/>\nAkumuliatoriaus veikimo indikatorius &#8211; laikant nuspaust\u0105 greit\u0105j\u012f klavi\u0161\u0105, likusi akumuliatoriaus veikimo trukm\u0117 rodoma lengvai \u012fskaitomame LED indikatoriuje.<br \/>\nDydis &#8211; 6,98 x 4,76 x 2,54 cm.<\/p>\n","protected":false},"featured_media":126973,"template":"","meta":{"_acf_changed":false},"product_brand":[],"product_cat":[1157],"product_tag":[],"class_list":{"0":"post-148979","1":"product","2":"type-product","3":"status-publish","4":"has-post-thumbnail","6":"product_cat-policija-kariuomene","8":"first","9":"instock","10":"taxable","11":"shipping-taxable","12":"purchasable","13":"product-type-simple"},"acf":[],"_links":{"self":[{"href":"https:\/\/kingarms.ee\/lt\/wp-json\/wp\/v2\/product\/148979","targetHints":{"allow":["GET"]}}],"collection":[{"href":"https:\/\/kingarms.ee\/lt\/wp-json\/wp\/v2\/product"}],"about":[{"href":"https:\/\/kingarms.ee\/lt\/wp-json\/wp\/v2\/types\/product"}],"wp:featuredmedia":[{"embeddable":true,"href":"https:\/\/kingarms.ee\/lt\/wp-json\/wp\/v2\/media\/126973"}],"wp:attachment":[{"href":"https:\/\/kingarms.ee\/lt\/wp-json\/wp\/v2\/media?parent=148979"}],"wp:term":[{"taxonomy":"product_brand","embeddable":true,"href":"https:\/\/kingarms.ee\/lt\/wp-json\/wp\/v2\/product_brand?post=148979"},{"taxonomy":"product_cat","embeddable":true,"href":"https:\/\/kingarms.ee\/lt\/wp-json\/wp\/v2\/product_cat?post=148979"},{"taxonomy":"product_tag","embeddable":true,"href":"https:\/\/kingarms.ee\/lt\/wp-json\/wp\/v2\/product_tag?post=148979"}],"curies":[{"name":"wp","href":"https:\/\/api.w.org\/{rel}","templated":true}]}}