{"id":149020,"date":"2025-05-09T13:30:29","date_gmt":"2025-05-09T10:30:29","guid":{"rendered":"https:\/\/kingarms.ee\/product\/retay-r26\/"},"modified":"2025-10-07T14:17:07","modified_gmt":"2025-10-07T11:17:07","slug":"retay-r26","status":"publish","type":"product","link":"https:\/\/kingarms.ee\/lt\/product\/retay-r26\/","title":{"rendered":"Retay R26"},"content":{"rendered":"<p><img loading=\"lazy\" decoding=\"async\" class=\"alignnone size-full wp-image-149009\" src=\"https:\/\/kingarms.ee\/wp-content\/uploads\/2025\/05\/startovyi-pystolet-retay-azm-r26-black-54600989102160.jpg\" alt=\"\" width=\"1000\" height=\"762\" srcset=\"https:\/\/kingarms.ee\/wp-content\/uploads\/2025\/05\/startovyi-pystolet-retay-azm-r26-black-54600989102160.jpg 1000w, https:\/\/kingarms.ee\/wp-content\/uploads\/2025\/05\/startovyi-pystolet-retay-azm-r26-black-54600989102160-300x229.jpg 300w, https:\/\/kingarms.ee\/wp-content\/uploads\/2025\/05\/startovyi-pystolet-retay-azm-r26-black-54600989102160-768x585.jpg 768w, https:\/\/kingarms.ee\/wp-content\/uploads\/2025\/05\/startovyi-pystolet-retay-azm-r26-black-54600989102160-500x381.jpg 500w, https:\/\/kingarms.ee\/wp-content\/uploads\/2025\/05\/startovyi-pystolet-retay-azm-r26-black-54600989102160-150x114.jpg 150w\" sizes=\"auto, (max-width: 1000px) 100vw, 1000px\" \/><\/p>\n","protected":false},"excerpt":{"rendered":"<div style=\"font-family: 'Inter', sans-serif; line-height: 1.6; color: #222; max-width: 700px; margin: auto; padding: 20px; border: 1px solid #eee; border-radius: 16px; box-shadow: 0 2px 8px rgba(0,0,0,0.05);\">\n<p>R26 yra signalo paleidimo \u012ftaiso (starterio pistoleto) modelis, skirtas treniruot\u0117ms, kino pramonei ir ginkl\u0173 tvarkymo \u012fg\u016bd\u017ei\u0173 lavinimui.<\/p>\n<p><strong>\u0160is modelis yra pistoleto Glock 26 kopija, o tai rei\u0161kia, kad pagal i\u0161orines ir svorio matmen\u0173 charakteristikas jis pakartoja original\u0105.<\/strong><\/p>\n<hr style=\"margin: 20px 0; border: none; border-top: 1px solid #ddd;\">\n<h3 style=\"font-size: 1.2em; font-weight:600; margin-bottom: 10px;\">\u2699\ufe0f Techniniai duomenys<\/h3>\n<ul style=\"list-style:none; padding:0; margin:0;\">\n<li>\ud83d\udd38 <strong>Kalibras:<\/strong> 9 mm<\/li>\n<li>\ud83d\udd38 <strong>Bendras ilgis:<\/strong> 158 mm<\/li>\n<li>\ud83d\udd38 <strong>D\u0117klas Tomas:<\/strong> 9<\/li>\n<li>\ud83d\udd38 <strong>Svoris:<\/strong> 550g<\/li>\n<li>\ud83d\udd38 <strong>Saugumas:<\/strong> \u012fmontuotas automatinis<\/li>\n<li>\ud83d\udd38 <strong>Korpuso med\u017eiaga:<\/strong> metalas<\/li>\n<li>\ud83d\udd38 <strong>Rankenos med\u017eiaga:<\/strong> plastikas<\/li>\n<li>\ud83d\udd38 <strong>Spalva:<\/strong> juoda<\/li>\n<li>\ud83d\udd38 <strong>Kiekis pakuot\u0117je, vnt:<\/strong> 1 + Kase\u010di\u0173 rinkinys<\/li>\n<li>\ud83d\udd38 <strong>Preki\u0173 \u017eenklo registracijos \u0161alis:<\/strong> Turkija<\/li>\n<li>\ud83d\udd38 <strong>Garantija: <\/strong>36 m\u0117nesiai<\/li>\n<li>\ud83d\udd38 Kilm\u0117s \u0160alis<strong>:<\/strong> Turkija<\/li>\n<\/ul>\n<hr style=\"margin: 20px 0; border: none; border-top: 1px solid #ddd;\">\n<h3 style=\"font-size: 1.2em; font-weight:600; margin-bottom: 10px;\">\ud83d\udca1 Papildoma informacija<\/h3>\n<p style=\"background: #f8f9fa; padding: 12px 16px; border-left: 4px solid #0073e6; border-radius: 8px;\">\n \ud83d\udcac \u012e kain\u0105 \u012feina 3 met\u0173 garantija ir nemokamas techninis aptarnavimas kart\u0105 per metus vis\u0105 garantijos laikotarp\u012f.\n  <\/p>\n<\/div>\n","protected":false},"featured_media":152670,"template":"","meta":{"_acf_changed":false},"product_brand":[],"product_cat":[1148],"product_tag":[],"class_list":{"0":"post-149020","1":"product","2":"type-product","3":"status-publish","4":"has-post-thumbnail","6":"product_cat-pradedantys-pistoletai","8":"first","9":"outofstock","10":"taxable","11":"shipping-taxable","12":"purchasable","13":"product-type-simple"},"acf":[],"_links":{"self":[{"href":"https:\/\/kingarms.ee\/lt\/wp-json\/wp\/v2\/product\/149020","targetHints":{"allow":["GET"]}}],"collection":[{"href":"https:\/\/kingarms.ee\/lt\/wp-json\/wp\/v2\/product"}],"about":[{"href":"https:\/\/kingarms.ee\/lt\/wp-json\/wp\/v2\/types\/product"}],"wp:featuredmedia":[{"embeddable":true,"href":"https:\/\/kingarms.ee\/lt\/wp-json\/wp\/v2\/media\/152670"}],"wp:attachment":[{"href":"https:\/\/kingarms.ee\/lt\/wp-json\/wp\/v2\/media?parent=149020"}],"wp:term":[{"taxonomy":"product_brand","embeddable":true,"href":"https:\/\/kingarms.ee\/lt\/wp-json\/wp\/v2\/product_brand?post=149020"},{"taxonomy":"product_cat","embeddable":true,"href":"https:\/\/kingarms.ee\/lt\/wp-json\/wp\/v2\/product_cat?post=149020"},{"taxonomy":"product_tag","embeddable":true,"href":"https:\/\/kingarms.ee\/lt\/wp-json\/wp\/v2\/product_tag?post=149020"}],"curies":[{"name":"wp","href":"https:\/\/api.w.org\/{rel}","templated":true}]}}