{"id":149024,"date":"2023-10-17T13:08:34","date_gmt":"2025-05-10T11:07:48","guid":{"rendered":"https:\/\/kingarms.ee\/product\/lankas-sukelti-b10010a-poelang\/"},"modified":"2025-05-10T14:07:48","modified_gmt":"2025-05-10T11:07:48","slug":"lankas-sukelti-b10010a-poelang","status":"publish","type":"product","link":"https:\/\/kingarms.ee\/lt\/product\/lankas-sukelti-b10010a-poelang\/","title":{"rendered":"Lankas sukelti b10010a (Poelang)"},"content":{"rendered":"","protected":false},"excerpt":{"rendered":"<p>Lankas sukelti b10010a (Poelang)<\/p>\n<p>Lankas sukelti b10010a (Poelang)<\/p>\n<p>\u0160is prietaisas naudojamas skland\u017eiai atlaisvinti \u012fjungt\u0105 laid\u0105. Pagrindinis jo prana\u0161umas, palyginti su tradiciniu lanko priver\u017eimo b\u016bdu, yra ta\u0161kinis \u012ftempimo j\u0117gos Taikymas. Pir\u0161tais visada galima juos kitaip u\u017ed\u0117ti ant virvel\u0117s.<\/p>\n","protected":false},"featured_media":130333,"template":"","meta":{"_acf_changed":false},"product_brand":[],"product_cat":[1151,1155],"product_tag":[],"class_list":{"0":"post-149024","1":"product","2":"type-product","3":"status-publish","4":"has-post-thumbnail","6":"product_cat-lankai-ir-skersiniai","7":"product_cat-priedai","9":"first","10":"instock","11":"taxable","12":"shipping-taxable","13":"purchasable","14":"product-type-simple"},"acf":[],"_links":{"self":[{"href":"https:\/\/kingarms.ee\/lt\/wp-json\/wp\/v2\/product\/149024","targetHints":{"allow":["GET"]}}],"collection":[{"href":"https:\/\/kingarms.ee\/lt\/wp-json\/wp\/v2\/product"}],"about":[{"href":"https:\/\/kingarms.ee\/lt\/wp-json\/wp\/v2\/types\/product"}],"wp:featuredmedia":[{"embeddable":true,"href":"https:\/\/kingarms.ee\/lt\/wp-json\/wp\/v2\/media\/130333"}],"wp:attachment":[{"href":"https:\/\/kingarms.ee\/lt\/wp-json\/wp\/v2\/media?parent=149024"}],"wp:term":[{"taxonomy":"product_brand","embeddable":true,"href":"https:\/\/kingarms.ee\/lt\/wp-json\/wp\/v2\/product_brand?post=149024"},{"taxonomy":"product_cat","embeddable":true,"href":"https:\/\/kingarms.ee\/lt\/wp-json\/wp\/v2\/product_cat?post=149024"},{"taxonomy":"product_tag","embeddable":true,"href":"https:\/\/kingarms.ee\/lt\/wp-json\/wp\/v2\/product_tag?post=149024"}],"curies":[{"name":"wp","href":"https:\/\/api.w.org\/{rel}","templated":true}]}}