{"id":149026,"date":"2023-10-17T13:02:55","date_gmt":"2023-10-17T10:02:55","guid":{"rendered":"https:\/\/kingarms.ee\/product\/bow-ek-korigan\/"},"modified":"2025-05-10T14:13:06","modified_gmt":"2025-05-10T11:13:06","slug":"bow-ek-korigan","status":"publish","type":"product","link":"https:\/\/kingarms.ee\/lt\/product\/bow-ek-korigan\/","title":{"rendered":"Bow Ek Korigan"},"content":{"rendered":"","protected":false},"excerpt":{"rendered":"<p>Bow Ek Korigan<\/p>\n<p>klasikinis lankas (Ek korrigan)<\/p>\n<p>Klasikinis juodas Poe Lang Korrigan lankas buvo skirtas pradedantiesiems \u0161audymo i\u0161 lanko studentams, ypa\u010d vaikams ir paaugliams.<\/p>\n<p>Stiklo pluo\u0161to strypai var\u017etais buvo pritvirtinti prie kukur\u016bz\u0173 strypo, pagaminto i\u0161 patvaraus plastiko. D\u0117l \u0161io priedo visas komplektas gali b\u016bti sulankstytas ir patogiai transportuojamas. D\u0117l kont\u016bruotos rankenos \u0160audymas i\u0161 lanko yra patogus ir tikslus. Lanko ilgis buvo matuojamas su pritvirtinta virvele.<\/p>\n<p>Rank\u0173 forma yra pagr\u012fsta didelio na\u0161umo olimpini\u0173 lank\u0173 forma. Korriganas gali b\u016bti pirmasis \u017eingsnis link klasikinio \u0161audymo i\u0161 lanko. Stygos stiprumas ir ilgis Idealiai tinka mokytis \u0161audyti.<\/p>\n<p>\u012etraukti priedai leid\u017eia nedelsiant prad\u0117ti \u0161audymo i\u0161 lanko nuotykius.<\/p>\n","protected":false},"featured_media":130326,"template":"","meta":{"_acf_changed":false},"product_brand":[],"product_cat":[1156,1151],"product_tag":[],"class_list":{"0":"post-149026","1":"product","2":"type-product","3":"status-publish","4":"has-post-thumbnail","6":"product_cat-lankai","7":"product_cat-lankai-ir-skersiniai","9":"first","10":"instock","11":"taxable","12":"shipping-taxable","13":"purchasable","14":"product-type-simple"},"acf":[],"_links":{"self":[{"href":"https:\/\/kingarms.ee\/lt\/wp-json\/wp\/v2\/product\/149026","targetHints":{"allow":["GET"]}}],"collection":[{"href":"https:\/\/kingarms.ee\/lt\/wp-json\/wp\/v2\/product"}],"about":[{"href":"https:\/\/kingarms.ee\/lt\/wp-json\/wp\/v2\/types\/product"}],"wp:featuredmedia":[{"embeddable":true,"href":"https:\/\/kingarms.ee\/lt\/wp-json\/wp\/v2\/media\/130326"}],"wp:attachment":[{"href":"https:\/\/kingarms.ee\/lt\/wp-json\/wp\/v2\/media?parent=149026"}],"wp:term":[{"taxonomy":"product_brand","embeddable":true,"href":"https:\/\/kingarms.ee\/lt\/wp-json\/wp\/v2\/product_brand?post=149026"},{"taxonomy":"product_cat","embeddable":true,"href":"https:\/\/kingarms.ee\/lt\/wp-json\/wp\/v2\/product_cat?post=149026"},{"taxonomy":"product_tag","embeddable":true,"href":"https:\/\/kingarms.ee\/lt\/wp-json\/wp\/v2\/product_tag?post=149026"}],"curies":[{"name":"wp","href":"https:\/\/api.w.org\/{rel}","templated":true}]}}