{"id":149028,"date":"2023-10-17T12:55:03","date_gmt":"2025-05-10T11:16:55","guid":{"rendered":"https:\/\/kingarms.ee\/product\/11-mm-optikos-istorijos\/"},"modified":"2025-05-10T14:16:55","modified_gmt":"2025-05-10T11:16:55","slug":"11-mm-optikos-istorijos","status":"publish","type":"product","link":"https:\/\/kingarms.ee\/lt\/product\/11-mm-optikos-istorijos\/","title":{"rendered":"11 mm optikos istorijos"},"content":{"rendered":"","protected":false},"excerpt":{"rendered":"<p>11 mm optikos istorijos<\/p>\n<p>11 milimetr\u0173 b\u0117gis buvo sukurtas tam, kad prie\u0161 \u0161audant b\u016bt\u0173 lengva \u012fvertinti teising\u0105 \u0161autuvo pad\u0117t\u012f.<\/p>\n<p>Sukurtas korpusas pagamintas i\u0161 patvaraus anoduoto aliuminio, kuris yra atsparus oro s\u0105lygoms ir \u012fbr\u0117\u017eimams. Ai\u0161kus atskaitos ta\u0161kas leid\u017eia greitai patikrinti ginklo pad\u0117t\u012f prie\u0161 \u0161audant, prakti\u0161kai nenuleid\u017eiant aki\u0173 nuo taikinio. Lengvas ir kompakti\u0161kas dizainas neturi \u012ftakos ginklo svoriui ar mobilumui. Lengvas ir kompakti\u0161kas dizainas neturi \u012ftakos ginklo svoriui ar mobilumui.<\/p>\n<p>Takeliai yra itin naudingas \u0161aunam\u0173j\u0173 ir pneumatini\u0173 ginkl\u0173 priedas, leid\u017eiantis lengviau nustatyti \u0161autuv\u0105 idealioje pad\u0117tyje ir suprojektuoti teising\u0105 \u0161audymo pad\u0117t\u012f, o tai daro did\u017eiul\u0119 \u012ftak\u0105 \u0161audom\u0173 \u0161\u016bvi\u0173 tikslumui ir tikslumui.<\/p>\n","protected":false},"featured_media":130309,"template":"","meta":{"_acf_changed":false},"product_brand":[],"product_cat":[1203,1170,1168],"product_tag":[],"class_list":{"0":"post-149028","1":"product","2":"type-product","3":"status-publish","4":"has-post-thumbnail","6":"product_cat-airsoft-zvilgsniai-ir-ziedai","7":"product_cat-priedai-lt","8":"product_cat-tvirtinimo-detales","10":"first","11":"instock","12":"taxable","13":"shipping-taxable","14":"purchasable","15":"product-type-simple"},"acf":[],"_links":{"self":[{"href":"https:\/\/kingarms.ee\/lt\/wp-json\/wp\/v2\/product\/149028","targetHints":{"allow":["GET"]}}],"collection":[{"href":"https:\/\/kingarms.ee\/lt\/wp-json\/wp\/v2\/product"}],"about":[{"href":"https:\/\/kingarms.ee\/lt\/wp-json\/wp\/v2\/types\/product"}],"wp:featuredmedia":[{"embeddable":true,"href":"https:\/\/kingarms.ee\/lt\/wp-json\/wp\/v2\/media\/130309"}],"wp:attachment":[{"href":"https:\/\/kingarms.ee\/lt\/wp-json\/wp\/v2\/media?parent=149028"}],"wp:term":[{"taxonomy":"product_brand","embeddable":true,"href":"https:\/\/kingarms.ee\/lt\/wp-json\/wp\/v2\/product_brand?post=149028"},{"taxonomy":"product_cat","embeddable":true,"href":"https:\/\/kingarms.ee\/lt\/wp-json\/wp\/v2\/product_cat?post=149028"},{"taxonomy":"product_tag","embeddable":true,"href":"https:\/\/kingarms.ee\/lt\/wp-json\/wp\/v2\/product_tag?post=149028"}],"curies":[{"name":"wp","href":"https:\/\/api.w.org\/{rel}","templated":true}]}}