{"id":149030,"date":"2023-10-17T12:22:24","date_gmt":"2025-05-10T11:22:30","guid":{"rendered":"https:\/\/kingarms.ee\/product\/e03r-flighlight-fenix-ribotas-leidimas\/"},"modified":"2025-05-10T14:22:30","modified_gmt":"2025-05-10T11:22:30","slug":"e03r-flighlight-fenix-ribotas-leidimas","status":"publish","type":"product","link":"https:\/\/kingarms.ee\/lt\/product\/e03r-flighlight-fenix-ribotas-leidimas\/","title":{"rendered":"\u201eE03R Flighlight\u201c (\u201eFenix\u201c) ribotas leidimas"},"content":{"rendered":"","protected":false},"excerpt":{"rendered":"<p>\u201eE03R Flighlight\u201c (\u201eFenix\u201c) ribotas leidimas<\/p>\n<p>Feniksas e03r yra itin kompakti\u0161kas EDC (every day carry) \u017eibintuv\u0117lis, kurio matmenys 47 * 24 * 12 mm, tinkamas ne\u0161iotis ki\u0161en\u0117je, rakt\u0173 ry\u0161ulyje ir rankin\u0117je. Tai lempa su baltais ir raudonais LED elementais ir yra tiesiogiai \u012fkraunama per standartin\u012f USB lizd\u0105. Pati lempa turi greit\u0105 USB-C s\u0105saj\u0105. I\u0161 viso galimi keturi baltos \u0161viesos intensyvumai ir du raudonos \u0161viesos re\u017eimai. Esant maksimaliam 260lm \u0161viesos intensyvumui, e03r \u0161viesos srauto diapazonas yra iki 42 metr\u0173. Esant minimaliam 5lm \u0161viesos intensyvumui, lempa veikia vienu akumuliatoriaus \u012fkrovimu iki 18 valand\u0173 i\u0161 eil\u0117s. Feniksas e03r turi IP66 apsaugos klas\u0119 ir buvo i\u0161bandytas su 1m atsparumu sm\u016bgiams. E03r korpusas pagamintas tik i\u0161 metalo ir jame yra Metalinis maitinimo jungiklis, \u012fleistas \u012f korpus\u0105. 200 mAh li\u010dio polimero baterija yra \u012fmontuota \u012f lemp\u0105. Be to, lempoje yra savaiminio perjungimo apsaugos fiksavimo funkcija ir akumuliatoriaus \u012fkrovos lygio indikatorius. Jei jums reikia ma\u017eos, bet didel\u0117s \u0161viesos tiesioginio \u012fkrovimo rakt\u0173 pakabuko tipo lempos, Feniksas e03r kaip tik Jums.<\/p>\n<p>&nbsp;<\/p>\n","protected":false},"featured_media":130293,"template":"","meta":{"_acf_changed":false},"product_brand":[],"product_cat":[1173],"product_tag":[],"class_list":{"0":"post-149030","1":"product","2":"type-product","3":"status-publish","4":"has-post-thumbnail","6":"product_cat-zibintuvelis","8":"first","9":"instock","10":"taxable","11":"shipping-taxable","12":"purchasable","13":"product-type-simple"},"acf":[],"_links":{"self":[{"href":"https:\/\/kingarms.ee\/lt\/wp-json\/wp\/v2\/product\/149030","targetHints":{"allow":["GET"]}}],"collection":[{"href":"https:\/\/kingarms.ee\/lt\/wp-json\/wp\/v2\/product"}],"about":[{"href":"https:\/\/kingarms.ee\/lt\/wp-json\/wp\/v2\/types\/product"}],"wp:featuredmedia":[{"embeddable":true,"href":"https:\/\/kingarms.ee\/lt\/wp-json\/wp\/v2\/media\/130293"}],"wp:attachment":[{"href":"https:\/\/kingarms.ee\/lt\/wp-json\/wp\/v2\/media?parent=149030"}],"wp:term":[{"taxonomy":"product_brand","embeddable":true,"href":"https:\/\/kingarms.ee\/lt\/wp-json\/wp\/v2\/product_brand?post=149030"},{"taxonomy":"product_cat","embeddable":true,"href":"https:\/\/kingarms.ee\/lt\/wp-json\/wp\/v2\/product_cat?post=149030"},{"taxonomy":"product_tag","embeddable":true,"href":"https:\/\/kingarms.ee\/lt\/wp-json\/wp\/v2\/product_tag?post=149030"}],"curies":[{"name":"wp","href":"https:\/\/api.w.org\/{rel}","templated":true}]}}