{"id":149032,"date":"2023-10-12T14:09:49","date_gmt":"2025-05-10T11:27:24","guid":{"rendered":"https:\/\/kingarms.ee\/product\/apsauginis-kauke-ventigalzonas\/"},"modified":"2025-05-10T14:27:24","modified_gmt":"2025-05-10T11:27:24","slug":"apsauginis-kauke-ventigalzonas","status":"publish","type":"product","link":"https:\/\/kingarms.ee\/lt\/product\/apsauginis-kauke-ventigalzonas\/","title":{"rendered":"Apsauginis kauk\u0117 ventigalzonas"},"content":{"rendered":"<p><img loading=\"lazy\" decoding=\"async\" class=\"alignnone size-medium wp-image-81950\" src=\"https:\/\/kingarms.ee\/wp-content\/uploads\/2023\/10\/1152233930_1.webp-300x200.webp\" alt=\"\" width=\"300\" height=\"200\" srcset=\"https:\/\/kingarms.ee\/wp-content\/uploads\/2023\/10\/1152233930_1.webp-300x200.webp 300w, https:\/\/kingarms.ee\/wp-content\/uploads\/2023\/10\/1152233930_1.webp-1024x682.webp 1024w, https:\/\/kingarms.ee\/wp-content\/uploads\/2023\/10\/1152233930_1.webp-768x512.webp 768w, https:\/\/kingarms.ee\/wp-content\/uploads\/2023\/10\/1152233930_1.webp-1536x1024.webp 1536w, https:\/\/kingarms.ee\/wp-content\/uploads\/2023\/10\/1152233930_1.webp-500x333.webp 500w, https:\/\/kingarms.ee\/wp-content\/uploads\/2023\/10\/1152233930_1.webp-150x100.webp 150w, https:\/\/kingarms.ee\/wp-content\/uploads\/2023\/10\/1152233930_1.webp.webp 2000w\" sizes=\"auto, (max-width: 300px) 100vw, 300px\" \/><\/p>\n","protected":false},"excerpt":{"rendered":"<p>Apsauginis kauk\u0117 ventigalzonas<\/p>\n<p>Apsaugin\u0117 kauk\u0117 Ventus Evo-Greenzone Stalker EVO mask Stalker kauk\u0117 su plonesniu ir labai lengvu Evo edition. Kauk\u0117 pagaminta i\u0161 patvaraus nailono, kuris supa jos i\u0161orin\u0119 dal\u012f, ir tvirto, bet lengvo plieno tinklelio. Viduje, ant skruost\u0173, kauk\u0117 turi malon\u0173 kempin\u0117s tinklelio u\u017epild\u0105, kuris \u017eymiai pagerina naudojimo paprastum\u0105. Tinklelis yra padengtas specialiu laminatu, tod\u0117l jis atsparus oro s\u0105lygoms ir apsaugo nuo r\u016bd\u017ei\u0173. D\u0117l tinklelio tik viduje kauk\u0117 yra lengva ir nereikalauja papildomo modeliavimo. D\u0117l tinklelio tik viduje kauk\u0117 yra lengva ir nereikalauja papildomo modeliavimo. Stabilum\u0105 u\u017etikrina 4 reguliuojami dir\u017eeliai su pla\u010diu centriniu dir\u017eeliu, dengian\u010diu did\u017ei\u0105j\u0105 pakau\u0161io dal\u012f. Pastaba! B\u016bkite atsarg\u016bs d\u0117l BB suskaidymo galimyb\u0117s pataik\u0119 \u012f kauk\u0117s tinklo dal\u012f!<\/p>\n","protected":false},"featured_media":130279,"template":"","meta":{"_acf_changed":false},"product_brand":[],"product_cat":[1215,1213],"product_tag":[],"class_list":{"0":"post-149032","1":"product","2":"type-product","3":"status-publish","4":"has-post-thumbnail","6":"product_cat-be-salmo-tvirtinimo","7":"product_cat-kaukes","9":"first","10":"instock","11":"taxable","12":"shipping-taxable","13":"purchasable","14":"product-type-simple"},"acf":[],"_links":{"self":[{"href":"https:\/\/kingarms.ee\/lt\/wp-json\/wp\/v2\/product\/149032","targetHints":{"allow":["GET"]}}],"collection":[{"href":"https:\/\/kingarms.ee\/lt\/wp-json\/wp\/v2\/product"}],"about":[{"href":"https:\/\/kingarms.ee\/lt\/wp-json\/wp\/v2\/types\/product"}],"wp:featuredmedia":[{"embeddable":true,"href":"https:\/\/kingarms.ee\/lt\/wp-json\/wp\/v2\/media\/130279"}],"wp:attachment":[{"href":"https:\/\/kingarms.ee\/lt\/wp-json\/wp\/v2\/media?parent=149032"}],"wp:term":[{"taxonomy":"product_brand","embeddable":true,"href":"https:\/\/kingarms.ee\/lt\/wp-json\/wp\/v2\/product_brand?post=149032"},{"taxonomy":"product_cat","embeddable":true,"href":"https:\/\/kingarms.ee\/lt\/wp-json\/wp\/v2\/product_cat?post=149032"},{"taxonomy":"product_tag","embeddable":true,"href":"https:\/\/kingarms.ee\/lt\/wp-json\/wp\/v2\/product_tag?post=149032"}],"curies":[{"name":"wp","href":"https:\/\/api.w.org\/{rel}","templated":true}]}}