{"id":149034,"date":"2023-10-12T14:04:46","date_gmt":"2025-05-10T11:33:27","guid":{"rendered":"https:\/\/kingarms.ee\/product\/aap01-assassin-veiksmo-armija\/"},"modified":"2025-05-10T14:33:27","modified_gmt":"2025-05-10T11:33:27","slug":"aap01-assassin-veiksmo-armija","status":"publish","type":"product","link":"https:\/\/kingarms.ee\/lt\/product\/aap01-assassin-veiksmo-armija\/","title":{"rendered":"AAP01 Assassin (veiksmo armija)"},"content":{"rendered":"<p><img loading=\"lazy\" decoding=\"async\" class=\"alignnone size-medium wp-image-81936\" src=\"https:\/\/kingarms.ee\/wp-content\/uploads\/2023\/10\/1152226879_1-300x200.webp\" alt=\"\" width=\"300\" height=\"200\" srcset=\"https:\/\/kingarms.ee\/wp-content\/uploads\/2023\/10\/1152226879_1-300x200.webp 300w, https:\/\/kingarms.ee\/wp-content\/uploads\/2023\/10\/1152226879_1-1024x682.webp 1024w, https:\/\/kingarms.ee\/wp-content\/uploads\/2023\/10\/1152226879_1-768x512.webp 768w, https:\/\/kingarms.ee\/wp-content\/uploads\/2023\/10\/1152226879_1-1536x1024.webp 1536w, https:\/\/kingarms.ee\/wp-content\/uploads\/2023\/10\/1152226879_1-500x333.webp 500w, https:\/\/kingarms.ee\/wp-content\/uploads\/2023\/10\/1152226879_1-150x100.webp 150w, https:\/\/kingarms.ee\/wp-content\/uploads\/2023\/10\/1152226879_1.webp 2000w\" sizes=\"auto, (max-width: 300px) 100vw, 300px\" \/><\/p>\n","protected":false},"excerpt":{"rendered":"<p>AAP01 Assassin (veiksmo armija)<\/p>\n<p>Pistoleto aap01 veiksmo Armijos serija yra vienas originaliausi\u0173 projekt\u0173 airsoft pistolet\u0173 rinkoje. Jei jums nuobodu su M9, 1911 ar G serijos klonais \u2013 &#8220;Assassin&#8221;, b\u016btinai turite j\u012f \u017ei\u016br\u0117ti.<br \/>\nAap01 yra legendinio Ruger stiliaus pistoleto mi\u0161inys su moderniu dizainu ir G17 serijos d\u0117klo suderinamumu. Vir\u0161utiniai ir apatiniai imtuvai pagaminti i\u0161 patvaraus polimero, kuriame yra metaliniai \u012fd\u0117klai darbin\u0117ms dalims.<br \/>\nVir\u0161utiniai ir apatiniai imtuvai pagaminti i\u0161 patvaraus polimero, kuriame yra metaliniai \u012fd\u0117klai darbin\u0117ms dalims. Gaisro keitiklis yra prieinamas po u\u017erakinimo.<br \/>\nCilindro gale yra 14 mm CCV sriegis duslintuvams. Vir\u0161utiniame imtuve taip pat yra gerai matomas \u0161viesolaidinis taikiklis ir Skyl\u0117s pried\u0173 magistral\u0117ms montuoti.<br \/>\nVir\u0161utiniame imtuve taip pat yra gerai matomas \u0161viesolaidinis taikiklis ir Skyl\u0117s pried\u0173 magistral\u0117ms montuoti. D\u0117klo t\u016bryje yra 23 rutuliai.<br \/>\nAap01 tinka Safariland 579 GLS d\u0117klai.<\/p>\n","protected":false},"featured_media":130271,"template":"","meta":{"_acf_changed":false},"product_brand":[],"product_cat":[1137,1138],"product_tag":[],"class_list":{"0":"post-149034","1":"product","2":"type-product","3":"status-publish","4":"has-post-thumbnail","6":"product_cat-airsoft-ginklas","7":"product_cat-airsoft-pistols","9":"first","10":"onbackorder","11":"taxable","12":"shipping-taxable","13":"product-type-simple"},"acf":[],"_links":{"self":[{"href":"https:\/\/kingarms.ee\/lt\/wp-json\/wp\/v2\/product\/149034","targetHints":{"allow":["GET"]}}],"collection":[{"href":"https:\/\/kingarms.ee\/lt\/wp-json\/wp\/v2\/product"}],"about":[{"href":"https:\/\/kingarms.ee\/lt\/wp-json\/wp\/v2\/types\/product"}],"wp:featuredmedia":[{"embeddable":true,"href":"https:\/\/kingarms.ee\/lt\/wp-json\/wp\/v2\/media\/130271"}],"wp:attachment":[{"href":"https:\/\/kingarms.ee\/lt\/wp-json\/wp\/v2\/media?parent=149034"}],"wp:term":[{"taxonomy":"product_brand","embeddable":true,"href":"https:\/\/kingarms.ee\/lt\/wp-json\/wp\/v2\/product_brand?post=149034"},{"taxonomy":"product_cat","embeddable":true,"href":"https:\/\/kingarms.ee\/lt\/wp-json\/wp\/v2\/product_cat?post=149034"},{"taxonomy":"product_tag","embeddable":true,"href":"https:\/\/kingarms.ee\/lt\/wp-json\/wp\/v2\/product_tag?post=149034"}],"curies":[{"name":"wp","href":"https:\/\/api.w.org\/{rel}","templated":true}]}}