{"id":149036,"date":"2023-10-11T14:33:22","date_gmt":"2025-05-10T11:37:28","guid":{"rendered":"https:\/\/kingarms.ee\/product\/kiseninis-peilis-juodas\/"},"modified":"2025-05-10T14:37:28","modified_gmt":"2025-05-10T11:37:28","slug":"kiseninis-peilis-juodas","status":"publish","type":"product","link":"https:\/\/kingarms.ee\/lt\/product\/kiseninis-peilis-juodas\/","title":{"rendered":"Ki\u0161eninis Peilis Juodas"},"content":{"rendered":"<p><img loading=\"lazy\" decoding=\"async\" class=\"alignnone size-medium wp-image-81907\" src=\"https:\/\/kingarms.ee\/wp-content\/uploads\/2023\/10\/1152210280_3-300x200.webp\" alt=\"\" width=\"300\" height=\"200\" srcset=\"https:\/\/kingarms.ee\/wp-content\/uploads\/2023\/10\/1152210280_3-300x200.webp 300w, https:\/\/kingarms.ee\/wp-content\/uploads\/2023\/10\/1152210280_3-768x512.webp 768w, https:\/\/kingarms.ee\/wp-content\/uploads\/2023\/10\/1152210280_3-500x333.webp 500w, https:\/\/kingarms.ee\/wp-content\/uploads\/2023\/10\/1152210280_3-150x100.webp 150w, https:\/\/kingarms.ee\/wp-content\/uploads\/2023\/10\/1152210280_3.webp 800w\" sizes=\"auto, (max-width: 300px) 100vw, 300px\" \/><\/p>\n","protected":false},"excerpt":{"rendered":"<p>Ki\u0161eninis Peilis Juodas<\/p>\n<p>Ma\u017eas ki\u0161eninis peilis, pagamintas i\u0161 vieno 440C ner\u016bdijan\u010dio plieno gabalo. Peilio rankena yra padengta gumine med\u017eiaga, kurios neslystanti tekst\u016bra u\u017etikrina tvirt\u0105 sukibim\u0105. Danga pagaminta i\u0161 identi\u0161kos med\u017eiagos. Komplekte yra Molle laikiklis, pagamintas i\u0161 patvaraus plastiko.<\/p>\n<p>Peilis puikiai papildo i\u0161gyvenimo rinkin\u012f<\/p>\n","protected":false},"featured_media":130251,"template":"","meta":{"_acf_changed":false},"product_brand":[],"product_cat":[1261,1259],"product_tag":[],"class_list":{"0":"post-149036","1":"product","2":"type-product","3":"status-publish","4":"has-post-thumbnail","6":"product_cat-keliones-peiliai","7":"product_cat-peiliai","9":"first","10":"instock","11":"taxable","12":"shipping-taxable","13":"purchasable","14":"product-type-simple"},"acf":[],"_links":{"self":[{"href":"https:\/\/kingarms.ee\/lt\/wp-json\/wp\/v2\/product\/149036","targetHints":{"allow":["GET"]}}],"collection":[{"href":"https:\/\/kingarms.ee\/lt\/wp-json\/wp\/v2\/product"}],"about":[{"href":"https:\/\/kingarms.ee\/lt\/wp-json\/wp\/v2\/types\/product"}],"wp:featuredmedia":[{"embeddable":true,"href":"https:\/\/kingarms.ee\/lt\/wp-json\/wp\/v2\/media\/130251"}],"wp:attachment":[{"href":"https:\/\/kingarms.ee\/lt\/wp-json\/wp\/v2\/media?parent=149036"}],"wp:term":[{"taxonomy":"product_brand","embeddable":true,"href":"https:\/\/kingarms.ee\/lt\/wp-json\/wp\/v2\/product_brand?post=149036"},{"taxonomy":"product_cat","embeddable":true,"href":"https:\/\/kingarms.ee\/lt\/wp-json\/wp\/v2\/product_cat?post=149036"},{"taxonomy":"product_tag","embeddable":true,"href":"https:\/\/kingarms.ee\/lt\/wp-json\/wp\/v2\/product_tag?post=149036"}],"curies":[{"name":"wp","href":"https:\/\/api.w.org\/{rel}","templated":true}]}}