{"id":149041,"date":"2023-10-10T12:58:24","date_gmt":"2025-05-10T12:45:52","guid":{"rendered":"https:\/\/kingarms.ee\/product\/gbb-755-dvigubas-varpas\/"},"modified":"2025-05-10T15:45:52","modified_gmt":"2025-05-10T12:45:52","slug":"gbb-755-dvigubas-varpas","status":"publish","type":"product","link":"https:\/\/kingarms.ee\/lt\/product\/gbb-755-dvigubas-varpas\/","title":{"rendered":"GBB 755 (dvigubas varpas)"},"content":{"rendered":"<p><img loading=\"lazy\" decoding=\"async\" class=\"alignnone size-medium wp-image-81562\" src=\"https:\/\/kingarms.ee\/wp-content\/uploads\/2023\/10\/1152228046_1-300x200.webp\" alt=\"\" width=\"300\" height=\"200\" srcset=\"https:\/\/kingarms.ee\/wp-content\/uploads\/2023\/10\/1152228046_1-300x200.webp 300w, https:\/\/kingarms.ee\/wp-content\/uploads\/2023\/10\/1152228046_1-1024x682.webp 1024w, https:\/\/kingarms.ee\/wp-content\/uploads\/2023\/10\/1152228046_1-768x512.webp 768w, https:\/\/kingarms.ee\/wp-content\/uploads\/2023\/10\/1152228046_1-1536x1024.webp 1536w, https:\/\/kingarms.ee\/wp-content\/uploads\/2023\/10\/1152228046_1-500x333.webp 500w, https:\/\/kingarms.ee\/wp-content\/uploads\/2023\/10\/1152228046_1-150x100.webp 150w, https:\/\/kingarms.ee\/wp-content\/uploads\/2023\/10\/1152228046_1.webp 2000w\" sizes=\"auto, (max-width: 300px) 100vw, 300px\" \/><\/p>\n","protected":false},"excerpt":{"rendered":"<p>GBB 755 (dvigubas varpas)<\/p>\n<p>Gamintojas: dvigubas varpas<\/p>\n<p>Pistoletas MOD. 755 G17 stilius.<br \/>\nDviej\u0173 ton\u0173 spalva.<br \/>\nIlgis 225mm.<br \/>\nSm\u016bgio modelis.<br \/>\nReguliuojamas hopup<br \/>\nVieni\u0161as vaikas<br \/>\n22mm \u010dia po vamzd\u017eiu.<br \/>\nSvoris 840 gr.<\/p>\n<p>I\u0160ORIN\u0116S SAVYB\u0116S:<br \/>\nMetalin\u0117s rog\u0117s<br \/>\nSrieginis metalinis i\u0161orinis vamzdis (12mm).<br \/>\nTechnopolimero korpusas.<br \/>\nPolimeriniai Paminklai.<\/p>\n<p>VIDIN\u0116S SAVYB\u0116S:<br \/>\nMetalo reguliuojamas hopup<br \/>\nMetalinis spyruoklinis kreiptuvas su plienine spyruokle.<br \/>\nTrigeris nustatytas metalo ir plieno.<br \/>\n\u017dalvario vidinis vamzdis.<br \/>\nABS antgalis.<\/p>\n<p>Apimti:<br \/>\nTvirtas ginklo d\u0117klas<br \/>\nKopija.<br \/>\n28bb metalo greengas d\u0117klas<br \/>\nAtsarginis antgalis<\/p>\n","protected":false},"featured_media":130037,"template":"","meta":{"_acf_changed":false},"product_brand":[],"product_cat":[1137,1138],"product_tag":[],"class_list":{"0":"post-149041","1":"product","2":"type-product","3":"status-publish","4":"has-post-thumbnail","6":"product_cat-airsoft-ginklas","7":"product_cat-airsoft-pistols","9":"first","10":"instock","11":"taxable","12":"shipping-taxable","13":"purchasable","14":"product-type-simple"},"acf":[],"_links":{"self":[{"href":"https:\/\/kingarms.ee\/lt\/wp-json\/wp\/v2\/product\/149041","targetHints":{"allow":["GET"]}}],"collection":[{"href":"https:\/\/kingarms.ee\/lt\/wp-json\/wp\/v2\/product"}],"about":[{"href":"https:\/\/kingarms.ee\/lt\/wp-json\/wp\/v2\/types\/product"}],"wp:featuredmedia":[{"embeddable":true,"href":"https:\/\/kingarms.ee\/lt\/wp-json\/wp\/v2\/media\/130037"}],"wp:attachment":[{"href":"https:\/\/kingarms.ee\/lt\/wp-json\/wp\/v2\/media?parent=149041"}],"wp:term":[{"taxonomy":"product_brand","embeddable":true,"href":"https:\/\/kingarms.ee\/lt\/wp-json\/wp\/v2\/product_brand?post=149041"},{"taxonomy":"product_cat","embeddable":true,"href":"https:\/\/kingarms.ee\/lt\/wp-json\/wp\/v2\/product_cat?post=149041"},{"taxonomy":"product_tag","embeddable":true,"href":"https:\/\/kingarms.ee\/lt\/wp-json\/wp\/v2\/product_tag?post=149041"}],"curies":[{"name":"wp","href":"https:\/\/api.w.org\/{rel}","templated":true}]}}