{"id":149047,"date":"2023-10-04T13:55:57","date_gmt":"2025-05-10T13:40:26","guid":{"rendered":"https:\/\/kingarms.ee\/product\/paleidimo-pistoletas-tr34-smugis\/"},"modified":"2025-05-10T16:40:26","modified_gmt":"2025-05-10T13:40:26","slug":"paleidimo-pistoletas-tr34-smugis","status":"publish","type":"product","link":"https:\/\/kingarms.ee\/lt\/product\/paleidimo-pistoletas-tr34-smugis\/","title":{"rendered":"Paleidimo pistoletas TR34 (sm\u016bgis)"},"content":{"rendered":"<p><img loading=\"lazy\" decoding=\"async\" class=\"alignnone size-medium wp-image-81333\" src=\"https:\/\/kingarms.ee\/wp-content\/uploads\/2023\/10\/a7c295f6-8ca2-11eb-8fa0-00155dc1232d_a7c295f7-8ca2-11eb-8fa0-00155dc1232d-300x242.webp\" alt=\"\" width=\"300\" height=\"242\" srcset=\"https:\/\/kingarms.ee\/wp-content\/uploads\/2023\/10\/a7c295f6-8ca2-11eb-8fa0-00155dc1232d_a7c295f7-8ca2-11eb-8fa0-00155dc1232d-300x242.webp 300w, https:\/\/kingarms.ee\/wp-content\/uploads\/2023\/10\/a7c295f6-8ca2-11eb-8fa0-00155dc1232d_a7c295f7-8ca2-11eb-8fa0-00155dc1232d-1024x826.webp 1024w, https:\/\/kingarms.ee\/wp-content\/uploads\/2023\/10\/a7c295f6-8ca2-11eb-8fa0-00155dc1232d_a7c295f7-8ca2-11eb-8fa0-00155dc1232d-768x620.webp 768w, https:\/\/kingarms.ee\/wp-content\/uploads\/2023\/10\/a7c295f6-8ca2-11eb-8fa0-00155dc1232d_a7c295f7-8ca2-11eb-8fa0-00155dc1232d-500x403.webp 500w, https:\/\/kingarms.ee\/wp-content\/uploads\/2023\/10\/a7c295f6-8ca2-11eb-8fa0-00155dc1232d_a7c295f7-8ca2-11eb-8fa0-00155dc1232d-150x121.webp 150w, https:\/\/kingarms.ee\/wp-content\/uploads\/2023\/10\/a7c295f6-8ca2-11eb-8fa0-00155dc1232d_a7c295f7-8ca2-11eb-8fa0-00155dc1232d.webp 1269w\" sizes=\"auto, (max-width: 300px) 100vw, 300px\" \/><\/p>\n","protected":false},"excerpt":{"rendered":"<p>Paleidimo pistoletas TR34 (sm\u016bgis)<\/p>\n<p>Ergonomi\u0161kos formos rankena u\u017etikrina patog\u0173 ir saug\u0173 valdym\u0105. Vieno kamino d\u0117kle telpa iki septyni\u0173 9 mm P. A. K. A. kaset\u0117. Nor\u0117dami i\u0161imti d\u0117kl\u0105, tereikia paspausti atleidimo mygtuk\u0105 ant d\u0117klo, kuris yra ant rankenos.<\/p>\n","protected":false},"featured_media":129973,"template":"","meta":{"_acf_changed":false},"product_brand":[],"product_cat":[1248],"product_tag":[],"class_list":{"0":"post-149047","1":"product","2":"type-product","3":"status-publish","4":"has-post-thumbnail","6":"product_cat-naudotu-produktu","8":"first","9":"instock","10":"taxable","11":"shipping-taxable","12":"purchasable","13":"product-type-simple"},"acf":[],"_links":{"self":[{"href":"https:\/\/kingarms.ee\/lt\/wp-json\/wp\/v2\/product\/149047","targetHints":{"allow":["GET"]}}],"collection":[{"href":"https:\/\/kingarms.ee\/lt\/wp-json\/wp\/v2\/product"}],"about":[{"href":"https:\/\/kingarms.ee\/lt\/wp-json\/wp\/v2\/types\/product"}],"wp:featuredmedia":[{"embeddable":true,"href":"https:\/\/kingarms.ee\/lt\/wp-json\/wp\/v2\/media\/129973"}],"wp:attachment":[{"href":"https:\/\/kingarms.ee\/lt\/wp-json\/wp\/v2\/media?parent=149047"}],"wp:term":[{"taxonomy":"product_brand","embeddable":true,"href":"https:\/\/kingarms.ee\/lt\/wp-json\/wp\/v2\/product_brand?post=149047"},{"taxonomy":"product_cat","embeddable":true,"href":"https:\/\/kingarms.ee\/lt\/wp-json\/wp\/v2\/product_cat?post=149047"},{"taxonomy":"product_tag","embeddable":true,"href":"https:\/\/kingarms.ee\/lt\/wp-json\/wp\/v2\/product_tag?post=149047"}],"curies":[{"name":"wp","href":"https:\/\/api.w.org\/{rel}","templated":true}]}}