{"id":149057,"date":"2023-01-18T18:47:19","date_gmt":"2025-05-10T16:10:58","guid":{"rendered":"https:\/\/kingarms.ee\/product\/imagnetintas-kietos-skrybeles-dirzelio-tvirtinimas-galimas-isukamas-variantas-angelas-sargas\/"},"modified":"2025-05-10T19:10:58","modified_gmt":"2025-05-10T16:10:58","slug":"imagnetintas-kietos-skrybeles-dirzelio-tvirtinimas-galimas-isukamas-variantas-angelas-sargas","status":"publish","type":"product","link":"https:\/\/kingarms.ee\/lt\/product\/imagnetintas-kietos-skrybeles-dirzelio-tvirtinimas-galimas-isukamas-variantas-angelas-sargas\/","title":{"rendered":"\u012emagnetintas kietos skryb\u0117l\u0117s dir\u017eelio tvirtinimas {galimas \u012fsukamas variantas} (Angelas Sargas)"},"content":{"rendered":"<p><img loading=\"lazy\" decoding=\"async\" class=\"alignnone size-full wp-image-73580\" src=\"https:\/\/kingarms.ee\/wp-content\/uploads\/2023\/01\/15056__8060a4_b.jpg\" alt=\"\" width=\"1000\" height=\"1000\" srcset=\"https:\/\/kingarms.ee\/wp-content\/uploads\/2023\/01\/15056__8060a4_b.jpg 1000w, https:\/\/kingarms.ee\/wp-content\/uploads\/2023\/01\/15056__8060a4_b-300x300.jpg 300w, https:\/\/kingarms.ee\/wp-content\/uploads\/2023\/01\/15056__8060a4_b-150x150.jpg 150w, https:\/\/kingarms.ee\/wp-content\/uploads\/2023\/01\/15056__8060a4_b-768x768.jpg 768w, https:\/\/kingarms.ee\/wp-content\/uploads\/2023\/01\/15056__8060a4_b-500x500.jpg 500w\" sizes=\"auto, (max-width: 1000px) 100vw, 1000px\" \/><\/p>\n","protected":false},"excerpt":{"rendered":"<p>Dir\u017eelis tinka visiems \u0161almams, prie\u0161gaisriniams \u0161almams ir apsauginiams \u0161almams.<br \/>\nNaudokite su bet kokiu Elite ir (arba) Mikroerve prietaisu 360 laipsni\u0173 laisv\u0173 rank\u0173 ap\u0161vietimui<br \/>\nMagneti\u0161kai pritvirtina GA \u012ftais\u0105 (- US) prie bet kokio \u0161almo ar apsauginio \u0161almo<br \/>\nPridedamas 2 kartus reguliuojamas magnetinis laikiklis<br \/>\n\u012esigykite papildom\u0173 magnetini\u0173 laikikli\u0173 neribotam universalumui<br \/>\nSuderinamas su Elite ir mikro \u012frenginiais<\/p>\n","protected":false},"featured_media":126837,"template":"","meta":{"_acf_changed":false},"product_brand":[],"product_cat":[1157],"product_tag":[],"class_list":{"0":"post-149057","1":"product","2":"type-product","3":"status-publish","4":"has-post-thumbnail","6":"product_cat-policija-kariuomene","8":"first","9":"instock","10":"taxable","11":"shipping-taxable","12":"purchasable","13":"product-type-simple"},"acf":[],"_links":{"self":[{"href":"https:\/\/kingarms.ee\/lt\/wp-json\/wp\/v2\/product\/149057","targetHints":{"allow":["GET"]}}],"collection":[{"href":"https:\/\/kingarms.ee\/lt\/wp-json\/wp\/v2\/product"}],"about":[{"href":"https:\/\/kingarms.ee\/lt\/wp-json\/wp\/v2\/types\/product"}],"wp:featuredmedia":[{"embeddable":true,"href":"https:\/\/kingarms.ee\/lt\/wp-json\/wp\/v2\/media\/126837"}],"wp:attachment":[{"href":"https:\/\/kingarms.ee\/lt\/wp-json\/wp\/v2\/media?parent=149057"}],"wp:term":[{"taxonomy":"product_brand","embeddable":true,"href":"https:\/\/kingarms.ee\/lt\/wp-json\/wp\/v2\/product_brand?post=149057"},{"taxonomy":"product_cat","embeddable":true,"href":"https:\/\/kingarms.ee\/lt\/wp-json\/wp\/v2\/product_cat?post=149057"},{"taxonomy":"product_tag","embeddable":true,"href":"https:\/\/kingarms.ee\/lt\/wp-json\/wp\/v2\/product_tag?post=149057"}],"curies":[{"name":"wp","href":"https:\/\/api.w.org\/{rel}","templated":true}]}}