{"id":149061,"date":"2023-01-18T18:38:55","date_gmt":"2025-05-11T11:31:58","guid":{"rendered":"https:\/\/kingarms.ee\/product\/magnetinis-dviracio-begio-dirzelio-laikiklis-galimas-isukamas-variantas-angelas-sargas\/"},"modified":"2025-05-11T14:31:58","modified_gmt":"2025-05-11T11:31:58","slug":"magnetinis-dviracio-begio-dirzelio-laikiklis-galimas-isukamas-variantas-angelas-sargas","status":"publish","type":"product","link":"https:\/\/kingarms.ee\/lt\/product\/magnetinis-dviracio-begio-dirzelio-laikiklis-galimas-isukamas-variantas-angelas-sargas\/","title":{"rendered":"Magnetinis dvira\u010dio \/ b\u0117gio dir\u017eelio laikiklis {galimas \u012fsukamas variantas} (Angelas Sargas)"},"content":{"rendered":"<p><img loading=\"lazy\" decoding=\"async\" class=\"alignnone size-full wp-image-73560\" src=\"https:\/\/kingarms.ee\/wp-content\/uploads\/2023\/01\/15669__98f967_b.jpg\" alt=\"\" width=\"1000\" height=\"1000\" srcset=\"https:\/\/kingarms.ee\/wp-content\/uploads\/2023\/01\/15669__98f967_b.jpg 1000w, https:\/\/kingarms.ee\/wp-content\/uploads\/2023\/01\/15669__98f967_b-300x300.jpg 300w, https:\/\/kingarms.ee\/wp-content\/uploads\/2023\/01\/15669__98f967_b-150x150.jpg 150w, https:\/\/kingarms.ee\/wp-content\/uploads\/2023\/01\/15669__98f967_b-768x768.jpg 768w, https:\/\/kingarms.ee\/wp-content\/uploads\/2023\/01\/15669__98f967_b-500x500.jpg 500w\" sizes=\"auto, (max-width: 1000px) 100vw, 1000px\" \/><\/p>\n","protected":false},"excerpt":{"rendered":"<p>Saugiai pritvirtinamas prie bet kokio dvira\u010dio b\u0117gelio \/ lygintuvo ir leid\u017eia lengvai jud\u0117ti \u012f \/ i\u0161.<br \/>\nReguliuojamas Velcro dir\u017eelis<br \/>\nItin stiprus neodimio magnetinis laikiklis<br \/>\nPridedami papildomi var\u017etai<br \/>\nGuminis laikiklis apa\u010dioje, kad b\u016bt\u0173 maksimalus universalumas<br \/>\nSuderinamas su Elite ir mikro \u012frenginiais<\/p>\n","protected":false},"featured_media":132052,"template":"","meta":{"_acf_changed":false},"product_brand":[],"product_cat":[1157],"product_tag":[],"class_list":{"0":"post-149061","1":"product","2":"type-product","3":"status-publish","4":"has-post-thumbnail","6":"product_cat-policija-kariuomene","8":"first","9":"instock","10":"taxable","11":"shipping-taxable","12":"purchasable","13":"product-type-simple"},"acf":[],"_links":{"self":[{"href":"https:\/\/kingarms.ee\/lt\/wp-json\/wp\/v2\/product\/149061","targetHints":{"allow":["GET"]}}],"collection":[{"href":"https:\/\/kingarms.ee\/lt\/wp-json\/wp\/v2\/product"}],"about":[{"href":"https:\/\/kingarms.ee\/lt\/wp-json\/wp\/v2\/types\/product"}],"wp:featuredmedia":[{"embeddable":true,"href":"https:\/\/kingarms.ee\/lt\/wp-json\/wp\/v2\/media\/132052"}],"wp:attachment":[{"href":"https:\/\/kingarms.ee\/lt\/wp-json\/wp\/v2\/media?parent=149061"}],"wp:term":[{"taxonomy":"product_brand","embeddable":true,"href":"https:\/\/kingarms.ee\/lt\/wp-json\/wp\/v2\/product_brand?post=149061"},{"taxonomy":"product_cat","embeddable":true,"href":"https:\/\/kingarms.ee\/lt\/wp-json\/wp\/v2\/product_cat?post=149061"},{"taxonomy":"product_tag","embeddable":true,"href":"https:\/\/kingarms.ee\/lt\/wp-json\/wp\/v2\/product_tag?post=149061"}],"curies":[{"name":"wp","href":"https:\/\/api.w.org\/{rel}","templated":true}]}}