{"id":149063,"date":"2023-01-18T18:31:24","date_gmt":"2025-05-11T11:35:44","guid":{"rendered":"https:\/\/kingarms.ee\/product\/magnetinis-bel-hardstorm-priedas-galimas-atjungtoje-parinktyje-guardian-angel\/"},"modified":"2025-05-11T14:35:44","modified_gmt":"2025-05-11T11:35:44","slug":"magnetinis-bel-hardstorm-priedas-galimas-atjungtoje-parinktyje-guardian-angel","status":"publish","type":"product","link":"https:\/\/kingarms.ee\/lt\/product\/magnetinis-bel-hardstorm-priedas-galimas-atjungtoje-parinktyje-guardian-angel\/","title":{"rendered":"Magnetinis Bel Hardstorm priedas {Galimas atjungtoje parinktyje} (\u201eGuardian Angel\u201c)"},"content":{"rendered":"<p><img loading=\"lazy\" decoding=\"async\" class=\"alignnone size-full wp-image-73552\" src=\"https:\/\/kingarms.ee\/wp-content\/uploads\/2023\/01\/14068__c9bc32_b.jpg\" alt=\"\" width=\"1000\" height=\"1000\" srcset=\"https:\/\/kingarms.ee\/wp-content\/uploads\/2023\/01\/14068__c9bc32_b.jpg 1000w, https:\/\/kingarms.ee\/wp-content\/uploads\/2023\/01\/14068__c9bc32_b-300x300.jpg 300w, https:\/\/kingarms.ee\/wp-content\/uploads\/2023\/01\/14068__c9bc32_b-150x150.jpg 150w, https:\/\/kingarms.ee\/wp-content\/uploads\/2023\/01\/14068__c9bc32_b-768x768.jpg 768w, https:\/\/kingarms.ee\/wp-content\/uploads\/2023\/01\/14068__c9bc32_b-500x500.jpg 500w\" sizes=\"auto, (max-width: 1000px) 100vw, 1000px\" \/><\/p>\n","protected":false},"excerpt":{"rendered":"<p>Velcro dir\u017eelis su reguliuojamu magnetiniu pagrindu leid\u017eia montuoti \u012frengin\u012f bet kur<br \/>\nVisi\u0161kai integruotas, \u012fmontuotas neodimio ret\u0173j\u0173 \u017eemi\u0173 magnetas<br \/>\nKomplekte yra 21 colio &#8220;Velcro&#8221; dir\u017eelis, kur\u012f galima i\u0161kirpti pagal poreik\u012f (dir\u017eelio plotis yra 0,75&#8243;).<br \/>\nMagnetinis dugno sukibimo Ra\u0161tas apsaugo nuo poslinkio<br \/>\nMagnetinis pagrindas su \u012fmontuota kilpa prietaisui tvirtinti (parduodamas atskirai).<br \/>\nPasirenkamas kietas tvirtinimas naudojant 2-M3 10 mm var\u017etus (pridedama)<br \/>\nSuderinamas su Elite ir Microalise \u012frenginiais<\/p>\n","protected":false},"featured_media":132080,"template":"","meta":{"_acf_changed":false},"product_brand":[],"product_cat":[1157],"product_tag":[],"class_list":{"0":"post-149063","1":"product","2":"type-product","3":"status-publish","4":"has-post-thumbnail","6":"product_cat-policija-kariuomene","8":"first","9":"instock","10":"taxable","11":"shipping-taxable","12":"purchasable","13":"product-type-simple"},"acf":[],"_links":{"self":[{"href":"https:\/\/kingarms.ee\/lt\/wp-json\/wp\/v2\/product\/149063","targetHints":{"allow":["GET"]}}],"collection":[{"href":"https:\/\/kingarms.ee\/lt\/wp-json\/wp\/v2\/product"}],"about":[{"href":"https:\/\/kingarms.ee\/lt\/wp-json\/wp\/v2\/types\/product"}],"wp:featuredmedia":[{"embeddable":true,"href":"https:\/\/kingarms.ee\/lt\/wp-json\/wp\/v2\/media\/132080"}],"wp:attachment":[{"href":"https:\/\/kingarms.ee\/lt\/wp-json\/wp\/v2\/media?parent=149063"}],"wp:term":[{"taxonomy":"product_brand","embeddable":true,"href":"https:\/\/kingarms.ee\/lt\/wp-json\/wp\/v2\/product_brand?post=149063"},{"taxonomy":"product_cat","embeddable":true,"href":"https:\/\/kingarms.ee\/lt\/wp-json\/wp\/v2\/product_cat?post=149063"},{"taxonomy":"product_tag","embeddable":true,"href":"https:\/\/kingarms.ee\/lt\/wp-json\/wp\/v2\/product_tag?post=149063"}],"curies":[{"name":"wp","href":"https:\/\/api.w.org\/{rel}","templated":true}]}}