{"id":149065,"date":"2023-01-18T18:13:08","date_gmt":"2025-05-11T11:40:01","guid":{"rendered":"https:\/\/kingarms.ee\/product\/magnetinio-stabilizatoriaus-spaustuko-laikiklis-galimas-isukamas-variantas-angelas-sargas\/"},"modified":"2025-05-11T14:40:01","modified_gmt":"2025-05-11T11:40:01","slug":"magnetinio-stabilizatoriaus-spaustuko-laikiklis-galimas-isukamas-variantas-angelas-sargas","status":"publish","type":"product","link":"https:\/\/kingarms.ee\/lt\/product\/magnetinio-stabilizatoriaus-spaustuko-laikiklis-galimas-isukamas-variantas-angelas-sargas\/","title":{"rendered":"Magnetinio stabilizatoriaus spaustuko laikiklis {galimas \u012fsukamas variantas} (Angelas Sargas)"},"content":{"rendered":"<p><img loading=\"lazy\" decoding=\"async\" class=\"alignnone size-full wp-image-73526\" src=\"https:\/\/kingarms.ee\/wp-content\/uploads\/2023\/01\/15874__e2bc10_b.jpg\" alt=\"\" width=\"879\" height=\"1000\" srcset=\"https:\/\/kingarms.ee\/wp-content\/uploads\/2023\/01\/15874__e2bc10_b.jpg 879w, https:\/\/kingarms.ee\/wp-content\/uploads\/2023\/01\/15874__e2bc10_b-264x300.jpg 264w, https:\/\/kingarms.ee\/wp-content\/uploads\/2023\/01\/15874__e2bc10_b-768x874.jpg 768w, https:\/\/kingarms.ee\/wp-content\/uploads\/2023\/01\/15874__e2bc10_b-500x569.jpg 500w, https:\/\/kingarms.ee\/wp-content\/uploads\/2023\/01\/15874__e2bc10_b-150x171.jpg 150w\" sizes=\"auto, (max-width: 879px) 100vw, 879px\" \/><\/p>\n","protected":false},"excerpt":{"rendered":"<p>Visi\u0161kai integruotas, \u012fmontuotas neodimio ret\u0173j\u0173 \u017eemi\u0173 magnetas<br \/>\nMagneti\u0161kai prisitvirtina prie bet kurio Angelo Sargo prietaiso<br \/>\nGalima pritvirtinti prie bet kurio \u012frenginio naudojant 2 var\u017etus<br \/>\nTvirtas spaustukas tvirtai pritvirtinamas prie bet koki\u0173 drabu\u017ei\u0173<br \/>\nKomplekte yra priekiniai ir galiniai Guminiai stabilizatoriai, kad prietaisas nesisukt\u0173 \u012f priek\u012f arba \u012f \u0161onus.<br \/>\nTinka platesniems nei 1,75 dir\u017eams<br \/>\nSuderinamas su Elite ir mikro \u012frenginiais<\/p>\n","protected":false},"featured_media":132090,"template":"","meta":{"_acf_changed":false},"product_brand":[],"product_cat":[1157],"product_tag":[],"class_list":{"0":"post-149065","1":"product","2":"type-product","3":"status-publish","4":"has-post-thumbnail","6":"product_cat-policija-kariuomene","8":"first","9":"instock","10":"taxable","11":"shipping-taxable","12":"purchasable","13":"product-type-simple"},"acf":[],"_links":{"self":[{"href":"https:\/\/kingarms.ee\/lt\/wp-json\/wp\/v2\/product\/149065","targetHints":{"allow":["GET"]}}],"collection":[{"href":"https:\/\/kingarms.ee\/lt\/wp-json\/wp\/v2\/product"}],"about":[{"href":"https:\/\/kingarms.ee\/lt\/wp-json\/wp\/v2\/types\/product"}],"wp:featuredmedia":[{"embeddable":true,"href":"https:\/\/kingarms.ee\/lt\/wp-json\/wp\/v2\/media\/132090"}],"wp:attachment":[{"href":"https:\/\/kingarms.ee\/lt\/wp-json\/wp\/v2\/media?parent=149065"}],"wp:term":[{"taxonomy":"product_brand","embeddable":true,"href":"https:\/\/kingarms.ee\/lt\/wp-json\/wp\/v2\/product_brand?post=149065"},{"taxonomy":"product_cat","embeddable":true,"href":"https:\/\/kingarms.ee\/lt\/wp-json\/wp\/v2\/product_cat?post=149065"},{"taxonomy":"product_tag","embeddable":true,"href":"https:\/\/kingarms.ee\/lt\/wp-json\/wp\/v2\/product_tag?post=149065"}],"curies":[{"name":"wp","href":"https:\/\/api.w.org\/{rel}","templated":true}]}}