{"id":149067,"date":"2023-01-18T18:03:02","date_gmt":"2025-05-11T11:43:16","guid":{"rendered":"https:\/\/kingarms.ee\/product\/galimas-magnetinis-velcro-isukamas-angelas-sargas\/"},"modified":"2025-05-11T14:43:16","modified_gmt":"2025-05-11T11:43:16","slug":"galimas-magnetinis-velcro-isukamas-angelas-sargas","status":"publish","type":"product","link":"https:\/\/kingarms.ee\/lt\/product\/galimas-magnetinis-velcro-isukamas-angelas-sargas\/","title":{"rendered":"Galimas magnetinis Velcro {\u012fsukamas} (Angelas Sargas)"},"content":{"rendered":"<p><img loading=\"lazy\" decoding=\"async\" class=\"alignnone size-full wp-image-73509\" src=\"https:\/\/kingarms.ee\/wp-content\/uploads\/2023\/01\/15905__57e00c_b.jpg\" alt=\"\" width=\"1000\" height=\"1000\" srcset=\"https:\/\/kingarms.ee\/wp-content\/uploads\/2023\/01\/15905__57e00c_b.jpg 1000w, https:\/\/kingarms.ee\/wp-content\/uploads\/2023\/01\/15905__57e00c_b-300x300.jpg 300w, https:\/\/kingarms.ee\/wp-content\/uploads\/2023\/01\/15905__57e00c_b-150x150.jpg 150w, https:\/\/kingarms.ee\/wp-content\/uploads\/2023\/01\/15905__57e00c_b-768x768.jpg 768w, https:\/\/kingarms.ee\/wp-content\/uploads\/2023\/01\/15905__57e00c_b-500x500.jpg 500w\" sizes=\"auto, (max-width: 1000px) 100vw, 1000px\" \/><\/p>\n","protected":false},"excerpt":{"rendered":"<p><strong>Magnetinis Velcro u\u017esegimas <\/strong><\/p>\n<p>Visi\u0161kai integruotas, \u012fmontuotas neodimio ret\u0173j\u0173 \u017eemi\u0173 magnetas<br \/>\nMagneti\u0161kai prisitvirtina prie bet kurio Angelo Sargo prietaiso<br \/>\nGalima pritvirtinti prie bet kurio \u012frenginio naudojant 2 var\u017etus<br \/>\nApatin\u0117 laikiklio dalis yra padengta tvirtais, 3 m ypa\u010d ilgais velcro kabliukais, kad b\u016bt\u0173 galima pritvirtinti prie bet kokio Velcro kilpos pavir\u0161iaus.<br \/>\nApima papildom\u0105 3m dvigubo u\u017erakto klij\u0173 laikikl\u012f (naudokite vietoj Velcro)<br \/>\nPridedami 3 kartus velcro u\u017esegimai<br \/>\nSuderinamas su Elite ir mikro \u012frenginiais<\/p>\n","protected":false},"featured_media":132077,"template":"","meta":{"_acf_changed":false},"product_brand":[],"product_cat":[1157],"product_tag":[],"class_list":{"0":"post-149067","1":"product","2":"type-product","3":"status-publish","4":"has-post-thumbnail","6":"product_cat-policija-kariuomene","8":"first","9":"instock","10":"taxable","11":"shipping-taxable","12":"purchasable","13":"product-type-simple"},"acf":[],"_links":{"self":[{"href":"https:\/\/kingarms.ee\/lt\/wp-json\/wp\/v2\/product\/149067","targetHints":{"allow":["GET"]}}],"collection":[{"href":"https:\/\/kingarms.ee\/lt\/wp-json\/wp\/v2\/product"}],"about":[{"href":"https:\/\/kingarms.ee\/lt\/wp-json\/wp\/v2\/types\/product"}],"wp:featuredmedia":[{"embeddable":true,"href":"https:\/\/kingarms.ee\/lt\/wp-json\/wp\/v2\/media\/132077"}],"wp:attachment":[{"href":"https:\/\/kingarms.ee\/lt\/wp-json\/wp\/v2\/media?parent=149067"}],"wp:term":[{"taxonomy":"product_brand","embeddable":true,"href":"https:\/\/kingarms.ee\/lt\/wp-json\/wp\/v2\/product_brand?post=149067"},{"taxonomy":"product_cat","embeddable":true,"href":"https:\/\/kingarms.ee\/lt\/wp-json\/wp\/v2\/product_cat?post=149067"},{"taxonomy":"product_tag","embeddable":true,"href":"https:\/\/kingarms.ee\/lt\/wp-json\/wp\/v2\/product_tag?post=149067"}],"curies":[{"name":"wp","href":"https:\/\/api.w.org\/{rel}","templated":true}]}}