{"id":149069,"date":"2023-01-18T17:55:09","date_gmt":"2025-05-11T11:46:03","guid":{"rendered":"https:\/\/kingarms.ee\/product\/magnetinis-picatinny-autobusu-laikiklis-galimas-isukamas-variantas\/"},"modified":"2025-05-11T14:46:03","modified_gmt":"2025-05-11T11:46:03","slug":"magnetinis-picatinny-autobusu-laikiklis-galimas-isukamas-variantas","status":"publish","type":"product","link":"https:\/\/kingarms.ee\/lt\/product\/magnetinis-picatinny-autobusu-laikiklis-galimas-isukamas-variantas\/","title":{"rendered":"Magnetinis Picatinny autobus\u0173 laikiklis {galimas \u012fsukamas variantas}"},"content":{"rendered":"<p><img loading=\"lazy\" decoding=\"async\" class=\"alignnone size-full wp-image-73489\" src=\"https:\/\/kingarms.ee\/wp-content\/uploads\/2023\/01\/15879__c8c68d_b.jpg\" alt=\"\" width=\"457\" height=\"362\" srcset=\"https:\/\/kingarms.ee\/wp-content\/uploads\/2023\/01\/15879__c8c68d_b.jpg 457w, https:\/\/kingarms.ee\/wp-content\/uploads\/2023\/01\/15879__c8c68d_b-300x238.jpg 300w, https:\/\/kingarms.ee\/wp-content\/uploads\/2023\/01\/15879__c8c68d_b-150x119.jpg 150w\" sizes=\"auto, (max-width: 457px) 100vw, 457px\" \/><\/p>\n","protected":false},"excerpt":{"rendered":"<p><strong>Magnetinis Picatinny autobus\u0173 laikiklis<\/strong><\/p>\n<p>Visi\u0161kai integruotas, \u012fmontuotas neodimio ret\u0173j\u0173 \u017eemi\u0173 magnetas<br \/>\nMagneti\u0161kai prisitvirtina prie bet kurio Angelo Sargo prietaiso<br \/>\nGalima pritvirtinti prie bet kurio \u012frenginio naudojant 2 var\u017etus<br \/>\nSukurta, kad tilpt\u0173 bet picatinny stiliaus gele\u017einkeli\u0173 sistema<br \/>\nSuderinamas su Elite ir mikro \u012frenginiais<\/p>\n","protected":false},"featured_media":126797,"template":"","meta":{"_acf_changed":false},"product_brand":[],"product_cat":[1157],"product_tag":[],"class_list":{"0":"post-149069","1":"product","2":"type-product","3":"status-publish","4":"has-post-thumbnail","6":"product_cat-policija-kariuomene","8":"first","9":"instock","10":"taxable","11":"shipping-taxable","12":"purchasable","13":"product-type-simple"},"acf":[],"_links":{"self":[{"href":"https:\/\/kingarms.ee\/lt\/wp-json\/wp\/v2\/product\/149069","targetHints":{"allow":["GET"]}}],"collection":[{"href":"https:\/\/kingarms.ee\/lt\/wp-json\/wp\/v2\/product"}],"about":[{"href":"https:\/\/kingarms.ee\/lt\/wp-json\/wp\/v2\/types\/product"}],"wp:featuredmedia":[{"embeddable":true,"href":"https:\/\/kingarms.ee\/lt\/wp-json\/wp\/v2\/media\/126797"}],"wp:attachment":[{"href":"https:\/\/kingarms.ee\/lt\/wp-json\/wp\/v2\/media?parent=149069"}],"wp:term":[{"taxonomy":"product_brand","embeddable":true,"href":"https:\/\/kingarms.ee\/lt\/wp-json\/wp\/v2\/product_brand?post=149069"},{"taxonomy":"product_cat","embeddable":true,"href":"https:\/\/kingarms.ee\/lt\/wp-json\/wp\/v2\/product_cat?post=149069"},{"taxonomy":"product_tag","embeddable":true,"href":"https:\/\/kingarms.ee\/lt\/wp-json\/wp\/v2\/product_tag?post=149069"}],"curies":[{"name":"wp","href":"https:\/\/api.w.org\/{rel}","templated":true}]}}