{"id":149074,"date":"2023-01-18T17:24:21","date_gmt":"2025-05-11T12:11:39","guid":{"rendered":"https:\/\/kingarms.ee\/product\/magnetinis-kietos-skrybeles-ausiniu-laikiklis-galima-isukti-angelas-sargas\/"},"modified":"2025-05-11T15:11:39","modified_gmt":"2025-05-11T12:11:39","slug":"magnetinis-kietos-skrybeles-ausiniu-laikiklis-galima-isukti-angelas-sargas","status":"publish","type":"product","link":"https:\/\/kingarms.ee\/lt\/product\/magnetinis-kietos-skrybeles-ausiniu-laikiklis-galima-isukti-angelas-sargas\/","title":{"rendered":"Magnetinis kietos skryb\u0117l\u0117s ausini\u0173 laikiklis [galima \u012fsukti] (Angelas Sargas)"},"content":{"rendered":"<p><img loading=\"lazy\" decoding=\"async\" class=\"alignnone size-full wp-image-73432\" src=\"https:\/\/kingarms.ee\/wp-content\/uploads\/2023\/01\/14111__28d7be_b.jpg\" alt=\"\" width=\"905\" height=\"1000\" srcset=\"https:\/\/kingarms.ee\/wp-content\/uploads\/2023\/01\/14111__28d7be_b.jpg 905w, https:\/\/kingarms.ee\/wp-content\/uploads\/2023\/01\/14111__28d7be_b-272x300.jpg 272w, https:\/\/kingarms.ee\/wp-content\/uploads\/2023\/01\/14111__28d7be_b-768x849.jpg 768w, https:\/\/kingarms.ee\/wp-content\/uploads\/2023\/01\/14111__28d7be_b-500x552.jpg 500w, https:\/\/kingarms.ee\/wp-content\/uploads\/2023\/01\/14111__28d7be_b-150x166.jpg 150w\" sizes=\"auto, (max-width: 905px) 100vw, 905px\" \/><\/p>\n","protected":false},"excerpt":{"rendered":"<p><strong>Magnetinis kiet\u0173j\u0173 ausini\u0173 priedas<\/strong><\/p>\n<ul>\n<li>Kietos skryb\u0117l\u0117s saugos \u0161viesos laikiklis<\/li>\n<li>Klipai \u012f \u201eErmuff\u201c lizd\u0105 yra sunkiausios skryb\u0117l\u0117s<\/li>\n<li>Guminis rankenos pagrindo \u012fd\u0117klas<\/li>\n<li>I\u0161siskirti su mirksi strobe \u017eibintai ant j\u016bs\u0173 sunku skryb\u0117l\u0119<\/li>\n<li>Pasirenkamas kietas montavimas naudojant 2-m3 10mm var\u017etus (pridedama)<\/li>\n<li>\u012eskai\u010diuota kilpa, skirta pritvirtinti \u012frenginio priri\u0161im\u0105 (parduodamas atskirai)<\/li>\n<li>Compatible with any Guardian Angel Device for hands-free light<\/li>\n<\/ul>\n","protected":false},"featured_media":126774,"template":"","meta":{"_acf_changed":false},"product_brand":[],"product_cat":[1157],"product_tag":[],"class_list":{"0":"post-149074","1":"product","2":"type-product","3":"status-publish","4":"has-post-thumbnail","6":"product_cat-policija-kariuomene","8":"first","9":"instock","10":"taxable","11":"shipping-taxable","12":"purchasable","13":"product-type-simple"},"acf":[],"_links":{"self":[{"href":"https:\/\/kingarms.ee\/lt\/wp-json\/wp\/v2\/product\/149074","targetHints":{"allow":["GET"]}}],"collection":[{"href":"https:\/\/kingarms.ee\/lt\/wp-json\/wp\/v2\/product"}],"about":[{"href":"https:\/\/kingarms.ee\/lt\/wp-json\/wp\/v2\/types\/product"}],"wp:featuredmedia":[{"embeddable":true,"href":"https:\/\/kingarms.ee\/lt\/wp-json\/wp\/v2\/media\/126774"}],"wp:attachment":[{"href":"https:\/\/kingarms.ee\/lt\/wp-json\/wp\/v2\/media?parent=149074"}],"wp:term":[{"taxonomy":"product_brand","embeddable":true,"href":"https:\/\/kingarms.ee\/lt\/wp-json\/wp\/v2\/product_brand?post=149074"},{"taxonomy":"product_cat","embeddable":true,"href":"https:\/\/kingarms.ee\/lt\/wp-json\/wp\/v2\/product_cat?post=149074"},{"taxonomy":"product_tag","embeddable":true,"href":"https:\/\/kingarms.ee\/lt\/wp-json\/wp\/v2\/product_tag?post=149074"}],"curies":[{"name":"wp","href":"https:\/\/api.w.org\/{rel}","templated":true}]}}