{"id":149087,"date":"2023-01-16T19:10:02","date_gmt":"2025-05-11T12:26:06","guid":{"rendered":"https:\/\/kingarms.ee\/product\/termotoro-su-450-ml-vozhtrovo-m-tac-3\/"},"modified":"2025-05-11T15:26:06","modified_gmt":"2025-05-11T12:26:06","slug":"termotoro-su-450-ml-vozhtrovo-m-tac-3","status":"publish","type":"product","link":"https:\/\/kingarms.ee\/lt\/product\/termotoro-su-450-ml-vozhtrovo-m-tac-3\/","title":{"rendered":"\u201eTermotoro Su 450 ml VozhTrovo\u201c (M-TAC)"},"content":{"rendered":"<p><img loading=\"lazy\" decoding=\"async\" class=\"alignnone size-full wp-image-73218\" src=\"https:\/\/kingarms.ee\/wp-content\/uploads\/2023\/01\/UN-A01-450-1.jpeg\" alt=\"\" width=\"600\" height=\"600\" srcset=\"https:\/\/kingarms.ee\/wp-content\/uploads\/2023\/01\/UN-A01-450-1.jpeg 600w, https:\/\/kingarms.ee\/wp-content\/uploads\/2023\/01\/UN-A01-450-1-300x300.jpeg 300w, https:\/\/kingarms.ee\/wp-content\/uploads\/2023\/01\/UN-A01-450-1-150x150.jpeg 150w, https:\/\/kingarms.ee\/wp-content\/uploads\/2023\/01\/UN-A01-450-1-500x500.jpeg 500w\" sizes=\"auto, (max-width: 600px) 100vw, 600px\" \/><\/p>\n","protected":false},"excerpt":{"rendered":"<p>\u201eM-TAC Valve Thermo Group\u201c YRA PRAKTIN\u0117 IR Maloni Dovana. \u201eModernus IR Stylinas Aksesuaras\u201c, \u201eIslakantis J\u016bs\u0173 G\u0117rimo\u201c temperat\u016bra. Shiluminis puodelis yra Vienodai Tinkas Namams, BIURE, PAIVAIKSKINJIMIMAMS, ISHVEKOMS IR KELION\u0117MS. CLASIC SNAPLELIS IR Droselis Daro geriam\u0105j\u012f G\u0117rim\u0105 Kuo Patogiau, nepurshkiant. Shalti \u017diema JUMS patogu Isgert Kar\u0161tos kavos ir Arbatos, O Kar\u0161tos vasaros v\u0117s\u016bs ir gavinanys g\u0117rimai. Korpusas ir st\u016bmoklis yra pagati ish ner\u016bdijan\u010dio plieno. Ner\u016bdijantis plienas yra stiprus ir patvarus. Joki\u0173 Kvap\u0173 ar Kei\u010dija G\u0117rimo Skon.       <\/p>\n","protected":false},"featured_media":130885,"template":"","meta":{"_acf_changed":false},"product_brand":[],"product_cat":[1263],"product_tag":[],"class_list":{"0":"post-149087","1":"product","2":"type-product","3":"status-publish","4":"has-post-thumbnail","6":"product_cat-kelioniu-prekes","8":"first","9":"instock","10":"taxable","11":"shipping-taxable","12":"purchasable","13":"product-type-simple"},"acf":[],"_links":{"self":[{"href":"https:\/\/kingarms.ee\/lt\/wp-json\/wp\/v2\/product\/149087","targetHints":{"allow":["GET"]}}],"collection":[{"href":"https:\/\/kingarms.ee\/lt\/wp-json\/wp\/v2\/product"}],"about":[{"href":"https:\/\/kingarms.ee\/lt\/wp-json\/wp\/v2\/types\/product"}],"wp:featuredmedia":[{"embeddable":true,"href":"https:\/\/kingarms.ee\/lt\/wp-json\/wp\/v2\/media\/130885"}],"wp:attachment":[{"href":"https:\/\/kingarms.ee\/lt\/wp-json\/wp\/v2\/media?parent=149087"}],"wp:term":[{"taxonomy":"product_brand","embeddable":true,"href":"https:\/\/kingarms.ee\/lt\/wp-json\/wp\/v2\/product_brand?post=149087"},{"taxonomy":"product_cat","embeddable":true,"href":"https:\/\/kingarms.ee\/lt\/wp-json\/wp\/v2\/product_cat?post=149087"},{"taxonomy":"product_tag","embeddable":true,"href":"https:\/\/kingarms.ee\/lt\/wp-json\/wp\/v2\/product_tag?post=149087"}],"curies":[{"name":"wp","href":"https:\/\/api.w.org\/{rel}","templated":true}]}}