{"id":149091,"date":"2023-01-16T18:45:53","date_gmt":"2023-01-16T15:45:53","guid":{"rendered":"https:\/\/kingarms.ee\/product\/individualus-indu-rinkinys-m-tac\/"},"modified":"2025-05-11T15:31:41","modified_gmt":"2025-05-11T12:31:41","slug":"individualus-indu-rinkinys-m-tac","status":"publish","type":"product","link":"https:\/\/kingarms.ee\/lt\/product\/individualus-indu-rinkinys-m-tac\/","title":{"rendered":"Individualus ind\u0173 rinkinys (m-Tac)"},"content":{"rendered":"<p><img loading=\"lazy\" decoding=\"async\" class=\"alignnone size-full wp-image-73193\" src=\"https:\/\/kingarms.ee\/wp-content\/uploads\/2023\/01\/MTC-DM-CS1-1.jpeg\" alt=\"\" width=\"600\" height=\"600\" srcset=\"https:\/\/kingarms.ee\/wp-content\/uploads\/2023\/01\/MTC-DM-CS1-1.jpeg 600w, https:\/\/kingarms.ee\/wp-content\/uploads\/2023\/01\/MTC-DM-CS1-1-300x300.jpeg 300w, https:\/\/kingarms.ee\/wp-content\/uploads\/2023\/01\/MTC-DM-CS1-1-150x150.jpeg 150w, https:\/\/kingarms.ee\/wp-content\/uploads\/2023\/01\/MTC-DM-CS1-1-500x500.jpeg 500w\" sizes=\"auto, (max-width: 600px) 100vw, 600px\" \/><\/p>\n","protected":false},"excerpt":{"rendered":"<p><strong>Individualus patiekal\u0173 rinkinys<\/strong><\/p>\n<p>M-BLSK \u017eenklas individualus reikalavimas rinkinys. \u010cia rasite puodelio \u0161akut\u0119, keptuv\u0119, plok\u0161tel\u0119 ir stalo \u012frankius. Visa tai surenkama \u012f vien\u0105 kompakti\u0161k\u0105 komplekt\u0105 ir neu\u017eima daug vietos. Taikymo sritis-turizmas, Med\u017eiokl\u0117, \u017evejyba.   <\/p>\n","protected":false},"featured_media":126728,"template":"","meta":{"_acf_changed":false},"product_brand":[],"product_cat":[1263],"product_tag":[],"class_list":{"0":"post-149091","1":"product","2":"type-product","3":"status-publish","4":"has-post-thumbnail","6":"product_cat-kelioniu-prekes","8":"first","9":"instock","10":"taxable","11":"shipping-taxable","12":"purchasable","13":"product-type-simple"},"acf":[],"_links":{"self":[{"href":"https:\/\/kingarms.ee\/lt\/wp-json\/wp\/v2\/product\/149091","targetHints":{"allow":["GET"]}}],"collection":[{"href":"https:\/\/kingarms.ee\/lt\/wp-json\/wp\/v2\/product"}],"about":[{"href":"https:\/\/kingarms.ee\/lt\/wp-json\/wp\/v2\/types\/product"}],"wp:featuredmedia":[{"embeddable":true,"href":"https:\/\/kingarms.ee\/lt\/wp-json\/wp\/v2\/media\/126728"}],"wp:attachment":[{"href":"https:\/\/kingarms.ee\/lt\/wp-json\/wp\/v2\/media?parent=149091"}],"wp:term":[{"taxonomy":"product_brand","embeddable":true,"href":"https:\/\/kingarms.ee\/lt\/wp-json\/wp\/v2\/product_brand?post=149091"},{"taxonomy":"product_cat","embeddable":true,"href":"https:\/\/kingarms.ee\/lt\/wp-json\/wp\/v2\/product_cat?post=149091"},{"taxonomy":"product_tag","embeddable":true,"href":"https:\/\/kingarms.ee\/lt\/wp-json\/wp\/v2\/product_tag?post=149091"}],"curies":[{"name":"wp","href":"https:\/\/api.w.org\/{rel}","templated":true}]}}