{"id":149093,"date":"2023-01-16T18:39:58","date_gmt":"2025-05-11T12:34:21","guid":{"rendered":"https:\/\/kingarms.ee\/product\/valgomojo-komplektas-sulankstomas-splitas-m-tac\/"},"modified":"2025-05-11T15:34:21","modified_gmt":"2025-05-11T12:34:21","slug":"valgomojo-komplektas-sulankstomas-splitas-m-tac","status":"publish","type":"product","link":"https:\/\/kingarms.ee\/lt\/product\/valgomojo-komplektas-sulankstomas-splitas-m-tac\/","title":{"rendered":"Valgomojo komplektas sulankstomas Splitas (M-Tac)"},"content":{"rendered":"<p><img loading=\"lazy\" decoding=\"async\" class=\"alignnone size-full wp-image-73184\" src=\"https:\/\/kingarms.ee\/wp-content\/uploads\/2023\/01\/60012035-1.jpeg\" alt=\"\" width=\"600\" height=\"600\" srcset=\"https:\/\/kingarms.ee\/wp-content\/uploads\/2023\/01\/60012035-1.jpeg 600w, https:\/\/kingarms.ee\/wp-content\/uploads\/2023\/01\/60012035-1-300x300.jpeg 300w, https:\/\/kingarms.ee\/wp-content\/uploads\/2023\/01\/60012035-1-150x150.jpeg 150w, https:\/\/kingarms.ee\/wp-content\/uploads\/2023\/01\/60012035-1-500x500.jpeg 500w\" sizes=\"auto, (max-width: 600px) 100vw, 600px\" \/><\/p>\n","protected":false},"excerpt":{"rendered":"<p><strong>Valgomojo komplektas sulankstomas bendras<\/strong><\/p>\n<p>Patogiame sulankstomame m-tac rinkinyje yra visi reikalingi \u012frankiai, kurie ypa\u010d svarb\u016bs keliaujant ar \u017eygiuojant. Komplektas yra kompakti\u0161kas, u\u017eima ma\u017eiausiai vietos, o jo komponentai n\u0117ra prarasti. Sulankstytoje formoje rinkinys yra vienas elementas.  <\/p>\n","protected":false},"featured_media":126726,"template":"","meta":{"_acf_changed":false},"product_brand":[],"product_cat":[1263],"product_tag":[],"class_list":{"0":"post-149093","1":"product","2":"type-product","3":"status-publish","4":"has-post-thumbnail","6":"product_cat-kelioniu-prekes","8":"first","9":"instock","10":"taxable","11":"shipping-taxable","12":"purchasable","13":"product-type-simple"},"acf":[],"_links":{"self":[{"href":"https:\/\/kingarms.ee\/lt\/wp-json\/wp\/v2\/product\/149093","targetHints":{"allow":["GET"]}}],"collection":[{"href":"https:\/\/kingarms.ee\/lt\/wp-json\/wp\/v2\/product"}],"about":[{"href":"https:\/\/kingarms.ee\/lt\/wp-json\/wp\/v2\/types\/product"}],"wp:featuredmedia":[{"embeddable":true,"href":"https:\/\/kingarms.ee\/lt\/wp-json\/wp\/v2\/media\/126726"}],"wp:attachment":[{"href":"https:\/\/kingarms.ee\/lt\/wp-json\/wp\/v2\/media?parent=149093"}],"wp:term":[{"taxonomy":"product_brand","embeddable":true,"href":"https:\/\/kingarms.ee\/lt\/wp-json\/wp\/v2\/product_brand?post=149093"},{"taxonomy":"product_cat","embeddable":true,"href":"https:\/\/kingarms.ee\/lt\/wp-json\/wp\/v2\/product_cat?post=149093"},{"taxonomy":"product_tag","embeddable":true,"href":"https:\/\/kingarms.ee\/lt\/wp-json\/wp\/v2\/product_tag?post=149093"}],"curies":[{"name":"wp","href":"https:\/\/api.w.org\/{rel}","templated":true}]}}