{"id":149095,"date":"2023-01-16T18:33:04","date_gmt":"2025-05-11T12:36:49","guid":{"rendered":"https:\/\/kingarms.ee\/product\/sulankstomas-valgomojo-komplektas-m-tac\/"},"modified":"2025-05-11T15:36:49","modified_gmt":"2025-05-11T12:36:49","slug":"sulankstomas-valgomojo-komplektas-m-tac","status":"publish","type":"product","link":"https:\/\/kingarms.ee\/lt\/product\/sulankstomas-valgomojo-komplektas-m-tac\/","title":{"rendered":"Sulankstomas valgomojo komplektas (M-Tac)"},"content":{"rendered":"<p><img loading=\"lazy\" decoding=\"async\" class=\"alignnone size-full wp-image-73175\" src=\"https:\/\/kingarms.ee\/wp-content\/uploads\/2023\/01\/60011035-1.jpeg\" alt=\"\" width=\"600\" height=\"600\" srcset=\"https:\/\/kingarms.ee\/wp-content\/uploads\/2023\/01\/60011035-1.jpeg 600w, https:\/\/kingarms.ee\/wp-content\/uploads\/2023\/01\/60011035-1-300x300.jpeg 300w, https:\/\/kingarms.ee\/wp-content\/uploads\/2023\/01\/60011035-1-150x150.jpeg 150w, https:\/\/kingarms.ee\/wp-content\/uploads\/2023\/01\/60011035-1-500x500.jpeg 500w\" sizes=\"auto, (max-width: 600px) 100vw, 600px\" \/><\/p>\n","protected":false},"excerpt":{"rendered":"<p><strong>Valgomojo komplektas sulankstomas<\/strong><\/p>\n<p>M-TAC yra funkcionalus kelionini\u0173 stalo \u012franki\u0173 rinkinys, \u012f kur\u012f \u012feina reikalingi \u012frankiai: \u0161auk\u0161tas, \u0161akut\u0117, skardini\u0173 atidarytuvas (buteliams ir konservams). Visa tai surenkama vienu atveju ir atrodo kaip daugiafunkcinis \u012frankis. Daugiafunkcinis \u012frankis maistui.  <\/p>\n","protected":false},"featured_media":126724,"template":"","meta":{"_acf_changed":false},"product_brand":[],"product_cat":[1263],"product_tag":[],"class_list":{"0":"post-149095","1":"product","2":"type-product","3":"status-publish","4":"has-post-thumbnail","6":"product_cat-kelioniu-prekes","8":"first","9":"instock","10":"taxable","11":"shipping-taxable","12":"purchasable","13":"product-type-simple"},"acf":[],"_links":{"self":[{"href":"https:\/\/kingarms.ee\/lt\/wp-json\/wp\/v2\/product\/149095","targetHints":{"allow":["GET"]}}],"collection":[{"href":"https:\/\/kingarms.ee\/lt\/wp-json\/wp\/v2\/product"}],"about":[{"href":"https:\/\/kingarms.ee\/lt\/wp-json\/wp\/v2\/types\/product"}],"wp:featuredmedia":[{"embeddable":true,"href":"https:\/\/kingarms.ee\/lt\/wp-json\/wp\/v2\/media\/126724"}],"wp:attachment":[{"href":"https:\/\/kingarms.ee\/lt\/wp-json\/wp\/v2\/media?parent=149095"}],"wp:term":[{"taxonomy":"product_brand","embeddable":true,"href":"https:\/\/kingarms.ee\/lt\/wp-json\/wp\/v2\/product_brand?post=149095"},{"taxonomy":"product_cat","embeddable":true,"href":"https:\/\/kingarms.ee\/lt\/wp-json\/wp\/v2\/product_cat?post=149095"},{"taxonomy":"product_tag","embeddable":true,"href":"https:\/\/kingarms.ee\/lt\/wp-json\/wp\/v2\/product_tag?post=149095"}],"curies":[{"name":"wp","href":"https:\/\/api.w.org\/{rel}","templated":true}]}}