{"id":149107,"date":"2023-01-16T17:52:48","date_gmt":"2025-05-11T12:47:12","guid":{"rendered":"https:\/\/kingarms.ee\/product\/mato-turistu-vede-lantern-olive-m-tac\/"},"modified":"2025-05-11T15:47:12","modified_gmt":"2025-05-11T12:47:12","slug":"mato-turistu-vede-lantern-olive-m-tac","status":"publish","type":"product","link":"https:\/\/kingarms.ee\/lt\/product\/mato-turistu-vede-lantern-olive-m-tac\/","title":{"rendered":"Mato turist\u0173 ved\u0117 \u201eLantern Olive\u201c (M-TAC)"},"content":{"rendered":"<p><img loading=\"lazy\" decoding=\"async\" class=\"alignnone size-full wp-image-73114\" src=\"https:\/\/kingarms.ee\/wp-content\/uploads\/2023\/01\/MTC-CL280M-OD-1.jpeg\" alt=\"\" width=\"600\" height=\"600\" srcset=\"https:\/\/kingarms.ee\/wp-content\/uploads\/2023\/01\/MTC-CL280M-OD-1.jpeg 600w, https:\/\/kingarms.ee\/wp-content\/uploads\/2023\/01\/MTC-CL280M-OD-1-300x300.jpeg 300w, https:\/\/kingarms.ee\/wp-content\/uploads\/2023\/01\/MTC-CL280M-OD-1-150x150.jpeg 150w, https:\/\/kingarms.ee\/wp-content\/uploads\/2023\/01\/MTC-CL280M-OD-1-500x500.jpeg 500w\" sizes=\"auto, (max-width: 600px) 100vw, 600px\" \/><\/p>\n","protected":false},"excerpt":{"rendered":"<p>Turistinis \u017eibintas yra nepakei\u010diamas asistentas visiems keliautojams, \u017evejams ir med\u017eiotojams. Jo ypating\u0105 \u017eaves\u012f suteikia i\u0161orinis pana\u0161umas \u012f sen\u0105 \u017eibalin\u0119 lemp\u0105, o pieni\u0161kas filtras suteikia mink\u0161t\u0105 i\u0161sklaidyt\u0105 \u0161vies\u0105, kuri nevargina aki\u0173. \u0160viesos diodai yra i\u0161d\u0117styti taip, kad u\u017etikrint\u0173 geriausi\u0105 vienod\u0105 ap\u0161vietim\u0105.<\/p>\n<p>\u017dibintuv\u0117lis veikia su 4 baterijomis (\u012f komplekt\u0105 ne\u012feina). Vir\u0161uje yra dvi metalin\u0117s rankenos, leid\u017eian\u010dios pakabinti \u017eibintuv\u0117l\u012f ir naudoti j\u012f kaip stacionar\u0173 \u0161viesos \u0161altin\u012f.<\/p>\n<p>Lengvas svoris ir kompakti\u0161kas dydis leid\u017eia laisvai ne\u0161iotis \u017eibintuv\u0117l\u012f kuprin\u0117je ar krep\u0161yje. \u0160is priedas bus puikus j\u016bs\u0173 turistin\u0117s \u012frangos priedas.<\/p>\n","protected":false},"featured_media":130849,"template":"","meta":{"_acf_changed":false},"product_brand":[],"product_cat":[1263],"product_tag":[],"class_list":{"0":"post-149107","1":"product","2":"type-product","3":"status-publish","4":"has-post-thumbnail","6":"product_cat-kelioniu-prekes","8":"first","9":"instock","10":"taxable","11":"shipping-taxable","12":"purchasable","13":"product-type-simple"},"acf":[],"_links":{"self":[{"href":"https:\/\/kingarms.ee\/lt\/wp-json\/wp\/v2\/product\/149107","targetHints":{"allow":["GET"]}}],"collection":[{"href":"https:\/\/kingarms.ee\/lt\/wp-json\/wp\/v2\/product"}],"about":[{"href":"https:\/\/kingarms.ee\/lt\/wp-json\/wp\/v2\/types\/product"}],"wp:featuredmedia":[{"embeddable":true,"href":"https:\/\/kingarms.ee\/lt\/wp-json\/wp\/v2\/media\/130849"}],"wp:attachment":[{"href":"https:\/\/kingarms.ee\/lt\/wp-json\/wp\/v2\/media?parent=149107"}],"wp:term":[{"taxonomy":"product_brand","embeddable":true,"href":"https:\/\/kingarms.ee\/lt\/wp-json\/wp\/v2\/product_brand?post=149107"},{"taxonomy":"product_cat","embeddable":true,"href":"https:\/\/kingarms.ee\/lt\/wp-json\/wp\/v2\/product_cat?post=149107"},{"taxonomy":"product_tag","embeddable":true,"href":"https:\/\/kingarms.ee\/lt\/wp-json\/wp\/v2\/product_tag?post=149107"}],"curies":[{"name":"wp","href":"https:\/\/api.w.org\/{rel}","templated":true}]}}