{"id":149109,"date":"2023-01-16T16:01:36","date_gmt":"2025-05-11T12:52:59","guid":{"rendered":"https:\/\/kingarms.ee\/product\/keliones-termosas-1600-ml-alyvuogiu-m-tac\/"},"modified":"2025-05-11T15:52:59","modified_gmt":"2025-05-11T12:52:59","slug":"keliones-termosas-1600-ml-alyvuogiu-m-tac","status":"publish","type":"product","link":"https:\/\/kingarms.ee\/lt\/product\/keliones-termosas-1600-ml-alyvuogiu-m-tac\/","title":{"rendered":"Kelion\u0117s termosas 1600 ml alyvuogi\u0173 (M-TAC)"},"content":{"rendered":"<p><img loading=\"lazy\" decoding=\"async\" class=\"alignnone size-full wp-image-73105\" src=\"https:\/\/kingarms.ee\/wp-content\/uploads\/2023\/01\/UN-G05-1600A-1.jpeg\" alt=\"\" width=\"600\" height=\"600\" srcset=\"https:\/\/kingarms.ee\/wp-content\/uploads\/2023\/01\/UN-G05-1600A-1.jpeg 600w, https:\/\/kingarms.ee\/wp-content\/uploads\/2023\/01\/UN-G05-1600A-1-300x300.jpeg 300w, https:\/\/kingarms.ee\/wp-content\/uploads\/2023\/01\/UN-G05-1600A-1-150x150.jpeg 150w, https:\/\/kingarms.ee\/wp-content\/uploads\/2023\/01\/UN-G05-1600A-1-500x500.jpeg 500w\" sizes=\"auto, (max-width: 600px) 100vw, 600px\" \/><\/p>\n","protected":false},"excerpt":{"rendered":"<p><strong>Kelioni\u0173 termosas<\/strong><\/p>\n<p>Kaip norite jaustis kuo patogiau eidami \u012f lauk\u0105 vasar\u0105 ar \u017eiem\u0105. Didelis m-tas prek\u0117s \u017eenklo termosas yra paprastas ir prakti\u0161kas \u017eygio variantas, kur\u012f galite pasiimti su savimi \u012f i\u0161kyl\u0105, \u017evejyb\u0105, automobil\u012f ar kelion\u0119 su draugais.<\/p>\n<p>Pagaminta i\u0161 auk\u0161tos kokyb\u0117s ner\u016bdijan\u010dio maisto plieno. Dvigubos sienos patikimai i\u0161laiko \u0161ilum\u0105. Termosas u\u017edaromas vakuuminiu dangteliu ir \u012fsukamas \u012f kit\u0105 dangt\u012f, kur\u012f galima naudoti kaip puodel\u012f. Tai u\u017etikrins absoliut\u0173 sandarum\u0105, o j\u016bs\u0173 m\u0117gstamas g\u0117rimas tikrai nei\u0161tek\u0117s.<\/p>\n<p>Vidiniame dangtelyje yra kanalai, skirti pilti pusiau u\u017edaroje b\u016bsenoje. Tai leid\u017eia pilti skyst\u012f visi\u0161kai neatsukant dang\u010dio, o tai taip pat suma\u017eina temperat\u016bros nuostolius eksploatacijos metu.<\/p>\n<p>Patogios \u0161onin\u0117s rankenos yra sulankstomos ir padeda patogiau naudoti. Termos\u0105 taip pat galima ne\u0161ioti ant peties arba rankoje, naudojant mink\u0161tus nuimamus dir\u017eelius.<\/p>\n<p>Su M-Tas termosais kar\u0161ti ir \u0161alti g\u0117rimai i\u0161liks ilg\u0105 laik\u0105. Tai idealiai tinka visai \u0161eimai ar didelei \u012fmonei.<\/p>\n","protected":false},"featured_media":130927,"template":"","meta":{"_acf_changed":false},"product_brand":[],"product_cat":[1263],"product_tag":[],"class_list":{"0":"post-149109","1":"product","2":"type-product","3":"status-publish","4":"has-post-thumbnail","6":"product_cat-kelioniu-prekes","8":"first","9":"instock","10":"taxable","11":"shipping-taxable","12":"purchasable","13":"product-type-simple"},"acf":[],"_links":{"self":[{"href":"https:\/\/kingarms.ee\/lt\/wp-json\/wp\/v2\/product\/149109","targetHints":{"allow":["GET"]}}],"collection":[{"href":"https:\/\/kingarms.ee\/lt\/wp-json\/wp\/v2\/product"}],"about":[{"href":"https:\/\/kingarms.ee\/lt\/wp-json\/wp\/v2\/types\/product"}],"wp:featuredmedia":[{"embeddable":true,"href":"https:\/\/kingarms.ee\/lt\/wp-json\/wp\/v2\/media\/130927"}],"wp:attachment":[{"href":"https:\/\/kingarms.ee\/lt\/wp-json\/wp\/v2\/media?parent=149109"}],"wp:term":[{"taxonomy":"product_brand","embeddable":true,"href":"https:\/\/kingarms.ee\/lt\/wp-json\/wp\/v2\/product_brand?post=149109"},{"taxonomy":"product_cat","embeddable":true,"href":"https:\/\/kingarms.ee\/lt\/wp-json\/wp\/v2\/product_cat?post=149109"},{"taxonomy":"product_tag","embeddable":true,"href":"https:\/\/kingarms.ee\/lt\/wp-json\/wp\/v2\/product_tag?post=149109"}],"curies":[{"name":"wp","href":"https:\/\/api.w.org\/{rel}","templated":true}]}}