{"id":149117,"date":"2023-01-16T14:51:39","date_gmt":"2025-05-11T13:05:01","guid":{"rendered":"https:\/\/kingarms.ee\/product\/emblema-su-ukrainos-herbu-80x50-mm-vertikaliai-m-tac\/"},"modified":"2025-05-11T16:05:01","modified_gmt":"2025-05-11T13:05:01","slug":"emblema-su-ukrainos-herbu-80x50-mm-vertikaliai-m-tac","status":"publish","type":"product","link":"https:\/\/kingarms.ee\/lt\/product\/emblema-su-ukrainos-herbu-80x50-mm-vertikaliai-m-tac\/","title":{"rendered":"Emblema su Ukrainos herbu 80&#215;50 mm vertikaliai (M-TAC)"},"content":{"rendered":"<p><img loading=\"lazy\" decoding=\"async\" class=\"alignnone size-full wp-image-73046\" src=\"https:\/\/kingarms.ee\/wp-content\/uploads\/2023\/01\/51304099-1.jpeg\" alt=\"\" width=\"600\" height=\"600\" srcset=\"https:\/\/kingarms.ee\/wp-content\/uploads\/2023\/01\/51304099-1.jpeg 600w, https:\/\/kingarms.ee\/wp-content\/uploads\/2023\/01\/51304099-1-300x300.jpeg 300w, https:\/\/kingarms.ee\/wp-content\/uploads\/2023\/01\/51304099-1-150x150.jpeg 150w, https:\/\/kingarms.ee\/wp-content\/uploads\/2023\/01\/51304099-1-500x500.jpeg 500w\" sizes=\"auto, (max-width: 600px) 100vw, 600px\" \/><\/p>\n","protected":false},"excerpt":{"rendered":"<p>Ukrainos Herbas<\/p>\n<p>Patriotinis m-tas prek\u0117s \u017eenklo pleistras yra originalus moralinis pleistras, kuris yra nacionalin\u0117s priklausomyb\u0117s po\u017eymis. \u0160is modelis vaizduoja Ukrainos v\u0117liav\u0105 su herbu centre. \u0160vies\u0105 taupantys pleistro elementai \u0161vie\u010dia tamsoje ir pritraukia d\u0117mes\u012f.<\/p>\n<p>Pleistras pagamintas naudojant spalvot\u0105 spausdinim\u0105 naudojant nauj\u0105 technologij\u0105. Tvirtinamas prie drabu\u017ei\u0173, kepuri\u0173, krep\u0161i\u0173 ir kuprini\u0173 su Velcro.<\/p>\n<p>\u0160is pleistras skirtas pakelti moral\u0119 ir paskelbti savininko patriotines vertybes.<\/p>\n","protected":false},"featured_media":126694,"template":"","meta":{"_acf_changed":false},"product_brand":[],"product_cat":[1236],"product_tag":[],"class_list":{"0":"post-149117","1":"product","2":"type-product","3":"status-publish","4":"has-post-thumbnail","6":"product_cat-pleistrai","8":"first","9":"instock","10":"taxable","11":"shipping-taxable","12":"purchasable","13":"product-type-simple"},"acf":[],"_links":{"self":[{"href":"https:\/\/kingarms.ee\/lt\/wp-json\/wp\/v2\/product\/149117","targetHints":{"allow":["GET"]}}],"collection":[{"href":"https:\/\/kingarms.ee\/lt\/wp-json\/wp\/v2\/product"}],"about":[{"href":"https:\/\/kingarms.ee\/lt\/wp-json\/wp\/v2\/types\/product"}],"wp:featuredmedia":[{"embeddable":true,"href":"https:\/\/kingarms.ee\/lt\/wp-json\/wp\/v2\/media\/126694"}],"wp:attachment":[{"href":"https:\/\/kingarms.ee\/lt\/wp-json\/wp\/v2\/media?parent=149117"}],"wp:term":[{"taxonomy":"product_brand","embeddable":true,"href":"https:\/\/kingarms.ee\/lt\/wp-json\/wp\/v2\/product_brand?post=149117"},{"taxonomy":"product_cat","embeddable":true,"href":"https:\/\/kingarms.ee\/lt\/wp-json\/wp\/v2\/product_cat?post=149117"},{"taxonomy":"product_tag","embeddable":true,"href":"https:\/\/kingarms.ee\/lt\/wp-json\/wp\/v2\/product_tag?post=149117"}],"curies":[{"name":"wp","href":"https:\/\/api.w.org\/{rel}","templated":true}]}}