{"id":149119,"date":"2023-01-16T14:46:48","date_gmt":"2025-05-11T13:08:19","guid":{"rendered":"https:\/\/kingarms.ee\/product\/napalmo-m-tac-emblemos-kvapas-m-tac\/"},"modified":"2025-05-11T16:08:19","modified_gmt":"2025-05-11T13:08:19","slug":"napalmo-m-tac-emblemos-kvapas-m-tac","status":"publish","type":"product","link":"https:\/\/kingarms.ee\/lt\/product\/napalmo-m-tac-emblemos-kvapas-m-tac\/","title":{"rendered":"Napalmo (M-TAC) emblemos kvapas (M-TAC)"},"content":{"rendered":"<p><img loading=\"lazy\" decoding=\"async\" class=\"alignnone size-full wp-image-73041\" src=\"https:\/\/kingarms.ee\/wp-content\/uploads\/2023\/01\/51340002-1.jpeg\" alt=\"\" width=\"600\" height=\"600\" srcset=\"https:\/\/kingarms.ee\/wp-content\/uploads\/2023\/01\/51340002-1.jpeg 600w, https:\/\/kingarms.ee\/wp-content\/uploads\/2023\/01\/51340002-1-300x300.jpeg 300w, https:\/\/kingarms.ee\/wp-content\/uploads\/2023\/01\/51340002-1-150x150.jpeg 150w, https:\/\/kingarms.ee\/wp-content\/uploads\/2023\/01\/51340002-1-500x500.jpeg 500w\" sizes=\"auto, (max-width: 600px) 100vw, 600px\" \/><\/p>\n","protected":false},"excerpt":{"rendered":"<p><strong>Napalmo emblemos kvapas<\/strong><\/p>\n<p>Napalmo kvapas i\u0161 M-Tas prek\u0117s \u017eenklo yra auk\u0161tos kokyb\u0117s pleistras su originaliu dizainu. Fraz\u0117 &#8220;a\u0161 myliu napalmo kvap\u0105 ryte&#8221; yra para\u0161yta ant pleistro. Napalmas yra labai pavojingas ginklas, galintis prasiskverbti net \u012f sunkiausiai pasiekiamas vietas. Napalmo pleistro kvapas simboli\u0161kai perteikia \u017eini\u0105, kad&#8221; kada nors \u0161is karas baigsis &#8220;ir galiausiai pajusime&#8221;pergal\u0117s kvap\u0105&#8221;.<\/p>\n<p>Pleistras pagamintas i\u0161 auk\u0161tos kokyb\u0117s ir patvarios Oksfordo med\u017eiagos 190g \/ m, atsparios trin\u010diai ir didel\u0117ms apkrovoms. Tvirtinamas prie drabu\u017ei\u0173, krep\u0161i\u0173, kuprini\u0173 ar \u012frangos su Velcro.<\/p>\n","protected":false},"featured_media":126692,"template":"","meta":{"_acf_changed":false},"product_brand":[],"product_cat":[1236],"product_tag":[],"class_list":{"0":"post-149119","1":"product","2":"type-product","3":"status-publish","4":"has-post-thumbnail","6":"product_cat-pleistrai","8":"first","9":"onbackorder","10":"taxable","11":"shipping-taxable","12":"product-type-simple"},"acf":[],"_links":{"self":[{"href":"https:\/\/kingarms.ee\/lt\/wp-json\/wp\/v2\/product\/149119","targetHints":{"allow":["GET"]}}],"collection":[{"href":"https:\/\/kingarms.ee\/lt\/wp-json\/wp\/v2\/product"}],"about":[{"href":"https:\/\/kingarms.ee\/lt\/wp-json\/wp\/v2\/types\/product"}],"wp:featuredmedia":[{"embeddable":true,"href":"https:\/\/kingarms.ee\/lt\/wp-json\/wp\/v2\/media\/126692"}],"wp:attachment":[{"href":"https:\/\/kingarms.ee\/lt\/wp-json\/wp\/v2\/media?parent=149119"}],"wp:term":[{"taxonomy":"product_brand","embeddable":true,"href":"https:\/\/kingarms.ee\/lt\/wp-json\/wp\/v2\/product_brand?post=149119"},{"taxonomy":"product_cat","embeddable":true,"href":"https:\/\/kingarms.ee\/lt\/wp-json\/wp\/v2\/product_cat?post=149119"},{"taxonomy":"product_tag","embeddable":true,"href":"https:\/\/kingarms.ee\/lt\/wp-json\/wp\/v2\/product_tag?post=149119"}],"curies":[{"name":"wp","href":"https:\/\/api.w.org\/{rel}","templated":true}]}}